{"id":121115,"date":"2025-03-31T03:10:25","date_gmt":"2025-03-31T00:10:25","guid":{"rendered":"https:\/\/shop.rettum.ee\/toode\/225-55r18-continental-premiumcontact-7-98v-elect-fr-cab71\/"},"modified":"2026-03-22T03:07:18","modified_gmt":"2026-03-22T01:07:18","slug":"225-55r18-continental-premiumcontact-7-98v-elect-fr-cab71","status":"publish","type":"product","link":"https:\/\/shop.rettum.ee\/en\/product\/225-55r18-continental-premiumcontact-7-98v-elect-fr-cab71\/","title":{"rendered":"225\/55R18 CONTINENTAL PREMIUMCONTACT 7 98V Elect FR CAB71"},"content":{"rendered":"<p>Avasta Continental PremiumContact 7 98V Elect FR CAB71 \u2013 s\u00f5idu kindlustunne ja esmaklassiline j\u00f5udlus igap\u00e4evasel teel. Rehvi m\u00f5\u00f5tmed 225\/55R18 tagavad ideaalse stabiilsuse ning optimaalse haarduvuse nii m\u00e4rjal kui ka kuivadel teedel. Continental on tuntud oma k\u00f5rge kvaliteedi poolest ning see rehv on loodud pakkuma erakordset pidamiskontrolli ja s\u00f5idumugavust isegi n\u00f5udlikumates oludes.<\/p>\n<p>PremiumContact 7 tehnoloogia tagab t\u00e4pse reageerimise ja \u00fcletamatud p\u00f6\u00f6rlemisomadused ning elektroonilised lahendused lihtsustavad hooldust ja pikendavad rehvi eluiga. Energiat\u00f5hus disain aitab v\u00e4hendada veeretakistust, mis omakorda aitab optimeerida k\u00fctusekulu ja v\u00e4hendada keskkonnajalaj\u00e4lge. <\/p>\n<p>Investeeri oma turvalisusesse ja s\u00f5idu nautimisse \u2013 vali Continental PremiumContact 7 98V Elect FR CAB71 rehvid, mis \u00fchendavad tipptasemel tehnoloogia ning usaldusv\u00e4\u00e4rse j\u00f5udluse, pakkudes Sulle ja Sinu s\u00f5idukile parimat v\u00f5imalikku kaitset ja juhitavust igal teekonnal.<\/p>","protected":false},"excerpt":{"rendered":"<p>Avasta Continental PremiumContact 7 98V Elect FR CAB71 \u2013 s\u00f5idu kindlustunne ja esmaklassiline j\u00f5udlus igap\u00e4evasel teel. Rehvi m\u00f5\u00f5tmed 225\/55R18 tagavad ideaalse stabiilsuse ning optimaalse haarduvuse nii m\u00e4rjal kui ka kuivadel teedel. Continental on tuntud oma k\u00f5rge kvaliteedi poolest ning see rehv on loodud pakkuma erakordset pidamiskontrolli ja s\u00f5idumugavust isegi n\u00f5udlikumates oludes. PremiumContact 7 tehnoloogia tagab [&hellip;]<\/p>\n","protected":false},"featured_media":124864,"template":"","meta":{"site-sidebar-layout":"default","site-content-layout":"","ast-site-content-layout":"","site-content-style":"default","site-sidebar-style":"default","ast-global-header-display":"","ast-banner-title-visibility":"","ast-main-header-display":"","ast-hfb-above-header-display":"","ast-hfb-below-header-display":"","ast-hfb-mobile-header-display":"","site-post-title":"","ast-breadcrumbs-content":"","ast-featured-img":"","footer-sml-layout":"","theme-transparent-header-meta":"","adv-header-id-meta":"","stick-header-meta":"","header-above-stick-meta":"","header-main-stick-meta":"","header-below-stick-meta":"","astra-migrate-meta-layouts":"default","ast-page-background-enabled":"default","ast-page-background-meta":{"desktop":{"background-color":"","background-image":"","background-repeat":"repeat","background-position":"center center","background-size":"auto","background-attachment":"scroll","background-type":"","background-media":"","overlay-type":"","overlay-color":"","overlay-opacity":"","overlay-gradient":""},"tablet":{"background-color":"","background-image":"","background-repeat":"repeat","background-position":"center center","background-size":"auto","background-attachment":"scroll","background-type":"","background-media":"","overlay-type":"","overlay-color":"","overlay-opacity":"","overlay-gradient":""},"mobile":{"background-color":"","background-image":"","background-repeat":"repeat","background-position":"center center","background-size":"auto","background-attachment":"scroll","background-type":"","background-media":"","overlay-type":"","overlay-color":"","overlay-opacity":"","overlay-gradient":""}},"ast-content-background-meta":{"desktop":{"background-color":"var(--ast-global-color-5)","background-image":"","background-repeat":"repeat","background-position":"center center","background-size":"auto","background-attachment":"scroll","background-type":"","background-media":"","overlay-type":"","overlay-color":"","overlay-opacity":"","overlay-gradient":""},"tablet":{"background-color":"var(--ast-global-color-5)","background-image":"","background-repeat":"repeat","background-position":"center center","background-size":"auto","background-attachment":"scroll","background-type":"","background-media":"","overlay-type":"","overlay-color":"","overlay-opacity":"","overlay-gradient":""},"mobile":{"background-color":"var(--ast-global-color-5)","background-image":"","background-repeat":"repeat","background-position":"center center","background-size":"auto","background-attachment":"scroll","background-type":"","background-media":"","overlay-type":"","overlay-color":"","overlay-opacity":"","overlay-gradient":""}}},"product_brand":[],"product_cat":[34225],"product_tag":[],"pa_brand_name":[25035],"class_list":{"0":"post-121115","1":"product","2":"type-product","3":"status-publish","4":"has-post-thumbnail","6":"product_cat-summer-tires-pv","7":"pa_brand_name-continental","8":"desktop-align-left","9":"tablet-align-left","10":"mobile-align-left","12":"first","13":"outofstock","14":"taxable","15":"shipping-taxable","16":"purchasable","17":"product-type-simple"},"_links":{"self":[{"href":"https:\/\/shop.rettum.ee\/en\/wp-json\/wp\/v2\/product\/121115","targetHints":{"allow":["GET"]}}],"collection":[{"href":"https:\/\/shop.rettum.ee\/en\/wp-json\/wp\/v2\/product"}],"about":[{"href":"https:\/\/shop.rettum.ee\/en\/wp-json\/wp\/v2\/types\/product"}],"version-history":[{"count":1,"href":"https:\/\/shop.rettum.ee\/en\/wp-json\/wp\/v2\/product\/121115\/revisions"}],"predecessor-version":[{"id":125479,"href":"https:\/\/shop.rettum.ee\/en\/wp-json\/wp\/v2\/product\/121115\/revisions\/125479"}],"wp:featuredmedia":[{"embeddable":true,"href":"https:\/\/shop.rettum.ee\/en\/wp-json\/wp\/v2\/media\/124864"}],"wp:attachment":[{"href":"https:\/\/shop.rettum.ee\/en\/wp-json\/wp\/v2\/media?parent=121115"}],"wp:term":[{"taxonomy":"product_brand","embeddable":true,"href":"https:\/\/shop.rettum.ee\/en\/wp-json\/wp\/v2\/product_brand?post=121115"},{"taxonomy":"product_cat","embeddable":true,"href":"https:\/\/shop.rettum.ee\/en\/wp-json\/wp\/v2\/product_cat?post=121115"},{"taxonomy":"product_tag","embeddable":true,"href":"https:\/\/shop.rettum.ee\/en\/wp-json\/wp\/v2\/product_tag?post=121115"},{"taxonomy":"pa_brand_name","embeddable":true,"href":"https:\/\/shop.rettum.ee\/en\/wp-json\/wp\/v2\/pa_brand_name?post=121115"}],"curies":[{"name":"wp","href":"https:\/\/api.w.org\/{rel}","templated":true}]}}