{"id":121117,"date":"2025-03-31T03:10:26","date_gmt":"2025-03-31T00:10:26","guid":{"rendered":"https:\/\/shop.rettum.ee\/toode\/235-55r18-continental-premiumcontact-7-100v-elect-fr-cab71\/"},"modified":"2026-03-27T02:47:19","modified_gmt":"2026-03-27T00:47:19","slug":"235-55r18-continental-premiumcontact-7-100v-elect-fr-cab71","status":"publish","type":"product","link":"https:\/\/shop.rettum.ee\/en\/product\/235-55r18-continental-premiumcontact-7-100v-elect-fr-cab71\/","title":{"rendered":"235\/55R18 CONTINENTAL PREMIUMCONTACT 7 100V Elect FR CAB71"},"content":{"rendered":"<p>Continental PremiumContact 7 235\/55R18 100V Elect FR CAB71 on tipptasemel suverehv, mis pakub erakordset s\u00f5iduomadust ja turvalisust. Rehvi disain on loodud tagamaks suurep\u00e4rast haardumist nii m\u00e4rjal kui ka kuival teel, v\u00e4hendades aquaplaning&#8217;i riski ja parandades pidamist. T\u00e4pselt optimeeritud rehvimustrid ja koost\u00f6\u00f6ainete tehnoloogia tagavad stabiilse s\u00f5idu ja t\u00e4pse juhitavuse ka n\u00f5udlikemates s\u00f5idutingimustes.<\/p>\n<p>Sawade m\u00f5\u00f5tmed 235\/55R18 sobivad mitmetele s\u00f5iduautodele, pakkudes tasakaalustatud ja mugavat s\u00f5idukogemust. 100V kiirusklass annab kindlustunde ka suuremadel kiirustel, v\u00f5imaldades nautida sportliku ja samas turvalise s\u00f5idu r\u00f5\u00f5mu. Eriline Elect FR CAB71 versioon toob lisav\u00e4\u00e4rtust disaini ja tehnilise innovatsiooni kaudu, pakkudes s\u00f5idukile parimat v\u00f5imalikku j\u00f5udlust ja k\u00fctuses\u00e4\u00e4stlikkust.<\/p>\n<p>Valides Continental PremiumContact 7, valite rehvide parima kvaliteedi, mis vastab kaasaegse auto n\u00f5uetele ja pakub maksimaalset s\u00f5idumugavust ning -ohutust igal teekonnal.<\/p>","protected":false},"excerpt":{"rendered":"<p>Continental PremiumContact 7 235\/55R18 100V Elect FR CAB71 on tipptasemel suverehv, mis pakub erakordset s\u00f5iduomadust ja turvalisust. Rehvi disain on loodud tagamaks suurep\u00e4rast haardumist nii m\u00e4rjal kui ka kuival teel, v\u00e4hendades aquaplaning&#8217;i riski ja parandades pidamist. T\u00e4pselt optimeeritud rehvimustrid ja koost\u00f6\u00f6ainete tehnoloogia tagavad stabiilse s\u00f5idu ja t\u00e4pse juhitavuse ka n\u00f5udlikemates s\u00f5idutingimustes. Sawade m\u00f5\u00f5tmed 235\/55R18 sobivad [&hellip;]<\/p>\n","protected":false},"featured_media":124864,"template":"","meta":{"site-sidebar-layout":"default","site-content-layout":"","ast-site-content-layout":"","site-content-style":"default","site-sidebar-style":"default","ast-global-header-display":"","ast-banner-title-visibility":"","ast-main-header-display":"","ast-hfb-above-header-display":"","ast-hfb-below-header-display":"","ast-hfb-mobile-header-display":"","site-post-title":"","ast-breadcrumbs-content":"","ast-featured-img":"","footer-sml-layout":"","theme-transparent-header-meta":"","adv-header-id-meta":"","stick-header-meta":"","header-above-stick-meta":"","header-main-stick-meta":"","header-below-stick-meta":"","astra-migrate-meta-layouts":"default","ast-page-background-enabled":"default","ast-page-background-meta":{"desktop":{"background-color":"","background-image":"","background-repeat":"repeat","background-position":"center center","background-size":"auto","background-attachment":"scroll","background-type":"","background-media":"","overlay-type":"","overlay-color":"","overlay-opacity":"","overlay-gradient":""},"tablet":{"background-color":"","background-image":"","background-repeat":"repeat","background-position":"center center","background-size":"auto","background-attachment":"scroll","background-type":"","background-media":"","overlay-type":"","overlay-color":"","overlay-opacity":"","overlay-gradient":""},"mobile":{"background-color":"","background-image":"","background-repeat":"repeat","background-position":"center center","background-size":"auto","background-attachment":"scroll","background-type":"","background-media":"","overlay-type":"","overlay-color":"","overlay-opacity":"","overlay-gradient":""}},"ast-content-background-meta":{"desktop":{"background-color":"var(--ast-global-color-5)","background-image":"","background-repeat":"repeat","background-position":"center center","background-size":"auto","background-attachment":"scroll","background-type":"","background-media":"","overlay-type":"","overlay-color":"","overlay-opacity":"","overlay-gradient":""},"tablet":{"background-color":"var(--ast-global-color-5)","background-image":"","background-repeat":"repeat","background-position":"center center","background-size":"auto","background-attachment":"scroll","background-type":"","background-media":"","overlay-type":"","overlay-color":"","overlay-opacity":"","overlay-gradient":""},"mobile":{"background-color":"var(--ast-global-color-5)","background-image":"","background-repeat":"repeat","background-position":"center center","background-size":"auto","background-attachment":"scroll","background-type":"","background-media":"","overlay-type":"","overlay-color":"","overlay-opacity":"","overlay-gradient":""}}},"product_brand":[],"product_cat":[34225],"product_tag":[],"pa_brand_name":[25035],"class_list":{"0":"post-121117","1":"product","2":"type-product","3":"status-publish","4":"has-post-thumbnail","6":"product_cat-summer-tires-pv","7":"pa_brand_name-continental","8":"desktop-align-left","9":"tablet-align-left","10":"mobile-align-left","12":"first","13":"instock","14":"taxable","15":"shipping-taxable","16":"purchasable","17":"product-type-simple"},"_links":{"self":[{"href":"https:\/\/shop.rettum.ee\/en\/wp-json\/wp\/v2\/product\/121117","targetHints":{"allow":["GET"]}}],"collection":[{"href":"https:\/\/shop.rettum.ee\/en\/wp-json\/wp\/v2\/product"}],"about":[{"href":"https:\/\/shop.rettum.ee\/en\/wp-json\/wp\/v2\/types\/product"}],"version-history":[{"count":1,"href":"https:\/\/shop.rettum.ee\/en\/wp-json\/wp\/v2\/product\/121117\/revisions"}],"predecessor-version":[{"id":125478,"href":"https:\/\/shop.rettum.ee\/en\/wp-json\/wp\/v2\/product\/121117\/revisions\/125478"}],"wp:featuredmedia":[{"embeddable":true,"href":"https:\/\/shop.rettum.ee\/en\/wp-json\/wp\/v2\/media\/124864"}],"wp:attachment":[{"href":"https:\/\/shop.rettum.ee\/en\/wp-json\/wp\/v2\/media?parent=121117"}],"wp:term":[{"taxonomy":"product_brand","embeddable":true,"href":"https:\/\/shop.rettum.ee\/en\/wp-json\/wp\/v2\/product_brand?post=121117"},{"taxonomy":"product_cat","embeddable":true,"href":"https:\/\/shop.rettum.ee\/en\/wp-json\/wp\/v2\/product_cat?post=121117"},{"taxonomy":"product_tag","embeddable":true,"href":"https:\/\/shop.rettum.ee\/en\/wp-json\/wp\/v2\/product_tag?post=121117"},{"taxonomy":"pa_brand_name","embeddable":true,"href":"https:\/\/shop.rettum.ee\/en\/wp-json\/wp\/v2\/pa_brand_name?post=121117"}],"curies":[{"name":"wp","href":"https:\/\/api.w.org\/{rel}","templated":true}]}}