{"id":121118,"date":"2025-03-31T03:10:27","date_gmt":"2025-03-31T00:10:27","guid":{"rendered":"https:\/\/shop.rettum.ee\/toode\/245-35r18-continental-premiumcontact-7-92y-xl-elect-fr-cab72\/"},"modified":"2026-03-22T03:07:19","modified_gmt":"2026-03-22T01:07:19","slug":"245-35r18-continental-premiumcontact-7-92y-xl-elect-fr-cab72","status":"publish","type":"product","link":"https:\/\/shop.rettum.ee\/en\/product\/245-35r18-continental-premiumcontact-7-92y-xl-elect-fr-cab72\/","title":{"rendered":"245\/35R18 CONTINENTAL PREMIUMCONTACT 7 92Y XL Elect FR CAB72"},"content":{"rendered":"<p>245\/35R18 Continental PremiumContact 7 92Y XL Elect FR CAB72 on tipptasemel rehv, mis pakub erakordset s\u00f5iduohutust ja -mugavust. See rehv \u00fchendab kaasaegse disaini ja edumeelsed materjaltehnoloogiad, tagades suurep\u00e4rase haarduvuse nii kuival kui m\u00e4rjal teel. PremiumContact 7 seeria tunnuslik mustritehnoloogia parandab p\u00f6\u00f6rdemomenti ja tagab kindla reageerimise ka n\u00f5udlikes s\u00f5idutingimustes, pakkudes optimaalset stabiilsust ning v\u00e4hendades veoj\u00f5u kaotust kiiresti muutuvates olukordades.<\/p>\n<p>Rehvi m\u00f5\u00f5tmed 245\/35R18 ja 92Y kiirusindeks annavad m\u00e4rku selle domineerivast j\u00f5udlusest ning sportlikust iseloomust. XL versioon v\u00f5imaldab suuremat koormuskandev\u00f5imet, muutes selle ideaalseks nii igap\u00e4evasteks s\u00f5itudeks kui ka n\u00f5udlikemaks man\u00f6\u00f6verdamiseks k\u00f5rge kiirusega. Elect FR CAB72 t\u00e4histab hoolikalt t\u00e4iendatud versiooni, kus on rakendatud uusimaid tehnoloogiaid ohutuse ja s\u00f5iduomaduste parendamiseks.<\/p>\n<p>Valides Continental PremiumContact 7, tagad oma s\u00f5idukile parima v\u00f5imaliku kombinatsiooni innovatsioonist, turvalisusest ja j\u00f5udlusest \u2013 ideaalne partner t\u00e4nap\u00e4evasele s\u00f5idule.<\/p>","protected":false},"excerpt":{"rendered":"<p>245\/35R18 Continental PremiumContact 7 92Y XL Elect FR CAB72 on tipptasemel rehv, mis pakub erakordset s\u00f5iduohutust ja -mugavust. See rehv \u00fchendab kaasaegse disaini ja edumeelsed materjaltehnoloogiad, tagades suurep\u00e4rase haarduvuse nii kuival kui m\u00e4rjal teel. PremiumContact 7 seeria tunnuslik mustritehnoloogia parandab p\u00f6\u00f6rdemomenti ja tagab kindla reageerimise ka n\u00f5udlikes s\u00f5idutingimustes, pakkudes optimaalset stabiilsust ning v\u00e4hendades veoj\u00f5u kaotust [&hellip;]<\/p>\n","protected":false},"featured_media":124864,"template":"","meta":{"site-sidebar-layout":"default","site-content-layout":"","ast-site-content-layout":"","site-content-style":"default","site-sidebar-style":"default","ast-global-header-display":"","ast-banner-title-visibility":"","ast-main-header-display":"","ast-hfb-above-header-display":"","ast-hfb-below-header-display":"","ast-hfb-mobile-header-display":"","site-post-title":"","ast-breadcrumbs-content":"","ast-featured-img":"","footer-sml-layout":"","theme-transparent-header-meta":"","adv-header-id-meta":"","stick-header-meta":"","header-above-stick-meta":"","header-main-stick-meta":"","header-below-stick-meta":"","astra-migrate-meta-layouts":"default","ast-page-background-enabled":"default","ast-page-background-meta":{"desktop":{"background-color":"","background-image":"","background-repeat":"repeat","background-position":"center center","background-size":"auto","background-attachment":"scroll","background-type":"","background-media":"","overlay-type":"","overlay-color":"","overlay-opacity":"","overlay-gradient":""},"tablet":{"background-color":"","background-image":"","background-repeat":"repeat","background-position":"center center","background-size":"auto","background-attachment":"scroll","background-type":"","background-media":"","overlay-type":"","overlay-color":"","overlay-opacity":"","overlay-gradient":""},"mobile":{"background-color":"","background-image":"","background-repeat":"repeat","background-position":"center center","background-size":"auto","background-attachment":"scroll","background-type":"","background-media":"","overlay-type":"","overlay-color":"","overlay-opacity":"","overlay-gradient":""}},"ast-content-background-meta":{"desktop":{"background-color":"var(--ast-global-color-5)","background-image":"","background-repeat":"repeat","background-position":"center center","background-size":"auto","background-attachment":"scroll","background-type":"","background-media":"","overlay-type":"","overlay-color":"","overlay-opacity":"","overlay-gradient":""},"tablet":{"background-color":"var(--ast-global-color-5)","background-image":"","background-repeat":"repeat","background-position":"center center","background-size":"auto","background-attachment":"scroll","background-type":"","background-media":"","overlay-type":"","overlay-color":"","overlay-opacity":"","overlay-gradient":""},"mobile":{"background-color":"var(--ast-global-color-5)","background-image":"","background-repeat":"repeat","background-position":"center center","background-size":"auto","background-attachment":"scroll","background-type":"","background-media":"","overlay-type":"","overlay-color":"","overlay-opacity":"","overlay-gradient":""}}},"product_brand":[],"product_cat":[34225],"product_tag":[],"pa_brand_name":[25035],"class_list":{"0":"post-121118","1":"product","2":"type-product","3":"status-publish","4":"has-post-thumbnail","6":"product_cat-summer-tires-pv","7":"pa_brand_name-continental","8":"desktop-align-left","9":"tablet-align-left","10":"mobile-align-left","12":"first","13":"outofstock","14":"taxable","15":"shipping-taxable","16":"purchasable","17":"product-type-simple"},"_links":{"self":[{"href":"https:\/\/shop.rettum.ee\/en\/wp-json\/wp\/v2\/product\/121118","targetHints":{"allow":["GET"]}}],"collection":[{"href":"https:\/\/shop.rettum.ee\/en\/wp-json\/wp\/v2\/product"}],"about":[{"href":"https:\/\/shop.rettum.ee\/en\/wp-json\/wp\/v2\/types\/product"}],"version-history":[{"count":1,"href":"https:\/\/shop.rettum.ee\/en\/wp-json\/wp\/v2\/product\/121118\/revisions"}],"predecessor-version":[{"id":125476,"href":"https:\/\/shop.rettum.ee\/en\/wp-json\/wp\/v2\/product\/121118\/revisions\/125476"}],"wp:featuredmedia":[{"embeddable":true,"href":"https:\/\/shop.rettum.ee\/en\/wp-json\/wp\/v2\/media\/124864"}],"wp:attachment":[{"href":"https:\/\/shop.rettum.ee\/en\/wp-json\/wp\/v2\/media?parent=121118"}],"wp:term":[{"taxonomy":"product_brand","embeddable":true,"href":"https:\/\/shop.rettum.ee\/en\/wp-json\/wp\/v2\/product_brand?post=121118"},{"taxonomy":"product_cat","embeddable":true,"href":"https:\/\/shop.rettum.ee\/en\/wp-json\/wp\/v2\/product_cat?post=121118"},{"taxonomy":"product_tag","embeddable":true,"href":"https:\/\/shop.rettum.ee\/en\/wp-json\/wp\/v2\/product_tag?post=121118"},{"taxonomy":"pa_brand_name","embeddable":true,"href":"https:\/\/shop.rettum.ee\/en\/wp-json\/wp\/v2\/pa_brand_name?post=121118"}],"curies":[{"name":"wp","href":"https:\/\/api.w.org\/{rel}","templated":true}]}}