{"id":121119,"date":"2025-03-31T03:10:28","date_gmt":"2025-03-31T00:10:28","guid":{"rendered":"https:\/\/shop.rettum.ee\/toode\/245-40r18-continental-premiumcontact-7-97y-xl-elect-fr-cab72\/"},"modified":"2026-03-22T03:07:19","modified_gmt":"2026-03-22T01:07:19","slug":"245-40r18-continental-premiumcontact-7-97y-xl-elect-fr-cab72","status":"publish","type":"product","link":"https:\/\/shop.rettum.ee\/en\/product\/245-40r18-continental-premiumcontact-7-97y-xl-elect-fr-cab72\/","title":{"rendered":"245\/40R18 CONTINENTAL PREMIUMCONTACT 7 97Y XL Elect FR CAB72"},"content":{"rendered":"<p>Continental PremiumContact 7 rehvit\u00fc\u00fcp kaalub sinu s\u00f5iduohutuse ja j\u00f5udluse tasakaalu. Rehvi m\u00f5\u00f5tmed 245\/40R18 vastavad t\u00e4nap\u00e4evastele sportlikele ja luksuslikele s\u00f5idukitele, pakkudes suurep\u00e4rast juhtimiskindlust nii kuivadel kui niisketel teedel. XL-surveindeksoon v\u00f5imaldab rehetoorikal impordil taluda lisakoormust, s\u00e4ilitades samal ajal optimaalse j\u00f5udluse ja vastupidavuse.<\/p>\n<p>Rehvi 97Y kiirusklass tagab k\u00f5rge kiirusv\u00f5ime ning vastab n\u00f5udlikele standarditele, v\u00f5imaldades ohutut s\u00f5itu ka suurematel kiirustel. Continental on tuntud oma innovaatiliste materjalide ja tipptasemel tehnoloogia poolest, mille tulemuseks on l\u00fchikesed pidurdustee ja suurep\u00e4rane haarduvus ka keerulistes ilmastikutingimustes.<\/p>\n<p>PremiumContact 7 on loodud pakkuma erakordset s\u00f5idumugavust ja stabiilsust, toetades turvalist man\u00f6\u00f6verdamist igal kurvil ning pakkudes ka suurep\u00e4rast k\u00fctuses\u00e4\u00e4stlikkust v\u00e4hendatud veeretakistuse kaudu. Valides selle rehvi, valid ennek\u00f5ike kvaliteeti, ohutust ja kaasaegset disaini, mis vastab n\u00f5udlike Eesti teede ja ilmastikuolude vajadustele.<\/p>","protected":false},"excerpt":{"rendered":"<p>Continental PremiumContact 7 rehvit\u00fc\u00fcp kaalub sinu s\u00f5iduohutuse ja j\u00f5udluse tasakaalu. Rehvi m\u00f5\u00f5tmed 245\/40R18 vastavad t\u00e4nap\u00e4evastele sportlikele ja luksuslikele s\u00f5idukitele, pakkudes suurep\u00e4rast juhtimiskindlust nii kuivadel kui niisketel teedel. XL-surveindeksoon v\u00f5imaldab rehetoorikal impordil taluda lisakoormust, s\u00e4ilitades samal ajal optimaalse j\u00f5udluse ja vastupidavuse. Rehvi 97Y kiirusklass tagab k\u00f5rge kiirusv\u00f5ime ning vastab n\u00f5udlikele standarditele, v\u00f5imaldades ohutut s\u00f5itu ka suurematel [&hellip;]<\/p>\n","protected":false},"featured_media":124864,"template":"","meta":{"site-sidebar-layout":"default","site-content-layout":"","ast-site-content-layout":"","site-content-style":"default","site-sidebar-style":"default","ast-global-header-display":"","ast-banner-title-visibility":"","ast-main-header-display":"","ast-hfb-above-header-display":"","ast-hfb-below-header-display":"","ast-hfb-mobile-header-display":"","site-post-title":"","ast-breadcrumbs-content":"","ast-featured-img":"","footer-sml-layout":"","theme-transparent-header-meta":"","adv-header-id-meta":"","stick-header-meta":"","header-above-stick-meta":"","header-main-stick-meta":"","header-below-stick-meta":"","astra-migrate-meta-layouts":"default","ast-page-background-enabled":"default","ast-page-background-meta":{"desktop":{"background-color":"","background-image":"","background-repeat":"repeat","background-position":"center center","background-size":"auto","background-attachment":"scroll","background-type":"","background-media":"","overlay-type":"","overlay-color":"","overlay-opacity":"","overlay-gradient":""},"tablet":{"background-color":"","background-image":"","background-repeat":"repeat","background-position":"center center","background-size":"auto","background-attachment":"scroll","background-type":"","background-media":"","overlay-type":"","overlay-color":"","overlay-opacity":"","overlay-gradient":""},"mobile":{"background-color":"","background-image":"","background-repeat":"repeat","background-position":"center center","background-size":"auto","background-attachment":"scroll","background-type":"","background-media":"","overlay-type":"","overlay-color":"","overlay-opacity":"","overlay-gradient":""}},"ast-content-background-meta":{"desktop":{"background-color":"var(--ast-global-color-5)","background-image":"","background-repeat":"repeat","background-position":"center center","background-size":"auto","background-attachment":"scroll","background-type":"","background-media":"","overlay-type":"","overlay-color":"","overlay-opacity":"","overlay-gradient":""},"tablet":{"background-color":"var(--ast-global-color-5)","background-image":"","background-repeat":"repeat","background-position":"center center","background-size":"auto","background-attachment":"scroll","background-type":"","background-media":"","overlay-type":"","overlay-color":"","overlay-opacity":"","overlay-gradient":""},"mobile":{"background-color":"var(--ast-global-color-5)","background-image":"","background-repeat":"repeat","background-position":"center center","background-size":"auto","background-attachment":"scroll","background-type":"","background-media":"","overlay-type":"","overlay-color":"","overlay-opacity":"","overlay-gradient":""}}},"product_brand":[],"product_cat":[34225],"product_tag":[],"pa_brand_name":[25035],"class_list":{"0":"post-121119","1":"product","2":"type-product","3":"status-publish","4":"has-post-thumbnail","6":"product_cat-summer-tires-pv","7":"pa_brand_name-continental","8":"desktop-align-left","9":"tablet-align-left","10":"mobile-align-left","12":"first","13":"outofstock","14":"taxable","15":"shipping-taxable","16":"purchasable","17":"product-type-simple"},"_links":{"self":[{"href":"https:\/\/shop.rettum.ee\/en\/wp-json\/wp\/v2\/product\/121119","targetHints":{"allow":["GET"]}}],"collection":[{"href":"https:\/\/shop.rettum.ee\/en\/wp-json\/wp\/v2\/product"}],"about":[{"href":"https:\/\/shop.rettum.ee\/en\/wp-json\/wp\/v2\/types\/product"}],"version-history":[{"count":1,"href":"https:\/\/shop.rettum.ee\/en\/wp-json\/wp\/v2\/product\/121119\/revisions"}],"predecessor-version":[{"id":125475,"href":"https:\/\/shop.rettum.ee\/en\/wp-json\/wp\/v2\/product\/121119\/revisions\/125475"}],"wp:featuredmedia":[{"embeddable":true,"href":"https:\/\/shop.rettum.ee\/en\/wp-json\/wp\/v2\/media\/124864"}],"wp:attachment":[{"href":"https:\/\/shop.rettum.ee\/en\/wp-json\/wp\/v2\/media?parent=121119"}],"wp:term":[{"taxonomy":"product_brand","embeddable":true,"href":"https:\/\/shop.rettum.ee\/en\/wp-json\/wp\/v2\/product_brand?post=121119"},{"taxonomy":"product_cat","embeddable":true,"href":"https:\/\/shop.rettum.ee\/en\/wp-json\/wp\/v2\/product_cat?post=121119"},{"taxonomy":"product_tag","embeddable":true,"href":"https:\/\/shop.rettum.ee\/en\/wp-json\/wp\/v2\/product_tag?post=121119"},{"taxonomy":"pa_brand_name","embeddable":true,"href":"https:\/\/shop.rettum.ee\/en\/wp-json\/wp\/v2\/pa_brand_name?post=121119"}],"curies":[{"name":"wp","href":"https:\/\/api.w.org\/{rel}","templated":true}]}}