{"id":121121,"date":"2025-03-31T03:10:30","date_gmt":"2025-03-31T00:10:30","guid":{"rendered":"https:\/\/shop.rettum.ee\/toode\/255-40r18-continental-premiumcontact-7-99y-xl-elect-fr-cab73\/"},"modified":"2026-03-30T02:45:38","modified_gmt":"2026-03-29T23:45:38","slug":"255-40r18-continental-premiumcontact-7-99y-xl-elect-fr-cab73","status":"publish","type":"product","link":"https:\/\/shop.rettum.ee\/en\/product\/255-40r18-continental-premiumcontact-7-99y-xl-elect-fr-cab73\/","title":{"rendered":"255\/40R18 CONTINENTAL PREMIUMCONTACT 7 99Y XL Elect FR CAB73"},"content":{"rendered":"<p>Kontinentaalne Continental PremiumContact 7 255\/40R18 on tippkvaliteediga suverehv, mis tagab \u00fclimalt kindla haardumise nii kuival kui m\u00e4rgal teel. Rehvi kaasaegne disain ja innovatiivsed konstruktsioonilahendused v\u00f5imaldavad saavutada suurep\u00e4rase s\u00f5idumugavuse ja stabiilsuse ka k\u00f5rgkiirusel. Tootenimi annab teada rehvi m\u00f5\u00f5tmetest \u2013 255 mm laius ja 40% k\u00fclgseina k\u00f5rgus, mis sobib ideaalselt 18-tollistele velgedele. <\/p>\n<p>Rehvi 99 kandev\u00f5ime ja Y kiirusklassi tunnused kinnitavad senist k\u00f5rget j\u00f5udlus- ja ohutustaset, v\u00f5imaldades s\u00f5ita kuni 300 km\/h. XL-markering n\u00e4itab, et rehv on disainitud ka t\u00e4iendavalt suuremate koormuste jaoks, pakkudes pikendatud kasutusiga ja maksimaalset vastupidavust. <\/p>\n<p>PremiumContact 7 seeria on v\u00e4lja t\u00f6\u00f6tatud, et pakkuda optimaalset veeretakistuse v\u00e4hendamist ja madalamat m\u00fcrataset, mis muudab s\u00f5idu veelgi sujuvamaks ja \u00f6konoomsemaks. See rehvimudel on ideaalne valik neile, kes hindavad mugavust, turvalisust ja sportlikku s\u00f5idud\u00fcnaamikat igas s\u00f5iduolukorras.<\/p>","protected":false},"excerpt":{"rendered":"<p>Kontinentaalne Continental PremiumContact 7 255\/40R18 on tippkvaliteediga suverehv, mis tagab \u00fclimalt kindla haardumise nii kuival kui m\u00e4rgal teel. Rehvi kaasaegne disain ja innovatiivsed konstruktsioonilahendused v\u00f5imaldavad saavutada suurep\u00e4rase s\u00f5idumugavuse ja stabiilsuse ka k\u00f5rgkiirusel. Tootenimi annab teada rehvi m\u00f5\u00f5tmetest \u2013 255 mm laius ja 40% k\u00fclgseina k\u00f5rgus, mis sobib ideaalselt 18-tollistele velgedele. Rehvi 99 kandev\u00f5ime ja Y [&hellip;]<\/p>\n","protected":false},"featured_media":124864,"template":"","meta":{"site-sidebar-layout":"default","site-content-layout":"","ast-site-content-layout":"","site-content-style":"default","site-sidebar-style":"default","ast-global-header-display":"","ast-banner-title-visibility":"","ast-main-header-display":"","ast-hfb-above-header-display":"","ast-hfb-below-header-display":"","ast-hfb-mobile-header-display":"","site-post-title":"","ast-breadcrumbs-content":"","ast-featured-img":"","footer-sml-layout":"","theme-transparent-header-meta":"","adv-header-id-meta":"","stick-header-meta":"","header-above-stick-meta":"","header-main-stick-meta":"","header-below-stick-meta":"","astra-migrate-meta-layouts":"default","ast-page-background-enabled":"default","ast-page-background-meta":{"desktop":{"background-color":"","background-image":"","background-repeat":"repeat","background-position":"center center","background-size":"auto","background-attachment":"scroll","background-type":"","background-media":"","overlay-type":"","overlay-color":"","overlay-opacity":"","overlay-gradient":""},"tablet":{"background-color":"","background-image":"","background-repeat":"repeat","background-position":"center center","background-size":"auto","background-attachment":"scroll","background-type":"","background-media":"","overlay-type":"","overlay-color":"","overlay-opacity":"","overlay-gradient":""},"mobile":{"background-color":"","background-image":"","background-repeat":"repeat","background-position":"center center","background-size":"auto","background-attachment":"scroll","background-type":"","background-media":"","overlay-type":"","overlay-color":"","overlay-opacity":"","overlay-gradient":""}},"ast-content-background-meta":{"desktop":{"background-color":"var(--ast-global-color-5)","background-image":"","background-repeat":"repeat","background-position":"center center","background-size":"auto","background-attachment":"scroll","background-type":"","background-media":"","overlay-type":"","overlay-color":"","overlay-opacity":"","overlay-gradient":""},"tablet":{"background-color":"var(--ast-global-color-5)","background-image":"","background-repeat":"repeat","background-position":"center center","background-size":"auto","background-attachment":"scroll","background-type":"","background-media":"","overlay-type":"","overlay-color":"","overlay-opacity":"","overlay-gradient":""},"mobile":{"background-color":"var(--ast-global-color-5)","background-image":"","background-repeat":"repeat","background-position":"center center","background-size":"auto","background-attachment":"scroll","background-type":"","background-media":"","overlay-type":"","overlay-color":"","overlay-opacity":"","overlay-gradient":""}}},"product_brand":[],"product_cat":[34225],"product_tag":[],"pa_brand_name":[25035],"class_list":{"0":"post-121121","1":"product","2":"type-product","3":"status-publish","4":"has-post-thumbnail","6":"product_cat-summer-tires-pv","7":"pa_brand_name-continental","8":"desktop-align-left","9":"tablet-align-left","10":"mobile-align-left","12":"first","13":"instock","14":"taxable","15":"shipping-taxable","16":"purchasable","17":"product-type-simple"},"_links":{"self":[{"href":"https:\/\/shop.rettum.ee\/en\/wp-json\/wp\/v2\/product\/121121","targetHints":{"allow":["GET"]}}],"collection":[{"href":"https:\/\/shop.rettum.ee\/en\/wp-json\/wp\/v2\/product"}],"about":[{"href":"https:\/\/shop.rettum.ee\/en\/wp-json\/wp\/v2\/types\/product"}],"version-history":[{"count":1,"href":"https:\/\/shop.rettum.ee\/en\/wp-json\/wp\/v2\/product\/121121\/revisions"}],"predecessor-version":[{"id":125472,"href":"https:\/\/shop.rettum.ee\/en\/wp-json\/wp\/v2\/product\/121121\/revisions\/125472"}],"wp:featuredmedia":[{"embeddable":true,"href":"https:\/\/shop.rettum.ee\/en\/wp-json\/wp\/v2\/media\/124864"}],"wp:attachment":[{"href":"https:\/\/shop.rettum.ee\/en\/wp-json\/wp\/v2\/media?parent=121121"}],"wp:term":[{"taxonomy":"product_brand","embeddable":true,"href":"https:\/\/shop.rettum.ee\/en\/wp-json\/wp\/v2\/product_brand?post=121121"},{"taxonomy":"product_cat","embeddable":true,"href":"https:\/\/shop.rettum.ee\/en\/wp-json\/wp\/v2\/product_cat?post=121121"},{"taxonomy":"product_tag","embeddable":true,"href":"https:\/\/shop.rettum.ee\/en\/wp-json\/wp\/v2\/product_tag?post=121121"},{"taxonomy":"pa_brand_name","embeddable":true,"href":"https:\/\/shop.rettum.ee\/en\/wp-json\/wp\/v2\/pa_brand_name?post=121121"}],"curies":[{"name":"wp","href":"https:\/\/api.w.org\/{rel}","templated":true}]}}