{"id":121122,"date":"2025-03-31T03:10:30","date_gmt":"2025-03-31T00:10:30","guid":{"rendered":"https:\/\/shop.rettum.ee\/toode\/275-40r18-continental-premiumcontact-7-103y-xl-elect-fr-bab72\/"},"modified":"2026-03-27T02:47:19","modified_gmt":"2026-03-27T00:47:19","slug":"275-40r18-continental-premiumcontact-7-103y-xl-elect-fr-bab72","status":"publish","type":"product","link":"https:\/\/shop.rettum.ee\/en\/product\/275-40r18-continental-premiumcontact-7-103y-xl-elect-fr-bab72\/","title":{"rendered":"275\/40R18 CONTINENTAL PREMIUMCONTACT 7 103Y XL Elect FR BAB72"},"content":{"rendered":"<p>Continental PremiumContact 7 275\/40R18 on tipptasemel rehv, mis on loodud pakkuma suurep\u00e4rast s\u00f5iduomadust ja maksimaalset turvalisust. Rehvi m\u00f5\u00f5tmed 275\/40R18 tagavad optimaalse haarduvuse ning stabiilsuse, v\u00f5imaldades sujuvat ja kindlat s\u00f5itu ka k\u00f5rgkiirusel. Kiirusindeks 103Y n\u00e4itab, et rehvi on testitud ja heaks kiidetud n\u00f5udlike s\u00f5idutingimuste jaoks.<\/p>\n<p>XL-markering annab teada, et rehv on m\u00f5eldud suurema koormusega s\u00f5idukitele, pakkudes t\u00e4iendavat vastupidavust ja j\u00f5udlust. Disainitud kaasaegsete tehnoloogiate abil, aitab PremiumContact 7 v\u00e4hendada veeretakistust ja parandada k\u00fctuses\u00e4\u00e4stlikkust, pakkudes samal ajal k\u00f5rgetasemelist veoj\u00f5udu nii m\u00e4rgadel kui ka kuivadel teedel.<\/p>\n<p>Elect FR funktsioon ning BAB72 sisekood n\u00e4itavad, et tegemist on uuendusliku ja spetsialiseeritud rehviv\u00f5imalusega, mis vastab ka k\u00f5ige rangematele ohutusstandarditele. Valides Continental PremiumContact 7, tagad endale usaldusv\u00e4\u00e4rse ja innovaatilise lahenduse, mis sobib nii igap\u00e4evaseks s\u00f5iduks kui ka sportlikumaks feldiks.<\/p>","protected":false},"excerpt":{"rendered":"<p>Continental PremiumContact 7 275\/40R18 on tipptasemel rehv, mis on loodud pakkuma suurep\u00e4rast s\u00f5iduomadust ja maksimaalset turvalisust. Rehvi m\u00f5\u00f5tmed 275\/40R18 tagavad optimaalse haarduvuse ning stabiilsuse, v\u00f5imaldades sujuvat ja kindlat s\u00f5itu ka k\u00f5rgkiirusel. Kiirusindeks 103Y n\u00e4itab, et rehvi on testitud ja heaks kiidetud n\u00f5udlike s\u00f5idutingimuste jaoks. XL-markering annab teada, et rehv on m\u00f5eldud suurema koormusega s\u00f5idukitele, pakkudes [&hellip;]<\/p>\n","protected":false},"featured_media":124864,"template":"","meta":{"site-sidebar-layout":"default","site-content-layout":"","ast-site-content-layout":"","site-content-style":"default","site-sidebar-style":"default","ast-global-header-display":"","ast-banner-title-visibility":"","ast-main-header-display":"","ast-hfb-above-header-display":"","ast-hfb-below-header-display":"","ast-hfb-mobile-header-display":"","site-post-title":"","ast-breadcrumbs-content":"","ast-featured-img":"","footer-sml-layout":"","theme-transparent-header-meta":"","adv-header-id-meta":"","stick-header-meta":"","header-above-stick-meta":"","header-main-stick-meta":"","header-below-stick-meta":"","astra-migrate-meta-layouts":"default","ast-page-background-enabled":"default","ast-page-background-meta":{"desktop":{"background-color":"","background-image":"","background-repeat":"repeat","background-position":"center center","background-size":"auto","background-attachment":"scroll","background-type":"","background-media":"","overlay-type":"","overlay-color":"","overlay-opacity":"","overlay-gradient":""},"tablet":{"background-color":"","background-image":"","background-repeat":"repeat","background-position":"center center","background-size":"auto","background-attachment":"scroll","background-type":"","background-media":"","overlay-type":"","overlay-color":"","overlay-opacity":"","overlay-gradient":""},"mobile":{"background-color":"","background-image":"","background-repeat":"repeat","background-position":"center center","background-size":"auto","background-attachment":"scroll","background-type":"","background-media":"","overlay-type":"","overlay-color":"","overlay-opacity":"","overlay-gradient":""}},"ast-content-background-meta":{"desktop":{"background-color":"var(--ast-global-color-5)","background-image":"","background-repeat":"repeat","background-position":"center center","background-size":"auto","background-attachment":"scroll","background-type":"","background-media":"","overlay-type":"","overlay-color":"","overlay-opacity":"","overlay-gradient":""},"tablet":{"background-color":"var(--ast-global-color-5)","background-image":"","background-repeat":"repeat","background-position":"center center","background-size":"auto","background-attachment":"scroll","background-type":"","background-media":"","overlay-type":"","overlay-color":"","overlay-opacity":"","overlay-gradient":""},"mobile":{"background-color":"var(--ast-global-color-5)","background-image":"","background-repeat":"repeat","background-position":"center center","background-size":"auto","background-attachment":"scroll","background-type":"","background-media":"","overlay-type":"","overlay-color":"","overlay-opacity":"","overlay-gradient":""}}},"product_brand":[],"product_cat":[34225],"product_tag":[],"pa_brand_name":[25035],"class_list":{"0":"post-121122","1":"product","2":"type-product","3":"status-publish","4":"has-post-thumbnail","6":"product_cat-summer-tires-pv","7":"pa_brand_name-continental","8":"desktop-align-left","9":"tablet-align-left","10":"mobile-align-left","12":"first","13":"instock","14":"taxable","15":"shipping-taxable","16":"purchasable","17":"product-type-simple"},"_links":{"self":[{"href":"https:\/\/shop.rettum.ee\/en\/wp-json\/wp\/v2\/product\/121122","targetHints":{"allow":["GET"]}}],"collection":[{"href":"https:\/\/shop.rettum.ee\/en\/wp-json\/wp\/v2\/product"}],"about":[{"href":"https:\/\/shop.rettum.ee\/en\/wp-json\/wp\/v2\/types\/product"}],"version-history":[{"count":1,"href":"https:\/\/shop.rettum.ee\/en\/wp-json\/wp\/v2\/product\/121122\/revisions"}],"predecessor-version":[{"id":125473,"href":"https:\/\/shop.rettum.ee\/en\/wp-json\/wp\/v2\/product\/121122\/revisions\/125473"}],"wp:featuredmedia":[{"embeddable":true,"href":"https:\/\/shop.rettum.ee\/en\/wp-json\/wp\/v2\/media\/124864"}],"wp:attachment":[{"href":"https:\/\/shop.rettum.ee\/en\/wp-json\/wp\/v2\/media?parent=121122"}],"wp:term":[{"taxonomy":"product_brand","embeddable":true,"href":"https:\/\/shop.rettum.ee\/en\/wp-json\/wp\/v2\/product_brand?post=121122"},{"taxonomy":"product_cat","embeddable":true,"href":"https:\/\/shop.rettum.ee\/en\/wp-json\/wp\/v2\/product_cat?post=121122"},{"taxonomy":"product_tag","embeddable":true,"href":"https:\/\/shop.rettum.ee\/en\/wp-json\/wp\/v2\/product_tag?post=121122"},{"taxonomy":"pa_brand_name","embeddable":true,"href":"https:\/\/shop.rettum.ee\/en\/wp-json\/wp\/v2\/pa_brand_name?post=121122"}],"curies":[{"name":"wp","href":"https:\/\/api.w.org\/{rel}","templated":true}]}}