{"id":121123,"date":"2025-03-31T03:10:31","date_gmt":"2025-03-31T00:10:31","guid":{"rendered":"https:\/\/shop.rettum.ee\/toode\/225-45r19-continental-premiumcontact-7-96y-xl-elect-fr-cab72\/"},"modified":"2026-03-22T03:07:20","modified_gmt":"2026-03-22T01:07:20","slug":"225-45r19-continental-premiumcontact-7-96y-xl-elect-fr-cab72","status":"publish","type":"product","link":"https:\/\/shop.rettum.ee\/en\/product\/225-45r19-continental-premiumcontact-7-96y-xl-elect-fr-cab72\/","title":{"rendered":"225\/45R19 CONTINENTAL PREMIUMCONTACT 7 96Y XL Elect FR CAB72"},"content":{"rendered":"<p>Continental PremiumContact 7 225\/45R19 on tipptasemel suverehv, mis on loodud pakkuma s\u00f5idukitele suurep\u00e4rast ohutust, torkevat juhitavust ja maksimaalset s\u00f5idumugavust. Rehvi m\u00f5\u00f5tmed ja XL-tugevus tagavad piisava koormustaluvuse ning 96Y kiirusindeks lubab nautida nii sportlikku kui ka ergast s\u00f5iduomadust. <\/p>\n<p>Erakordselt optimeeritud profiil ja uus disain parandavad m\u00e4rgade ja kuivatute teede haarduvust, v\u00f5imaldades kindlat pidamist ja l\u00fchemat pidamisraadiust. Rehvi konstruktsioon v\u00e4hendab veeretakistust ning m\u00fcra, mis kaasa aitab kaasa \u00f6konoomsele k\u00fctusekulu ja hubasemale s\u00f5idukogemusele. <\/p>\n<p>Elect FR CAB72 tehnoloogia lisab veel \u00fche kihidud kindluse, pakkudes usaldusv\u00e4\u00e4rset j\u00f5udlust vastavalt t\u00e4nap\u00e4evastele k\u00f5rgetele n\u00f5udmistele. Continental PremiumContact 7 on ideaalne valik neile, kes hindavad kvaliteeti, innovatsiooni ja turvalisust igas s\u00f5idusituatsioonis.<\/p>","protected":false},"excerpt":{"rendered":"<p>Continental PremiumContact 7 225\/45R19 on tipptasemel suverehv, mis on loodud pakkuma s\u00f5idukitele suurep\u00e4rast ohutust, torkevat juhitavust ja maksimaalset s\u00f5idumugavust. Rehvi m\u00f5\u00f5tmed ja XL-tugevus tagavad piisava koormustaluvuse ning 96Y kiirusindeks lubab nautida nii sportlikku kui ka ergast s\u00f5iduomadust. Erakordselt optimeeritud profiil ja uus disain parandavad m\u00e4rgade ja kuivatute teede haarduvust, v\u00f5imaldades kindlat pidamist ja l\u00fchemat pidamisraadiust. [&hellip;]<\/p>\n","protected":false},"featured_media":124864,"template":"","meta":{"site-sidebar-layout":"default","site-content-layout":"","ast-site-content-layout":"","site-content-style":"default","site-sidebar-style":"default","ast-global-header-display":"","ast-banner-title-visibility":"","ast-main-header-display":"","ast-hfb-above-header-display":"","ast-hfb-below-header-display":"","ast-hfb-mobile-header-display":"","site-post-title":"","ast-breadcrumbs-content":"","ast-featured-img":"","footer-sml-layout":"","theme-transparent-header-meta":"","adv-header-id-meta":"","stick-header-meta":"","header-above-stick-meta":"","header-main-stick-meta":"","header-below-stick-meta":"","astra-migrate-meta-layouts":"default","ast-page-background-enabled":"default","ast-page-background-meta":{"desktop":{"background-color":"","background-image":"","background-repeat":"repeat","background-position":"center center","background-size":"auto","background-attachment":"scroll","background-type":"","background-media":"","overlay-type":"","overlay-color":"","overlay-opacity":"","overlay-gradient":""},"tablet":{"background-color":"","background-image":"","background-repeat":"repeat","background-position":"center center","background-size":"auto","background-attachment":"scroll","background-type":"","background-media":"","overlay-type":"","overlay-color":"","overlay-opacity":"","overlay-gradient":""},"mobile":{"background-color":"","background-image":"","background-repeat":"repeat","background-position":"center center","background-size":"auto","background-attachment":"scroll","background-type":"","background-media":"","overlay-type":"","overlay-color":"","overlay-opacity":"","overlay-gradient":""}},"ast-content-background-meta":{"desktop":{"background-color":"var(--ast-global-color-5)","background-image":"","background-repeat":"repeat","background-position":"center center","background-size":"auto","background-attachment":"scroll","background-type":"","background-media":"","overlay-type":"","overlay-color":"","overlay-opacity":"","overlay-gradient":""},"tablet":{"background-color":"var(--ast-global-color-5)","background-image":"","background-repeat":"repeat","background-position":"center center","background-size":"auto","background-attachment":"scroll","background-type":"","background-media":"","overlay-type":"","overlay-color":"","overlay-opacity":"","overlay-gradient":""},"mobile":{"background-color":"var(--ast-global-color-5)","background-image":"","background-repeat":"repeat","background-position":"center center","background-size":"auto","background-attachment":"scroll","background-type":"","background-media":"","overlay-type":"","overlay-color":"","overlay-opacity":"","overlay-gradient":""}}},"product_brand":[],"product_cat":[34225],"product_tag":[],"pa_brand_name":[25035],"class_list":{"0":"post-121123","1":"product","2":"type-product","3":"status-publish","4":"has-post-thumbnail","6":"product_cat-summer-tires-pv","7":"pa_brand_name-continental","8":"desktop-align-left","9":"tablet-align-left","10":"mobile-align-left","12":"first","13":"outofstock","14":"taxable","15":"shipping-taxable","16":"purchasable","17":"product-type-simple"},"_links":{"self":[{"href":"https:\/\/shop.rettum.ee\/en\/wp-json\/wp\/v2\/product\/121123","targetHints":{"allow":["GET"]}}],"collection":[{"href":"https:\/\/shop.rettum.ee\/en\/wp-json\/wp\/v2\/product"}],"about":[{"href":"https:\/\/shop.rettum.ee\/en\/wp-json\/wp\/v2\/types\/product"}],"version-history":[{"count":1,"href":"https:\/\/shop.rettum.ee\/en\/wp-json\/wp\/v2\/product\/121123\/revisions"}],"predecessor-version":[{"id":125471,"href":"https:\/\/shop.rettum.ee\/en\/wp-json\/wp\/v2\/product\/121123\/revisions\/125471"}],"wp:featuredmedia":[{"embeddable":true,"href":"https:\/\/shop.rettum.ee\/en\/wp-json\/wp\/v2\/media\/124864"}],"wp:attachment":[{"href":"https:\/\/shop.rettum.ee\/en\/wp-json\/wp\/v2\/media?parent=121123"}],"wp:term":[{"taxonomy":"product_brand","embeddable":true,"href":"https:\/\/shop.rettum.ee\/en\/wp-json\/wp\/v2\/product_brand?post=121123"},{"taxonomy":"product_cat","embeddable":true,"href":"https:\/\/shop.rettum.ee\/en\/wp-json\/wp\/v2\/product_cat?post=121123"},{"taxonomy":"product_tag","embeddable":true,"href":"https:\/\/shop.rettum.ee\/en\/wp-json\/wp\/v2\/product_tag?post=121123"},{"taxonomy":"pa_brand_name","embeddable":true,"href":"https:\/\/shop.rettum.ee\/en\/wp-json\/wp\/v2\/pa_brand_name?post=121123"}],"curies":[{"name":"wp","href":"https:\/\/api.w.org\/{rel}","templated":true}]}}