{"id":121124,"date":"2025-03-31T03:10:32","date_gmt":"2025-03-31T00:10:32","guid":{"rendered":"https:\/\/shop.rettum.ee\/toode\/245-45r19-continental-premiumcontact-7-98w-elect-fr-cab71\/"},"modified":"2026-03-22T03:07:20","modified_gmt":"2026-03-22T01:07:20","slug":"245-45r19-continental-premiumcontact-7-98w-elect-fr-cab71","status":"publish","type":"product","link":"https:\/\/shop.rettum.ee\/en\/product\/245-45r19-continental-premiumcontact-7-98w-elect-fr-cab71\/","title":{"rendered":"245\/45R19 CONTINENTAL PREMIUMCONTACT 7 98W Elect FR CAB71"},"content":{"rendered":"<p>Continental PremiumContact 7 rehvidis suurendab teie s\u00f5idukijuhtimise kindlust ja stabiilsust ka k\u00f5ige n\u00f5udlikumates tingimustes. M\u00f5eldud sportlikele ja k\u00f5rgtehnoloogilistele s\u00f5idukitele, annab see 245\/45R19 m\u00f5\u00f5tmetega premium rehvidis t\u00e4pse reageerimise ja suurep\u00e4rase pidamise nii m\u00e4rjal kui kuival teel. 98W klassi tunnus tagab suure koormustaluvuse ning kiirusv\u00f5ime kuni 270 km\/h, pakkudes seel\u00e4bi turvalist ja enesekindlat s\u00f5itu ka k\u00f5rgemal kiirusel.<\/p>\n<p>Eriline elekt tehnoloogia, mida rehvidis on kasutatud, v\u00f5imaldab t\u00e4iuslikku kontaktpinna ja optimaalseid rehvir\u00f5\u00f5mu omadusi, mis tagavad madala rullimiskindluse ja pikema t\u00f6\u00f6iga. PremiumContact 7 disain on loodud minimeerima veeretakistust, parandades sellega k\u00fctuses\u00e4\u00e4stlikkust ja v\u00e4hendades keskkonnam\u00f5ju.<\/p>\n<p>Valides Continental PremiumContact 7, kindlustate endale usaldusv\u00e4\u00e4rse s\u00f5idukogemuse, kus kvaliteet ja tehnoloogilised uuendused kohtuvad maksimaalse ohutuse ja s\u00f5idur\u00f5\u00f5muga. ideaalne valik nii igap\u00e4evasteks s\u00f5itudeks kui ka n\u00f5udlikuks sportlikuks kasutamiseks.<\/p>","protected":false},"excerpt":{"rendered":"<p>Continental PremiumContact 7 rehvidis suurendab teie s\u00f5idukijuhtimise kindlust ja stabiilsust ka k\u00f5ige n\u00f5udlikumates tingimustes. M\u00f5eldud sportlikele ja k\u00f5rgtehnoloogilistele s\u00f5idukitele, annab see 245\/45R19 m\u00f5\u00f5tmetega premium rehvidis t\u00e4pse reageerimise ja suurep\u00e4rase pidamise nii m\u00e4rjal kui kuival teel. 98W klassi tunnus tagab suure koormustaluvuse ning kiirusv\u00f5ime kuni 270 km\/h, pakkudes seel\u00e4bi turvalist ja enesekindlat s\u00f5itu ka k\u00f5rgemal kiirusel. [&hellip;]<\/p>\n","protected":false},"featured_media":124864,"template":"","meta":{"site-sidebar-layout":"default","site-content-layout":"","ast-site-content-layout":"","site-content-style":"default","site-sidebar-style":"default","ast-global-header-display":"","ast-banner-title-visibility":"","ast-main-header-display":"","ast-hfb-above-header-display":"","ast-hfb-below-header-display":"","ast-hfb-mobile-header-display":"","site-post-title":"","ast-breadcrumbs-content":"","ast-featured-img":"","footer-sml-layout":"","theme-transparent-header-meta":"","adv-header-id-meta":"","stick-header-meta":"","header-above-stick-meta":"","header-main-stick-meta":"","header-below-stick-meta":"","astra-migrate-meta-layouts":"default","ast-page-background-enabled":"default","ast-page-background-meta":{"desktop":{"background-color":"","background-image":"","background-repeat":"repeat","background-position":"center center","background-size":"auto","background-attachment":"scroll","background-type":"","background-media":"","overlay-type":"","overlay-color":"","overlay-opacity":"","overlay-gradient":""},"tablet":{"background-color":"","background-image":"","background-repeat":"repeat","background-position":"center center","background-size":"auto","background-attachment":"scroll","background-type":"","background-media":"","overlay-type":"","overlay-color":"","overlay-opacity":"","overlay-gradient":""},"mobile":{"background-color":"","background-image":"","background-repeat":"repeat","background-position":"center center","background-size":"auto","background-attachment":"scroll","background-type":"","background-media":"","overlay-type":"","overlay-color":"","overlay-opacity":"","overlay-gradient":""}},"ast-content-background-meta":{"desktop":{"background-color":"var(--ast-global-color-5)","background-image":"","background-repeat":"repeat","background-position":"center center","background-size":"auto","background-attachment":"scroll","background-type":"","background-media":"","overlay-type":"","overlay-color":"","overlay-opacity":"","overlay-gradient":""},"tablet":{"background-color":"var(--ast-global-color-5)","background-image":"","background-repeat":"repeat","background-position":"center center","background-size":"auto","background-attachment":"scroll","background-type":"","background-media":"","overlay-type":"","overlay-color":"","overlay-opacity":"","overlay-gradient":""},"mobile":{"background-color":"var(--ast-global-color-5)","background-image":"","background-repeat":"repeat","background-position":"center center","background-size":"auto","background-attachment":"scroll","background-type":"","background-media":"","overlay-type":"","overlay-color":"","overlay-opacity":"","overlay-gradient":""}}},"product_brand":[],"product_cat":[34225],"product_tag":[],"pa_brand_name":[25035],"class_list":{"0":"post-121124","1":"product","2":"type-product","3":"status-publish","4":"has-post-thumbnail","6":"product_cat-summer-tires-pv","7":"pa_brand_name-continental","8":"desktop-align-left","9":"tablet-align-left","10":"mobile-align-left","12":"first","13":"outofstock","14":"taxable","15":"shipping-taxable","16":"purchasable","17":"product-type-simple"},"_links":{"self":[{"href":"https:\/\/shop.rettum.ee\/en\/wp-json\/wp\/v2\/product\/121124","targetHints":{"allow":["GET"]}}],"collection":[{"href":"https:\/\/shop.rettum.ee\/en\/wp-json\/wp\/v2\/product"}],"about":[{"href":"https:\/\/shop.rettum.ee\/en\/wp-json\/wp\/v2\/types\/product"}],"version-history":[{"count":1,"href":"https:\/\/shop.rettum.ee\/en\/wp-json\/wp\/v2\/product\/121124\/revisions"}],"predecessor-version":[{"id":125470,"href":"https:\/\/shop.rettum.ee\/en\/wp-json\/wp\/v2\/product\/121124\/revisions\/125470"}],"wp:featuredmedia":[{"embeddable":true,"href":"https:\/\/shop.rettum.ee\/en\/wp-json\/wp\/v2\/media\/124864"}],"wp:attachment":[{"href":"https:\/\/shop.rettum.ee\/en\/wp-json\/wp\/v2\/media?parent=121124"}],"wp:term":[{"taxonomy":"product_brand","embeddable":true,"href":"https:\/\/shop.rettum.ee\/en\/wp-json\/wp\/v2\/product_brand?post=121124"},{"taxonomy":"product_cat","embeddable":true,"href":"https:\/\/shop.rettum.ee\/en\/wp-json\/wp\/v2\/product_cat?post=121124"},{"taxonomy":"product_tag","embeddable":true,"href":"https:\/\/shop.rettum.ee\/en\/wp-json\/wp\/v2\/product_tag?post=121124"},{"taxonomy":"pa_brand_name","embeddable":true,"href":"https:\/\/shop.rettum.ee\/en\/wp-json\/wp\/v2\/pa_brand_name?post=121124"}],"curies":[{"name":"wp","href":"https:\/\/api.w.org\/{rel}","templated":true}]}}