{"id":121126,"date":"2025-03-31T03:10:33","date_gmt":"2025-03-31T00:10:33","guid":{"rendered":"https:\/\/shop.rettum.ee\/toode\/235-55r19-continental-premiumcontact-7-105y-xl-elect-fr-cab72\/"},"modified":"2026-03-22T03:07:20","modified_gmt":"2026-03-22T01:07:20","slug":"235-55r19-continental-premiumcontact-7-105y-xl-elect-fr-cab72","status":"publish","type":"product","link":"https:\/\/shop.rettum.ee\/en\/product\/235-55r19-continental-premiumcontact-7-105y-xl-elect-fr-cab72\/","title":{"rendered":"235\/55R19 CONTINENTAL PREMIUMCONTACT 7 105Y XL Elect FR CAB72"},"content":{"rendered":"<p>Continental PremiumContact 7 rehvid on tipptasemel valik autojuhtidele, kes hindavad turvalisust, stabiilsust ja suurep\u00e4rast s\u00f5idukontrolli. Rehvi m\u00f5\u00f5tmed 235\/55R19 tagavad optimaalse haarduvuse ja j\u00f5udluse nii kuivadel kui ka m\u00e4rgade teedel. Suurep\u00e4rane vedavus ja t\u00e4pne suundekindlus annavad kindlustunnet ka keerulistes oludes, pakkudes optimaalselt tasakaalustatud sooritust igas s\u00f5idutingimuses.<\/p>\n<p>XL-t\u00e4his ja 105Y kiirusklass viitavad rehvi v\u00f5imele kanda suuremat koormust ning s\u00e4ilitada p\u00f5hjalikku stabiilsust k\u00f5rge kiirusega s\u00f5ites. Erinevad tehnoloogilised lahendused, mis garantii parimat veoj\u00f5udlust, muudavad selle rehvi ideaalvalikuks nii igap\u00e4evaseks s\u00f5iduks kui ka puhkusereisiks. <\/p>\n<p>Elect FR ja CAB72 koodid n\u00e4itavad t\u00e4iendavat tehnilist spetsifikatsiooni, mis on loodud vastama n\u00f5udlike autojuhtide vajadustele. Continental PremiumContact 7 rehvid on l\u00e4bim\u00f5eldud lahendus, mis \u00fchendab innovatsiooni ja ohutuse, pakkudes silmapaistvat k\u00fctuses\u00e4\u00e4stlikkust ning pikendatud rehvikestade eluiga.<\/p>\n<p>Vali Continental PremiumContact 7 ja naudi muretut s\u00f5itu, kus turvalisus ja sooritus on k\u00e4ep\u00e4rast igal kilomeetril!<\/p>","protected":false},"excerpt":{"rendered":"<p>Continental PremiumContact 7 rehvid on tipptasemel valik autojuhtidele, kes hindavad turvalisust, stabiilsust ja suurep\u00e4rast s\u00f5idukontrolli. Rehvi m\u00f5\u00f5tmed 235\/55R19 tagavad optimaalse haarduvuse ja j\u00f5udluse nii kuivadel kui ka m\u00e4rgade teedel. Suurep\u00e4rane vedavus ja t\u00e4pne suundekindlus annavad kindlustunnet ka keerulistes oludes, pakkudes optimaalselt tasakaalustatud sooritust igas s\u00f5idutingimuses. XL-t\u00e4his ja 105Y kiirusklass viitavad rehvi v\u00f5imele kanda suuremat koormust [&hellip;]<\/p>\n","protected":false},"featured_media":124864,"template":"","meta":{"site-sidebar-layout":"default","site-content-layout":"","ast-site-content-layout":"","site-content-style":"default","site-sidebar-style":"default","ast-global-header-display":"","ast-banner-title-visibility":"","ast-main-header-display":"","ast-hfb-above-header-display":"","ast-hfb-below-header-display":"","ast-hfb-mobile-header-display":"","site-post-title":"","ast-breadcrumbs-content":"","ast-featured-img":"","footer-sml-layout":"","theme-transparent-header-meta":"","adv-header-id-meta":"","stick-header-meta":"","header-above-stick-meta":"","header-main-stick-meta":"","header-below-stick-meta":"","astra-migrate-meta-layouts":"default","ast-page-background-enabled":"default","ast-page-background-meta":{"desktop":{"background-color":"","background-image":"","background-repeat":"repeat","background-position":"center center","background-size":"auto","background-attachment":"scroll","background-type":"","background-media":"","overlay-type":"","overlay-color":"","overlay-opacity":"","overlay-gradient":""},"tablet":{"background-color":"","background-image":"","background-repeat":"repeat","background-position":"center center","background-size":"auto","background-attachment":"scroll","background-type":"","background-media":"","overlay-type":"","overlay-color":"","overlay-opacity":"","overlay-gradient":""},"mobile":{"background-color":"","background-image":"","background-repeat":"repeat","background-position":"center center","background-size":"auto","background-attachment":"scroll","background-type":"","background-media":"","overlay-type":"","overlay-color":"","overlay-opacity":"","overlay-gradient":""}},"ast-content-background-meta":{"desktop":{"background-color":"var(--ast-global-color-5)","background-image":"","background-repeat":"repeat","background-position":"center center","background-size":"auto","background-attachment":"scroll","background-type":"","background-media":"","overlay-type":"","overlay-color":"","overlay-opacity":"","overlay-gradient":""},"tablet":{"background-color":"var(--ast-global-color-5)","background-image":"","background-repeat":"repeat","background-position":"center center","background-size":"auto","background-attachment":"scroll","background-type":"","background-media":"","overlay-type":"","overlay-color":"","overlay-opacity":"","overlay-gradient":""},"mobile":{"background-color":"var(--ast-global-color-5)","background-image":"","background-repeat":"repeat","background-position":"center center","background-size":"auto","background-attachment":"scroll","background-type":"","background-media":"","overlay-type":"","overlay-color":"","overlay-opacity":"","overlay-gradient":""}}},"product_brand":[],"product_cat":[34225],"product_tag":[],"pa_brand_name":[25035],"class_list":{"0":"post-121126","1":"product","2":"type-product","3":"status-publish","4":"has-post-thumbnail","6":"product_cat-summer-tires-pv","7":"pa_brand_name-continental","8":"desktop-align-left","9":"tablet-align-left","10":"mobile-align-left","12":"first","13":"outofstock","14":"taxable","15":"shipping-taxable","16":"purchasable","17":"product-type-simple"},"_links":{"self":[{"href":"https:\/\/shop.rettum.ee\/en\/wp-json\/wp\/v2\/product\/121126","targetHints":{"allow":["GET"]}}],"collection":[{"href":"https:\/\/shop.rettum.ee\/en\/wp-json\/wp\/v2\/product"}],"about":[{"href":"https:\/\/shop.rettum.ee\/en\/wp-json\/wp\/v2\/types\/product"}],"version-history":[{"count":1,"href":"https:\/\/shop.rettum.ee\/en\/wp-json\/wp\/v2\/product\/121126\/revisions"}],"predecessor-version":[{"id":125469,"href":"https:\/\/shop.rettum.ee\/en\/wp-json\/wp\/v2\/product\/121126\/revisions\/125469"}],"wp:featuredmedia":[{"embeddable":true,"href":"https:\/\/shop.rettum.ee\/en\/wp-json\/wp\/v2\/media\/124864"}],"wp:attachment":[{"href":"https:\/\/shop.rettum.ee\/en\/wp-json\/wp\/v2\/media?parent=121126"}],"wp:term":[{"taxonomy":"product_brand","embeddable":true,"href":"https:\/\/shop.rettum.ee\/en\/wp-json\/wp\/v2\/product_brand?post=121126"},{"taxonomy":"product_cat","embeddable":true,"href":"https:\/\/shop.rettum.ee\/en\/wp-json\/wp\/v2\/product_cat?post=121126"},{"taxonomy":"product_tag","embeddable":true,"href":"https:\/\/shop.rettum.ee\/en\/wp-json\/wp\/v2\/product_tag?post=121126"},{"taxonomy":"pa_brand_name","embeddable":true,"href":"https:\/\/shop.rettum.ee\/en\/wp-json\/wp\/v2\/pa_brand_name?post=121126"}],"curies":[{"name":"wp","href":"https:\/\/api.w.org\/{rel}","templated":true}]}}