{"id":121127,"date":"2025-03-31T03:10:34","date_gmt":"2025-03-31T00:10:34","guid":{"rendered":"https:\/\/shop.rettum.ee\/toode\/265-50r19-continental-premiumcontact-7-110y-xl-elect-fr-bab73\/"},"modified":"2026-03-22T03:07:21","modified_gmt":"2026-03-22T01:07:21","slug":"265-50r19-continental-premiumcontact-7-110y-xl-elect-fr-bab73","status":"publish","type":"product","link":"https:\/\/shop.rettum.ee\/en\/product\/265-50r19-continental-premiumcontact-7-110y-xl-elect-fr-bab73\/","title":{"rendered":"265\/50R19 CONTINENTAL PREMIUMCONTACT 7 110Y XL Elect FR BAB73"},"content":{"rendered":"<p>265\/50R19 CONTINENTAL PREMIUMCONTACT 7 110Y XL Elect FR BAB73 on kvaliteetrehv, mis pakub silmapaistvat s\u00f5iduomadust nii kuival kui ka niiskel teel. Selle innovaatiline disain ja tipptasemel tehnikalahendused tagavad suurep\u00e4rase haarduvuse ning l\u00fchikese pidurdusteekonna, suurendades s\u00f5iduki ohutust ka k\u00f5rgetel kiirustel. XL-versioon kindlustab suurema koormustalituse, tehes rehvi sobivaks nii tavalistele kui ka raskematele s\u00f5idukitele, kaasa arvatud elektris\u00f5idukitele \u2013 mida vihjab &#8220;Elect FR&#8221; m\u00e4rgistus. 110Y kiirusindeks kinnitab, et rehvl on v\u00f5imalik ohutult kasutada ka sportlikuma s\u00f5idu korral. CONTINENTAL PREMIUMCONTACT 7 on loodud pakkuma maksimaalset j\u00f5udlust, stabiilsust ning kestvust, muutes iga s\u00f5idu nauditavaks ja turvaliseks. Valides selle rehvi, kindlustate endale usaldusv\u00e4\u00e4rse partneri igap\u00e4evaseks s\u00f5iduks ja tipptasemel teekogemuseks.<\/p>","protected":false},"excerpt":{"rendered":"<p>265\/50R19 CONTINENTAL PREMIUMCONTACT 7 110Y XL Elect FR BAB73 on kvaliteetrehv, mis pakub silmapaistvat s\u00f5iduomadust nii kuival kui ka niiskel teel. Selle innovaatiline disain ja tipptasemel tehnikalahendused tagavad suurep\u00e4rase haarduvuse ning l\u00fchikese pidurdusteekonna, suurendades s\u00f5iduki ohutust ka k\u00f5rgetel kiirustel. XL-versioon kindlustab suurema koormustalituse, tehes rehvi sobivaks nii tavalistele kui ka raskematele s\u00f5idukitele, kaasa arvatud elektris\u00f5idukitele [&hellip;]<\/p>\n","protected":false},"featured_media":124864,"template":"","meta":{"site-sidebar-layout":"default","site-content-layout":"","ast-site-content-layout":"","site-content-style":"default","site-sidebar-style":"default","ast-global-header-display":"","ast-banner-title-visibility":"","ast-main-header-display":"","ast-hfb-above-header-display":"","ast-hfb-below-header-display":"","ast-hfb-mobile-header-display":"","site-post-title":"","ast-breadcrumbs-content":"","ast-featured-img":"","footer-sml-layout":"","theme-transparent-header-meta":"","adv-header-id-meta":"","stick-header-meta":"","header-above-stick-meta":"","header-main-stick-meta":"","header-below-stick-meta":"","astra-migrate-meta-layouts":"default","ast-page-background-enabled":"default","ast-page-background-meta":{"desktop":{"background-color":"","background-image":"","background-repeat":"repeat","background-position":"center center","background-size":"auto","background-attachment":"scroll","background-type":"","background-media":"","overlay-type":"","overlay-color":"","overlay-opacity":"","overlay-gradient":""},"tablet":{"background-color":"","background-image":"","background-repeat":"repeat","background-position":"center center","background-size":"auto","background-attachment":"scroll","background-type":"","background-media":"","overlay-type":"","overlay-color":"","overlay-opacity":"","overlay-gradient":""},"mobile":{"background-color":"","background-image":"","background-repeat":"repeat","background-position":"center center","background-size":"auto","background-attachment":"scroll","background-type":"","background-media":"","overlay-type":"","overlay-color":"","overlay-opacity":"","overlay-gradient":""}},"ast-content-background-meta":{"desktop":{"background-color":"var(--ast-global-color-5)","background-image":"","background-repeat":"repeat","background-position":"center center","background-size":"auto","background-attachment":"scroll","background-type":"","background-media":"","overlay-type":"","overlay-color":"","overlay-opacity":"","overlay-gradient":""},"tablet":{"background-color":"var(--ast-global-color-5)","background-image":"","background-repeat":"repeat","background-position":"center center","background-size":"auto","background-attachment":"scroll","background-type":"","background-media":"","overlay-type":"","overlay-color":"","overlay-opacity":"","overlay-gradient":""},"mobile":{"background-color":"var(--ast-global-color-5)","background-image":"","background-repeat":"repeat","background-position":"center center","background-size":"auto","background-attachment":"scroll","background-type":"","background-media":"","overlay-type":"","overlay-color":"","overlay-opacity":"","overlay-gradient":""}}},"product_brand":[],"product_cat":[34225],"product_tag":[],"pa_brand_name":[25035],"class_list":{"0":"post-121127","1":"product","2":"type-product","3":"status-publish","4":"has-post-thumbnail","6":"product_cat-summer-tires-pv","7":"pa_brand_name-continental","8":"desktop-align-left","9":"tablet-align-left","10":"mobile-align-left","12":"first","13":"outofstock","14":"taxable","15":"shipping-taxable","16":"purchasable","17":"product-type-simple"},"_links":{"self":[{"href":"https:\/\/shop.rettum.ee\/en\/wp-json\/wp\/v2\/product\/121127","targetHints":{"allow":["GET"]}}],"collection":[{"href":"https:\/\/shop.rettum.ee\/en\/wp-json\/wp\/v2\/product"}],"about":[{"href":"https:\/\/shop.rettum.ee\/en\/wp-json\/wp\/v2\/types\/product"}],"version-history":[{"count":1,"href":"https:\/\/shop.rettum.ee\/en\/wp-json\/wp\/v2\/product\/121127\/revisions"}],"predecessor-version":[{"id":125467,"href":"https:\/\/shop.rettum.ee\/en\/wp-json\/wp\/v2\/product\/121127\/revisions\/125467"}],"wp:featuredmedia":[{"embeddable":true,"href":"https:\/\/shop.rettum.ee\/en\/wp-json\/wp\/v2\/media\/124864"}],"wp:attachment":[{"href":"https:\/\/shop.rettum.ee\/en\/wp-json\/wp\/v2\/media?parent=121127"}],"wp:term":[{"taxonomy":"product_brand","embeddable":true,"href":"https:\/\/shop.rettum.ee\/en\/wp-json\/wp\/v2\/product_brand?post=121127"},{"taxonomy":"product_cat","embeddable":true,"href":"https:\/\/shop.rettum.ee\/en\/wp-json\/wp\/v2\/product_cat?post=121127"},{"taxonomy":"product_tag","embeddable":true,"href":"https:\/\/shop.rettum.ee\/en\/wp-json\/wp\/v2\/product_tag?post=121127"},{"taxonomy":"pa_brand_name","embeddable":true,"href":"https:\/\/shop.rettum.ee\/en\/wp-json\/wp\/v2\/pa_brand_name?post=121127"}],"curies":[{"name":"wp","href":"https:\/\/api.w.org\/{rel}","templated":true}]}}