{"id":121128,"date":"2025-03-31T03:10:35","date_gmt":"2025-03-31T00:10:35","guid":{"rendered":"https:\/\/shop.rettum.ee\/toode\/275-45r20-continental-premiumcontact-7-110y-xl-elect-fr-bab72\/"},"modified":"2026-03-25T02:47:22","modified_gmt":"2026-03-25T00:47:22","slug":"275-45r20-continental-premiumcontact-7-110y-xl-elect-fr-bab72","status":"publish","type":"product","link":"https:\/\/shop.rettum.ee\/en\/product\/275-45r20-continental-premiumcontact-7-110y-xl-elect-fr-bab72\/","title":{"rendered":"275\/45R20 CONTINENTAL PREMIUMCONTACT 7 110Y XL Elect FR BAB72"},"content":{"rendered":"<p>Avasta Continental PremiumContact 7 110Y XL Elect FR BAB72 \u2013 innovatiivne 275\/45R20 rehvid, mis tagavad parima juhitavuse ja turvalisuse igas s\u00f5iduolukorras. Continental on tuntud oma tipptasemel kvaliteedi ja innovatiivsete tehnoloogiate poolest, mis muudavad PremiumContact 7 rehvid ideaalseks valikuks sportlike ja luksuslike s\u00f5idukite jaoks.<\/p>\n<p>Rehvi suurus 275\/45R20 tagab suurep\u00e4rase kontakti teega, pakkudes optimaalse hoiu ja stabiilsuse ka keerulistes teeoludes. XL-m\u00e4rgistusega mudel toetab ka suuremat koormust, v\u00f5imaldades s\u00f5idukil s\u00e4ilitada oma j\u00f5udluse ja ohutuse ka n\u00f5udlike olukordade korral. 110Y kiirusindeks n\u00e4itab rehvi v\u00f5imekust k\u00f5rgetel kiirustel, pakkudes usaldusv\u00e4\u00e4rset sooritust nii l\u00fchikeste kui ka pikemate s\u00f5itude ajal.<\/p>\n<p>Elect disain mitte ainult ei paranda reiha k\u00fctuses\u00e4\u00e4stlikkust, vaid aitab kaasa ka madalama veeretakistuse saavutamisele, v\u00e4hendades energiamahukust ja toetades s\u00e4\u00e4stlikku s\u00f5idustiili. Valides Continental PremiumContact 7, panustate s\u00f5idumugavusse, ohutusse ja kestvusse \u2013 valik, mida juhid \u00fcle Eesti usaldavad.<\/p>","protected":false},"excerpt":{"rendered":"<p>Avasta Continental PremiumContact 7 110Y XL Elect FR BAB72 \u2013 innovatiivne 275\/45R20 rehvid, mis tagavad parima juhitavuse ja turvalisuse igas s\u00f5iduolukorras. Continental on tuntud oma tipptasemel kvaliteedi ja innovatiivsete tehnoloogiate poolest, mis muudavad PremiumContact 7 rehvid ideaalseks valikuks sportlike ja luksuslike s\u00f5idukite jaoks. Rehvi suurus 275\/45R20 tagab suurep\u00e4rase kontakti teega, pakkudes optimaalse hoiu ja stabiilsuse [&hellip;]<\/p>\n","protected":false},"featured_media":124864,"template":"","meta":{"site-sidebar-layout":"default","site-content-layout":"","ast-site-content-layout":"","site-content-style":"default","site-sidebar-style":"default","ast-global-header-display":"","ast-banner-title-visibility":"","ast-main-header-display":"","ast-hfb-above-header-display":"","ast-hfb-below-header-display":"","ast-hfb-mobile-header-display":"","site-post-title":"","ast-breadcrumbs-content":"","ast-featured-img":"","footer-sml-layout":"","theme-transparent-header-meta":"","adv-header-id-meta":"","stick-header-meta":"","header-above-stick-meta":"","header-main-stick-meta":"","header-below-stick-meta":"","astra-migrate-meta-layouts":"default","ast-page-background-enabled":"default","ast-page-background-meta":{"desktop":{"background-color":"","background-image":"","background-repeat":"repeat","background-position":"center center","background-size":"auto","background-attachment":"scroll","background-type":"","background-media":"","overlay-type":"","overlay-color":"","overlay-opacity":"","overlay-gradient":""},"tablet":{"background-color":"","background-image":"","background-repeat":"repeat","background-position":"center center","background-size":"auto","background-attachment":"scroll","background-type":"","background-media":"","overlay-type":"","overlay-color":"","overlay-opacity":"","overlay-gradient":""},"mobile":{"background-color":"","background-image":"","background-repeat":"repeat","background-position":"center center","background-size":"auto","background-attachment":"scroll","background-type":"","background-media":"","overlay-type":"","overlay-color":"","overlay-opacity":"","overlay-gradient":""}},"ast-content-background-meta":{"desktop":{"background-color":"var(--ast-global-color-5)","background-image":"","background-repeat":"repeat","background-position":"center center","background-size":"auto","background-attachment":"scroll","background-type":"","background-media":"","overlay-type":"","overlay-color":"","overlay-opacity":"","overlay-gradient":""},"tablet":{"background-color":"var(--ast-global-color-5)","background-image":"","background-repeat":"repeat","background-position":"center center","background-size":"auto","background-attachment":"scroll","background-type":"","background-media":"","overlay-type":"","overlay-color":"","overlay-opacity":"","overlay-gradient":""},"mobile":{"background-color":"var(--ast-global-color-5)","background-image":"","background-repeat":"repeat","background-position":"center center","background-size":"auto","background-attachment":"scroll","background-type":"","background-media":"","overlay-type":"","overlay-color":"","overlay-opacity":"","overlay-gradient":""}}},"product_brand":[],"product_cat":[34225],"product_tag":[],"pa_brand_name":[25035],"class_list":{"0":"post-121128","1":"product","2":"type-product","3":"status-publish","4":"has-post-thumbnail","6":"product_cat-summer-tires-pv","7":"pa_brand_name-continental","8":"desktop-align-left","9":"tablet-align-left","10":"mobile-align-left","12":"first","13":"instock","14":"taxable","15":"shipping-taxable","16":"purchasable","17":"product-type-simple"},"_links":{"self":[{"href":"https:\/\/shop.rettum.ee\/en\/wp-json\/wp\/v2\/product\/121128","targetHints":{"allow":["GET"]}}],"collection":[{"href":"https:\/\/shop.rettum.ee\/en\/wp-json\/wp\/v2\/product"}],"about":[{"href":"https:\/\/shop.rettum.ee\/en\/wp-json\/wp\/v2\/types\/product"}],"version-history":[{"count":1,"href":"https:\/\/shop.rettum.ee\/en\/wp-json\/wp\/v2\/product\/121128\/revisions"}],"predecessor-version":[{"id":125466,"href":"https:\/\/shop.rettum.ee\/en\/wp-json\/wp\/v2\/product\/121128\/revisions\/125466"}],"wp:featuredmedia":[{"embeddable":true,"href":"https:\/\/shop.rettum.ee\/en\/wp-json\/wp\/v2\/media\/124864"}],"wp:attachment":[{"href":"https:\/\/shop.rettum.ee\/en\/wp-json\/wp\/v2\/media?parent=121128"}],"wp:term":[{"taxonomy":"product_brand","embeddable":true,"href":"https:\/\/shop.rettum.ee\/en\/wp-json\/wp\/v2\/product_brand?post=121128"},{"taxonomy":"product_cat","embeddable":true,"href":"https:\/\/shop.rettum.ee\/en\/wp-json\/wp\/v2\/product_cat?post=121128"},{"taxonomy":"product_tag","embeddable":true,"href":"https:\/\/shop.rettum.ee\/en\/wp-json\/wp\/v2\/product_tag?post=121128"},{"taxonomy":"pa_brand_name","embeddable":true,"href":"https:\/\/shop.rettum.ee\/en\/wp-json\/wp\/v2\/pa_brand_name?post=121128"}],"curies":[{"name":"wp","href":"https:\/\/api.w.org\/{rel}","templated":true}]}}