{"id":121129,"date":"2025-03-31T03:10:36","date_gmt":"2025-03-31T00:10:36","guid":{"rendered":"https:\/\/shop.rettum.ee\/toode\/285-45r20-continental-premiumcontact-7-112y-xl-elect-fr-bab73\/"},"modified":"2026-02-26T02:45:36","modified_gmt":"2026-02-26T00:45:36","slug":"285-45r20-continental-premiumcontact-7-112y-xl-elect-fr-bab73","status":"publish","type":"product","link":"https:\/\/shop.rettum.ee\/en\/product\/285-45r20-continental-premiumcontact-7-112y-xl-elect-fr-bab73\/","title":{"rendered":"285\/45R20 CONTINENTAL PREMIUMCONTACT 7 112Y XL Elect FR BAB73"},"content":{"rendered":"<p>285\/45R20 CONTINENTAL PREMIUMCONTACT 7 112Y XL Elect FR BAB73 on tipptasemel rehv, mis tagab erakordse s\u00f5idukogemuse ja maksimaalse ohutuse k\u00f5ikides oludes. See kvaliteetne rehvimudel \u00fchendab Continental\u2019i pikaajalise usaldusv\u00e4\u00e4rsuse ning uuendusliku tehnoloogia, pakkudes suurep\u00e4rast veoj\u00f5udu nii kuival, m\u00e4rjal kui ka libedal teel.<\/p>\n<p>112Y kiirusklassi ja XL koormusindeksi t\u00f5ttu sobib rehv h\u00e4sti ka n\u00f5udlikumatele s\u00f5idutingimustele, v\u00f5imaldades teil nautida kindlat haaret ja stabiilsust k\u00f5rgetel kiirustel. Eriv\u00e4ljaanne Elect FR on optimeeritud ka elektriliste ja h\u00fcbriids\u00f5idukite jaoks, tagades efektiivse j\u00f5udluse ja pikema eluea vastavalt kaasaegsetele keskkonnan\u00f5uetele. <\/p>\n<p>Continental PremiumContact 7 rehvid on ideaalne valik neile, kes hindavad mitte ainult sportlikku v\u00e4limust, vaid ka tipptasemel tehnilisi lahendusi ja \u00fcletamatut s\u00f5idumugavust. Vali usaldusv\u00e4\u00e4rsus ja innovatsioon \u2013 vali Continental.<\/p>","protected":false},"excerpt":{"rendered":"<p>285\/45R20 CONTINENTAL PREMIUMCONTACT 7 112Y XL Elect FR BAB73 on tipptasemel rehv, mis tagab erakordse s\u00f5idukogemuse ja maksimaalse ohutuse k\u00f5ikides oludes. See kvaliteetne rehvimudel \u00fchendab Continental\u2019i pikaajalise usaldusv\u00e4\u00e4rsuse ning uuendusliku tehnoloogia, pakkudes suurep\u00e4rast veoj\u00f5udu nii kuival, m\u00e4rjal kui ka libedal teel. 112Y kiirusklassi ja XL koormusindeksi t\u00f5ttu sobib rehv h\u00e4sti ka n\u00f5udlikumatele s\u00f5idutingimustele, v\u00f5imaldades teil [&hellip;]<\/p>\n","protected":false},"featured_media":124864,"template":"","meta":{"site-sidebar-layout":"default","site-content-layout":"","ast-site-content-layout":"","site-content-style":"default","site-sidebar-style":"default","ast-global-header-display":"","ast-banner-title-visibility":"","ast-main-header-display":"","ast-hfb-above-header-display":"","ast-hfb-below-header-display":"","ast-hfb-mobile-header-display":"","site-post-title":"","ast-breadcrumbs-content":"","ast-featured-img":"","footer-sml-layout":"","theme-transparent-header-meta":"","adv-header-id-meta":"","stick-header-meta":"","header-above-stick-meta":"","header-main-stick-meta":"","header-below-stick-meta":"","astra-migrate-meta-layouts":"default","ast-page-background-enabled":"default","ast-page-background-meta":{"desktop":{"background-color":"","background-image":"","background-repeat":"repeat","background-position":"center center","background-size":"auto","background-attachment":"scroll","background-type":"","background-media":"","overlay-type":"","overlay-color":"","overlay-opacity":"","overlay-gradient":""},"tablet":{"background-color":"","background-image":"","background-repeat":"repeat","background-position":"center center","background-size":"auto","background-attachment":"scroll","background-type":"","background-media":"","overlay-type":"","overlay-color":"","overlay-opacity":"","overlay-gradient":""},"mobile":{"background-color":"","background-image":"","background-repeat":"repeat","background-position":"center center","background-size":"auto","background-attachment":"scroll","background-type":"","background-media":"","overlay-type":"","overlay-color":"","overlay-opacity":"","overlay-gradient":""}},"ast-content-background-meta":{"desktop":{"background-color":"var(--ast-global-color-5)","background-image":"","background-repeat":"repeat","background-position":"center center","background-size":"auto","background-attachment":"scroll","background-type":"","background-media":"","overlay-type":"","overlay-color":"","overlay-opacity":"","overlay-gradient":""},"tablet":{"background-color":"var(--ast-global-color-5)","background-image":"","background-repeat":"repeat","background-position":"center center","background-size":"auto","background-attachment":"scroll","background-type":"","background-media":"","overlay-type":"","overlay-color":"","overlay-opacity":"","overlay-gradient":""},"mobile":{"background-color":"var(--ast-global-color-5)","background-image":"","background-repeat":"repeat","background-position":"center center","background-size":"auto","background-attachment":"scroll","background-type":"","background-media":"","overlay-type":"","overlay-color":"","overlay-opacity":"","overlay-gradient":""}}},"product_brand":[],"product_cat":[34225],"product_tag":[],"pa_brand_name":[25035],"class_list":{"0":"post-121129","1":"product","2":"type-product","3":"status-publish","4":"has-post-thumbnail","6":"product_cat-summer-tires-pv","7":"pa_brand_name-continental","8":"desktop-align-left","9":"tablet-align-left","10":"mobile-align-left","12":"first","13":"outofstock","14":"taxable","15":"shipping-taxable","16":"purchasable","17":"product-type-simple"},"_links":{"self":[{"href":"https:\/\/shop.rettum.ee\/en\/wp-json\/wp\/v2\/product\/121129","targetHints":{"allow":["GET"]}}],"collection":[{"href":"https:\/\/shop.rettum.ee\/en\/wp-json\/wp\/v2\/product"}],"about":[{"href":"https:\/\/shop.rettum.ee\/en\/wp-json\/wp\/v2\/types\/product"}],"version-history":[{"count":1,"href":"https:\/\/shop.rettum.ee\/en\/wp-json\/wp\/v2\/product\/121129\/revisions"}],"predecessor-version":[{"id":125465,"href":"https:\/\/shop.rettum.ee\/en\/wp-json\/wp\/v2\/product\/121129\/revisions\/125465"}],"wp:featuredmedia":[{"embeddable":true,"href":"https:\/\/shop.rettum.ee\/en\/wp-json\/wp\/v2\/media\/124864"}],"wp:attachment":[{"href":"https:\/\/shop.rettum.ee\/en\/wp-json\/wp\/v2\/media?parent=121129"}],"wp:term":[{"taxonomy":"product_brand","embeddable":true,"href":"https:\/\/shop.rettum.ee\/en\/wp-json\/wp\/v2\/product_brand?post=121129"},{"taxonomy":"product_cat","embeddable":true,"href":"https:\/\/shop.rettum.ee\/en\/wp-json\/wp\/v2\/product_cat?post=121129"},{"taxonomy":"product_tag","embeddable":true,"href":"https:\/\/shop.rettum.ee\/en\/wp-json\/wp\/v2\/product_tag?post=121129"},{"taxonomy":"pa_brand_name","embeddable":true,"href":"https:\/\/shop.rettum.ee\/en\/wp-json\/wp\/v2\/pa_brand_name?post=121129"}],"curies":[{"name":"wp","href":"https:\/\/api.w.org\/{rel}","templated":true}]}}