{"id":121130,"date":"2025-03-31T03:10:37","date_gmt":"2025-03-31T00:10:37","guid":{"rendered":"https:\/\/shop.rettum.ee\/toode\/315-35r21-continental-premiumcontact-7-111y-xl-elect-fr-bab73\/"},"modified":"2026-03-22T03:07:21","modified_gmt":"2026-03-22T01:07:21","slug":"315-35r21-continental-premiumcontact-7-111y-xl-elect-fr-bab73","status":"publish","type":"product","link":"https:\/\/shop.rettum.ee\/en\/product\/315-35r21-continental-premiumcontact-7-111y-xl-elect-fr-bab73\/","title":{"rendered":"315\/35R21 CONTINENTAL PREMIUMCONTACT 7 111Y XL Elect FR BAB73"},"content":{"rendered":"<p>315\/35R21 Continental PremiumContact 7 111Y XL Elect FR BAB73 on erakordselt kvaliteetne ja innovatiivne rehv, mis on loodud k\u00f5rgtehnoloogilise t\u00e4psuse ning maksimaalse s\u00f5idumugavuse tagamiseks. Selle spetsiaalsed disainilahendused tagavad silmapaistvad pidamisomadused nii kuivadel kui niisketel teedel, pakkudes suurep\u00e4rast stabiilsust ka k\u00f5rgetel kiirustel. XL versioon annab lisakoorma kandev\u00f5ime, mis teeb rehvi ideaalseks ka n\u00f5udlikumates s\u00f5idutingimustes. <\/p>\n<p>111Y m\u00e4rk n\u00e4itab, et rehv suudab toime tulla k\u00f5rgete kiirustega, muutes selle sobivaks sportlike autode ja d\u00fcnaamilise s\u00f5idu jaoks. Elect FR tehnoloogia lisab t\u00e4iesti uue taseme s\u00f5idukontrollis, pakkudes t\u00e4iendavat kindlustunnet ja reageerimisv\u00f5imet. Continental PremiumContact 7 on disainitud pakkuma optimaalset haardumist ning t\u00e4pset juhitavust, muutes iga teekonna turvaliseks ja nauditavaks.<\/p>\n<p>Valides selle rehvi, olete kindlad, et investeerite usaldusv\u00e4\u00e4rsesse ja innovatiivsesse tootmisse, mis vastab ka k\u00f5ige n\u00f5udlikumatele s\u00f5iduoludele.<\/p>","protected":false},"excerpt":{"rendered":"<p>315\/35R21 Continental PremiumContact 7 111Y XL Elect FR BAB73 on erakordselt kvaliteetne ja innovatiivne rehv, mis on loodud k\u00f5rgtehnoloogilise t\u00e4psuse ning maksimaalse s\u00f5idumugavuse tagamiseks. Selle spetsiaalsed disainilahendused tagavad silmapaistvad pidamisomadused nii kuivadel kui niisketel teedel, pakkudes suurep\u00e4rast stabiilsust ka k\u00f5rgetel kiirustel. XL versioon annab lisakoorma kandev\u00f5ime, mis teeb rehvi ideaalseks ka n\u00f5udlikumates s\u00f5idutingimustes. 111Y m\u00e4rk [&hellip;]<\/p>\n","protected":false},"featured_media":124864,"template":"","meta":{"site-sidebar-layout":"default","site-content-layout":"","ast-site-content-layout":"","site-content-style":"default","site-sidebar-style":"default","ast-global-header-display":"","ast-banner-title-visibility":"","ast-main-header-display":"","ast-hfb-above-header-display":"","ast-hfb-below-header-display":"","ast-hfb-mobile-header-display":"","site-post-title":"","ast-breadcrumbs-content":"","ast-featured-img":"","footer-sml-layout":"","theme-transparent-header-meta":"","adv-header-id-meta":"","stick-header-meta":"","header-above-stick-meta":"","header-main-stick-meta":"","header-below-stick-meta":"","astra-migrate-meta-layouts":"default","ast-page-background-enabled":"default","ast-page-background-meta":{"desktop":{"background-color":"","background-image":"","background-repeat":"repeat","background-position":"center center","background-size":"auto","background-attachment":"scroll","background-type":"","background-media":"","overlay-type":"","overlay-color":"","overlay-opacity":"","overlay-gradient":""},"tablet":{"background-color":"","background-image":"","background-repeat":"repeat","background-position":"center center","background-size":"auto","background-attachment":"scroll","background-type":"","background-media":"","overlay-type":"","overlay-color":"","overlay-opacity":"","overlay-gradient":""},"mobile":{"background-color":"","background-image":"","background-repeat":"repeat","background-position":"center center","background-size":"auto","background-attachment":"scroll","background-type":"","background-media":"","overlay-type":"","overlay-color":"","overlay-opacity":"","overlay-gradient":""}},"ast-content-background-meta":{"desktop":{"background-color":"var(--ast-global-color-5)","background-image":"","background-repeat":"repeat","background-position":"center center","background-size":"auto","background-attachment":"scroll","background-type":"","background-media":"","overlay-type":"","overlay-color":"","overlay-opacity":"","overlay-gradient":""},"tablet":{"background-color":"var(--ast-global-color-5)","background-image":"","background-repeat":"repeat","background-position":"center center","background-size":"auto","background-attachment":"scroll","background-type":"","background-media":"","overlay-type":"","overlay-color":"","overlay-opacity":"","overlay-gradient":""},"mobile":{"background-color":"var(--ast-global-color-5)","background-image":"","background-repeat":"repeat","background-position":"center center","background-size":"auto","background-attachment":"scroll","background-type":"","background-media":"","overlay-type":"","overlay-color":"","overlay-opacity":"","overlay-gradient":""}}},"product_brand":[],"product_cat":[34225],"product_tag":[],"pa_brand_name":[25035],"class_list":{"0":"post-121130","1":"product","2":"type-product","3":"status-publish","4":"has-post-thumbnail","6":"product_cat-summer-tires-pv","7":"pa_brand_name-continental","8":"desktop-align-left","9":"tablet-align-left","10":"mobile-align-left","12":"first","13":"outofstock","14":"taxable","15":"shipping-taxable","16":"purchasable","17":"product-type-simple"},"_links":{"self":[{"href":"https:\/\/shop.rettum.ee\/en\/wp-json\/wp\/v2\/product\/121130","targetHints":{"allow":["GET"]}}],"collection":[{"href":"https:\/\/shop.rettum.ee\/en\/wp-json\/wp\/v2\/product"}],"about":[{"href":"https:\/\/shop.rettum.ee\/en\/wp-json\/wp\/v2\/types\/product"}],"version-history":[{"count":1,"href":"https:\/\/shop.rettum.ee\/en\/wp-json\/wp\/v2\/product\/121130\/revisions"}],"predecessor-version":[{"id":125463,"href":"https:\/\/shop.rettum.ee\/en\/wp-json\/wp\/v2\/product\/121130\/revisions\/125463"}],"wp:featuredmedia":[{"embeddable":true,"href":"https:\/\/shop.rettum.ee\/en\/wp-json\/wp\/v2\/media\/124864"}],"wp:attachment":[{"href":"https:\/\/shop.rettum.ee\/en\/wp-json\/wp\/v2\/media?parent=121130"}],"wp:term":[{"taxonomy":"product_brand","embeddable":true,"href":"https:\/\/shop.rettum.ee\/en\/wp-json\/wp\/v2\/product_brand?post=121130"},{"taxonomy":"product_cat","embeddable":true,"href":"https:\/\/shop.rettum.ee\/en\/wp-json\/wp\/v2\/product_cat?post=121130"},{"taxonomy":"product_tag","embeddable":true,"href":"https:\/\/shop.rettum.ee\/en\/wp-json\/wp\/v2\/product_tag?post=121130"},{"taxonomy":"pa_brand_name","embeddable":true,"href":"https:\/\/shop.rettum.ee\/en\/wp-json\/wp\/v2\/pa_brand_name?post=121130"}],"curies":[{"name":"wp","href":"https:\/\/api.w.org\/{rel}","templated":true}]}}