{"id":121131,"date":"2025-03-31T03:10:37","date_gmt":"2025-03-31T00:10:37","guid":{"rendered":"https:\/\/shop.rettum.ee\/toode\/225-40r18-continental-sportcontact-7-92y-xl-fr-cab72\/"},"modified":"2026-03-28T02:50:57","modified_gmt":"2026-03-28T00:50:57","slug":"225-40r18-continental-sportcontact-7-92y-xl-fr-cab72","status":"publish","type":"product","link":"https:\/\/shop.rettum.ee\/en\/product\/225-40r18-continental-sportcontact-7-92y-xl-fr-cab72\/","title":{"rendered":"225\/40R18 CONTINENTAL SPORTCONTACT 7 92Y XL FR CAB72"},"content":{"rendered":"<p>Avasta Continental SportContact 7 rehvi pakutav sportlik j\u00f5ud ja usaldusv\u00e4\u00e4rsus. Rehv mudeliga 225\/40R18 on disainitud pakkuma maksimaalset haardumist nii kuival kui ka m\u00e4rgal teel, tagades turvalise ja kindla s\u00f5idu igas olukorras. See k\u00f5rgtasemel rehvi versioon, millel on kood 92Y XL, \u00fchendab endas suure koormuskindluse ning muljetavaldava kiirusv\u00f5ime \u2013 ideaalne valik sportlikele autojuhtidele, kes n\u00f5uavad parimat sooritust.<\/p>\n<p>Continental on tuntud oma uuenduslike tehnoloogiate ja rangete kvaliteedistandardite poolest, pakkudes rehvile \u00fclimat stabiilsust ja reageerimisv\u00f5imet kummardades k\u00e4\u00e4nudes ning t\u00e4psetes man\u00f6\u00f6vrites. Erakordne disain ja optimeeritud profiil aitavad v\u00e4hendada veeretakistust ja parandada k\u00fctuses\u00e4\u00e4stlikkust, muutes selle rehviga s\u00f5idu nauditavamaks ja \u00f6konoomsemaks. Tootekood CAB72 kinnitab rehvi autentsuse ja kvaliteedi, millele v\u00f5ite kindlalt loota. <\/p>\n<p>Continental SportContact 7 on ideaalne lahendus neile, kes hindavad ohutust, j\u00f5udlust ja tipptasemel insenerit\u00f6\u00f6d \u2013 k\u00f5ik need omadused \u00fches muljetavaldavas rehvis.<\/p>","protected":false},"excerpt":{"rendered":"<p>Avasta Continental SportContact 7 rehvi pakutav sportlik j\u00f5ud ja usaldusv\u00e4\u00e4rsus. Rehv mudeliga 225\/40R18 on disainitud pakkuma maksimaalset haardumist nii kuival kui ka m\u00e4rgal teel, tagades turvalise ja kindla s\u00f5idu igas olukorras. See k\u00f5rgtasemel rehvi versioon, millel on kood 92Y XL, \u00fchendab endas suure koormuskindluse ning muljetavaldava kiirusv\u00f5ime \u2013 ideaalne valik sportlikele autojuhtidele, kes n\u00f5uavad parimat [&hellip;]<\/p>\n","protected":false},"featured_media":124863,"template":"","meta":{"site-sidebar-layout":"default","site-content-layout":"","ast-site-content-layout":"","site-content-style":"default","site-sidebar-style":"default","ast-global-header-display":"","ast-banner-title-visibility":"","ast-main-header-display":"","ast-hfb-above-header-display":"","ast-hfb-below-header-display":"","ast-hfb-mobile-header-display":"","site-post-title":"","ast-breadcrumbs-content":"","ast-featured-img":"","footer-sml-layout":"","theme-transparent-header-meta":"","adv-header-id-meta":"","stick-header-meta":"","header-above-stick-meta":"","header-main-stick-meta":"","header-below-stick-meta":"","astra-migrate-meta-layouts":"default","ast-page-background-enabled":"default","ast-page-background-meta":{"desktop":{"background-color":"","background-image":"","background-repeat":"repeat","background-position":"center center","background-size":"auto","background-attachment":"scroll","background-type":"","background-media":"","overlay-type":"","overlay-color":"","overlay-opacity":"","overlay-gradient":""},"tablet":{"background-color":"","background-image":"","background-repeat":"repeat","background-position":"center center","background-size":"auto","background-attachment":"scroll","background-type":"","background-media":"","overlay-type":"","overlay-color":"","overlay-opacity":"","overlay-gradient":""},"mobile":{"background-color":"","background-image":"","background-repeat":"repeat","background-position":"center center","background-size":"auto","background-attachment":"scroll","background-type":"","background-media":"","overlay-type":"","overlay-color":"","overlay-opacity":"","overlay-gradient":""}},"ast-content-background-meta":{"desktop":{"background-color":"var(--ast-global-color-5)","background-image":"","background-repeat":"repeat","background-position":"center center","background-size":"auto","background-attachment":"scroll","background-type":"","background-media":"","overlay-type":"","overlay-color":"","overlay-opacity":"","overlay-gradient":""},"tablet":{"background-color":"var(--ast-global-color-5)","background-image":"","background-repeat":"repeat","background-position":"center center","background-size":"auto","background-attachment":"scroll","background-type":"","background-media":"","overlay-type":"","overlay-color":"","overlay-opacity":"","overlay-gradient":""},"mobile":{"background-color":"var(--ast-global-color-5)","background-image":"","background-repeat":"repeat","background-position":"center center","background-size":"auto","background-attachment":"scroll","background-type":"","background-media":"","overlay-type":"","overlay-color":"","overlay-opacity":"","overlay-gradient":""}}},"product_brand":[],"product_cat":[34225],"product_tag":[],"pa_brand_name":[25035],"class_list":{"0":"post-121131","1":"product","2":"type-product","3":"status-publish","4":"has-post-thumbnail","6":"product_cat-summer-tires-pv","7":"pa_brand_name-continental","8":"desktop-align-left","9":"tablet-align-left","10":"mobile-align-left","12":"first","13":"instock","14":"taxable","15":"shipping-taxable","16":"purchasable","17":"product-type-simple"},"_links":{"self":[{"href":"https:\/\/shop.rettum.ee\/en\/wp-json\/wp\/v2\/product\/121131","targetHints":{"allow":["GET"]}}],"collection":[{"href":"https:\/\/shop.rettum.ee\/en\/wp-json\/wp\/v2\/product"}],"about":[{"href":"https:\/\/shop.rettum.ee\/en\/wp-json\/wp\/v2\/types\/product"}],"version-history":[{"count":1,"href":"https:\/\/shop.rettum.ee\/en\/wp-json\/wp\/v2\/product\/121131\/revisions"}],"predecessor-version":[{"id":125464,"href":"https:\/\/shop.rettum.ee\/en\/wp-json\/wp\/v2\/product\/121131\/revisions\/125464"}],"wp:featuredmedia":[{"embeddable":true,"href":"https:\/\/shop.rettum.ee\/en\/wp-json\/wp\/v2\/media\/124863"}],"wp:attachment":[{"href":"https:\/\/shop.rettum.ee\/en\/wp-json\/wp\/v2\/media?parent=121131"}],"wp:term":[{"taxonomy":"product_brand","embeddable":true,"href":"https:\/\/shop.rettum.ee\/en\/wp-json\/wp\/v2\/product_brand?post=121131"},{"taxonomy":"product_cat","embeddable":true,"href":"https:\/\/shop.rettum.ee\/en\/wp-json\/wp\/v2\/product_cat?post=121131"},{"taxonomy":"product_tag","embeddable":true,"href":"https:\/\/shop.rettum.ee\/en\/wp-json\/wp\/v2\/product_tag?post=121131"},{"taxonomy":"pa_brand_name","embeddable":true,"href":"https:\/\/shop.rettum.ee\/en\/wp-json\/wp\/v2\/pa_brand_name?post=121131"}],"curies":[{"name":"wp","href":"https:\/\/api.w.org\/{rel}","templated":true}]}}