{"id":121132,"date":"2025-03-31T03:10:38","date_gmt":"2025-03-31T00:10:38","guid":{"rendered":"https:\/\/shop.rettum.ee\/toode\/245-40r18-continental-sportcontact-7-97y-xl-fr-cab72\/"},"modified":"2026-03-24T02:47:34","modified_gmt":"2026-03-24T00:47:34","slug":"245-40r18-continental-sportcontact-7-97y-xl-fr-cab72","status":"publish","type":"product","link":"https:\/\/shop.rettum.ee\/en\/product\/245-40r18-continental-sportcontact-7-97y-xl-fr-cab72\/","title":{"rendered":"245\/40R18 CONTINENTAL SPORTCONTACT 7 97Y XL FR CAB72"},"content":{"rendered":"<p>Avasta k\u00f5rgetasemeline s\u00f5idukogemus Continental SportContact 7 rehvi toel, mis on loodud pakkuma maksimaalset haarduvust ja t\u00e4pset juhitavust ka n\u00f5udlikemates tingimustes. Tootenimi 245\/40R18 toob esile ideaalse m\u00f5\u00f5du ja modernse disaini, mis sobib suurep\u00e4raselt sportlikele ja j\u00f5udlust n\u00f5udvatele s\u00f5idukitele.<\/p>\n<p>Rehvi XL klassi m\u00e4rgis ja 97Y koormusindeks tagavad lisatugevuse ja ohutuse, v\u00f5imaldades s\u00f5itu ka k\u00f5rgematel kiirustel. FR tehnoloogia v\u00f5imaldab s\u00e4ilitada juhitavuse ka v\u00f5imalikul rehvi kahjustuse korral, pakkudes seel\u00e4bi t\u00e4iendavat turvatunnet. Innovatiivne mustridisain parandab veoj\u00f5udu ning l\u00fchendab pidurdamisteed nii kuivadel kui ka m\u00e4rgadel teedel, andes sulle kindlustunde igal kurvil ja kiirusel.<\/p>\n<p>Continental SportContact 7 rehvid on loodud neile, kes hindavad tipptasemel tehnoloogiat ja ohutust igal kilomeetril. Investeeri oma s\u00f5iduasutuse j\u00f5udlusesse ja nautige t\u00e4nu nendele kvaliteetsetele rehvidele alati enesekindlat ning stabiilset s\u00f5idukogemust.<\/p>","protected":false},"excerpt":{"rendered":"<p>Avasta k\u00f5rgetasemeline s\u00f5idukogemus Continental SportContact 7 rehvi toel, mis on loodud pakkuma maksimaalset haarduvust ja t\u00e4pset juhitavust ka n\u00f5udlikemates tingimustes. Tootenimi 245\/40R18 toob esile ideaalse m\u00f5\u00f5du ja modernse disaini, mis sobib suurep\u00e4raselt sportlikele ja j\u00f5udlust n\u00f5udvatele s\u00f5idukitele. Rehvi XL klassi m\u00e4rgis ja 97Y koormusindeks tagavad lisatugevuse ja ohutuse, v\u00f5imaldades s\u00f5itu ka k\u00f5rgematel kiirustel. FR tehnoloogia [&hellip;]<\/p>\n","protected":false},"featured_media":124863,"template":"","meta":{"site-sidebar-layout":"default","site-content-layout":"","ast-site-content-layout":"","site-content-style":"default","site-sidebar-style":"default","ast-global-header-display":"","ast-banner-title-visibility":"","ast-main-header-display":"","ast-hfb-above-header-display":"","ast-hfb-below-header-display":"","ast-hfb-mobile-header-display":"","site-post-title":"","ast-breadcrumbs-content":"","ast-featured-img":"","footer-sml-layout":"","theme-transparent-header-meta":"","adv-header-id-meta":"","stick-header-meta":"","header-above-stick-meta":"","header-main-stick-meta":"","header-below-stick-meta":"","astra-migrate-meta-layouts":"default","ast-page-background-enabled":"default","ast-page-background-meta":{"desktop":{"background-color":"","background-image":"","background-repeat":"repeat","background-position":"center center","background-size":"auto","background-attachment":"scroll","background-type":"","background-media":"","overlay-type":"","overlay-color":"","overlay-opacity":"","overlay-gradient":""},"tablet":{"background-color":"","background-image":"","background-repeat":"repeat","background-position":"center center","background-size":"auto","background-attachment":"scroll","background-type":"","background-media":"","overlay-type":"","overlay-color":"","overlay-opacity":"","overlay-gradient":""},"mobile":{"background-color":"","background-image":"","background-repeat":"repeat","background-position":"center center","background-size":"auto","background-attachment":"scroll","background-type":"","background-media":"","overlay-type":"","overlay-color":"","overlay-opacity":"","overlay-gradient":""}},"ast-content-background-meta":{"desktop":{"background-color":"var(--ast-global-color-5)","background-image":"","background-repeat":"repeat","background-position":"center center","background-size":"auto","background-attachment":"scroll","background-type":"","background-media":"","overlay-type":"","overlay-color":"","overlay-opacity":"","overlay-gradient":""},"tablet":{"background-color":"var(--ast-global-color-5)","background-image":"","background-repeat":"repeat","background-position":"center center","background-size":"auto","background-attachment":"scroll","background-type":"","background-media":"","overlay-type":"","overlay-color":"","overlay-opacity":"","overlay-gradient":""},"mobile":{"background-color":"var(--ast-global-color-5)","background-image":"","background-repeat":"repeat","background-position":"center center","background-size":"auto","background-attachment":"scroll","background-type":"","background-media":"","overlay-type":"","overlay-color":"","overlay-opacity":"","overlay-gradient":""}}},"product_brand":[],"product_cat":[34225],"product_tag":[],"pa_brand_name":[25035],"class_list":{"0":"post-121132","1":"product","2":"type-product","3":"status-publish","4":"has-post-thumbnail","6":"product_cat-summer-tires-pv","7":"pa_brand_name-continental","8":"desktop-align-left","9":"tablet-align-left","10":"mobile-align-left","12":"first","13":"instock","14":"taxable","15":"shipping-taxable","16":"purchasable","17":"product-type-simple"},"_links":{"self":[{"href":"https:\/\/shop.rettum.ee\/en\/wp-json\/wp\/v2\/product\/121132","targetHints":{"allow":["GET"]}}],"collection":[{"href":"https:\/\/shop.rettum.ee\/en\/wp-json\/wp\/v2\/product"}],"about":[{"href":"https:\/\/shop.rettum.ee\/en\/wp-json\/wp\/v2\/types\/product"}],"version-history":[{"count":1,"href":"https:\/\/shop.rettum.ee\/en\/wp-json\/wp\/v2\/product\/121132\/revisions"}],"predecessor-version":[{"id":125462,"href":"https:\/\/shop.rettum.ee\/en\/wp-json\/wp\/v2\/product\/121132\/revisions\/125462"}],"wp:featuredmedia":[{"embeddable":true,"href":"https:\/\/shop.rettum.ee\/en\/wp-json\/wp\/v2\/media\/124863"}],"wp:attachment":[{"href":"https:\/\/shop.rettum.ee\/en\/wp-json\/wp\/v2\/media?parent=121132"}],"wp:term":[{"taxonomy":"product_brand","embeddable":true,"href":"https:\/\/shop.rettum.ee\/en\/wp-json\/wp\/v2\/product_brand?post=121132"},{"taxonomy":"product_cat","embeddable":true,"href":"https:\/\/shop.rettum.ee\/en\/wp-json\/wp\/v2\/product_cat?post=121132"},{"taxonomy":"product_tag","embeddable":true,"href":"https:\/\/shop.rettum.ee\/en\/wp-json\/wp\/v2\/product_tag?post=121132"},{"taxonomy":"pa_brand_name","embeddable":true,"href":"https:\/\/shop.rettum.ee\/en\/wp-json\/wp\/v2\/pa_brand_name?post=121132"}],"curies":[{"name":"wp","href":"https:\/\/api.w.org\/{rel}","templated":true}]}}