{"id":121133,"date":"2025-03-31T03:10:39","date_gmt":"2025-03-31T00:10:39","guid":{"rendered":"https:\/\/shop.rettum.ee\/toode\/255-35r18-continental-sportcontact-7-94y-xl-fr-dab73\/"},"modified":"2026-03-22T03:07:21","modified_gmt":"2026-03-22T01:07:21","slug":"255-35r18-continental-sportcontact-7-94y-xl-fr-dab73","status":"publish","type":"product","link":"https:\/\/shop.rettum.ee\/en\/product\/255-35r18-continental-sportcontact-7-94y-xl-fr-dab73\/","title":{"rendered":"255\/35R18 CONTINENTAL SPORTCONTACT 7 94Y XL FR DAB73"},"content":{"rendered":"<p>Continental SportContact 7 rehvid on tipptasemel suverehvid, mis on loodud pakkuma maksimaalset juhitavust ja ohutust nii igap\u00e4evasel teel kui ka sportlikel s\u00f5itudeks. Rehvi m\u00f5\u00f5tmed 255\/35R18 sobivad ideaalselt sportauto n\u00f5udliku k\u00e4itumise ja j\u00f5udlusega, v\u00f5imaldades s\u00f5ita kindlalt ka k\u00f5rgetel kiirustel \u2013 kiirusindeks 94Y tagab usaldusv\u00e4\u00e4rse t\u00f6\u00f6 erakordselt k\u00f5rgetel kiirustel. XL-t\u00e4his n\u00e4itab, et rehv on konstrueeritud \u00fclekoormatud tingimusteks, pakkudes lisastabiilsust ja vastupidavust erilistes s\u00f5idutingimustes. <\/p>\n<p>Tehnoloogilised lahendused FR ja DAB73 parendavad rehvi j\u00f5udlust, tagades kiire reageerimise ja t\u00e4pse juhitavuse nii kuival kui ka niiskel teel. Continental SportContact 7 on ideaalne valik neile, kes hindavad sportlikku disaini, k\u00f5rget s\u00f5iduk\u00e4itumist ja turvalisust. Investeerides sellesse rehvisse, on iga teekond t\u00e4is kindlustunnet ja maksimaalset s\u00f5idumugavust.<\/p>","protected":false},"excerpt":{"rendered":"<p>Continental SportContact 7 rehvid on tipptasemel suverehvid, mis on loodud pakkuma maksimaalset juhitavust ja ohutust nii igap\u00e4evasel teel kui ka sportlikel s\u00f5itudeks. Rehvi m\u00f5\u00f5tmed 255\/35R18 sobivad ideaalselt sportauto n\u00f5udliku k\u00e4itumise ja j\u00f5udlusega, v\u00f5imaldades s\u00f5ita kindlalt ka k\u00f5rgetel kiirustel \u2013 kiirusindeks 94Y tagab usaldusv\u00e4\u00e4rse t\u00f6\u00f6 erakordselt k\u00f5rgetel kiirustel. XL-t\u00e4his n\u00e4itab, et rehv on konstrueeritud \u00fclekoormatud tingimusteks, [&hellip;]<\/p>\n","protected":false},"featured_media":124863,"template":"","meta":{"site-sidebar-layout":"default","site-content-layout":"","ast-site-content-layout":"","site-content-style":"default","site-sidebar-style":"default","ast-global-header-display":"","ast-banner-title-visibility":"","ast-main-header-display":"","ast-hfb-above-header-display":"","ast-hfb-below-header-display":"","ast-hfb-mobile-header-display":"","site-post-title":"","ast-breadcrumbs-content":"","ast-featured-img":"","footer-sml-layout":"","theme-transparent-header-meta":"","adv-header-id-meta":"","stick-header-meta":"","header-above-stick-meta":"","header-main-stick-meta":"","header-below-stick-meta":"","astra-migrate-meta-layouts":"default","ast-page-background-enabled":"default","ast-page-background-meta":{"desktop":{"background-color":"","background-image":"","background-repeat":"repeat","background-position":"center center","background-size":"auto","background-attachment":"scroll","background-type":"","background-media":"","overlay-type":"","overlay-color":"","overlay-opacity":"","overlay-gradient":""},"tablet":{"background-color":"","background-image":"","background-repeat":"repeat","background-position":"center center","background-size":"auto","background-attachment":"scroll","background-type":"","background-media":"","overlay-type":"","overlay-color":"","overlay-opacity":"","overlay-gradient":""},"mobile":{"background-color":"","background-image":"","background-repeat":"repeat","background-position":"center center","background-size":"auto","background-attachment":"scroll","background-type":"","background-media":"","overlay-type":"","overlay-color":"","overlay-opacity":"","overlay-gradient":""}},"ast-content-background-meta":{"desktop":{"background-color":"var(--ast-global-color-5)","background-image":"","background-repeat":"repeat","background-position":"center center","background-size":"auto","background-attachment":"scroll","background-type":"","background-media":"","overlay-type":"","overlay-color":"","overlay-opacity":"","overlay-gradient":""},"tablet":{"background-color":"var(--ast-global-color-5)","background-image":"","background-repeat":"repeat","background-position":"center center","background-size":"auto","background-attachment":"scroll","background-type":"","background-media":"","overlay-type":"","overlay-color":"","overlay-opacity":"","overlay-gradient":""},"mobile":{"background-color":"var(--ast-global-color-5)","background-image":"","background-repeat":"repeat","background-position":"center center","background-size":"auto","background-attachment":"scroll","background-type":"","background-media":"","overlay-type":"","overlay-color":"","overlay-opacity":"","overlay-gradient":""}}},"product_brand":[],"product_cat":[34225],"product_tag":[],"pa_brand_name":[25035],"class_list":{"0":"post-121133","1":"product","2":"type-product","3":"status-publish","4":"has-post-thumbnail","6":"product_cat-summer-tires-pv","7":"pa_brand_name-continental","8":"desktop-align-left","9":"tablet-align-left","10":"mobile-align-left","12":"first","13":"outofstock","14":"taxable","15":"shipping-taxable","16":"purchasable","17":"product-type-simple"},"_links":{"self":[{"href":"https:\/\/shop.rettum.ee\/en\/wp-json\/wp\/v2\/product\/121133","targetHints":{"allow":["GET"]}}],"collection":[{"href":"https:\/\/shop.rettum.ee\/en\/wp-json\/wp\/v2\/product"}],"about":[{"href":"https:\/\/shop.rettum.ee\/en\/wp-json\/wp\/v2\/types\/product"}],"version-history":[{"count":1,"href":"https:\/\/shop.rettum.ee\/en\/wp-json\/wp\/v2\/product\/121133\/revisions"}],"predecessor-version":[{"id":125460,"href":"https:\/\/shop.rettum.ee\/en\/wp-json\/wp\/v2\/product\/121133\/revisions\/125460"}],"wp:featuredmedia":[{"embeddable":true,"href":"https:\/\/shop.rettum.ee\/en\/wp-json\/wp\/v2\/media\/124863"}],"wp:attachment":[{"href":"https:\/\/shop.rettum.ee\/en\/wp-json\/wp\/v2\/media?parent=121133"}],"wp:term":[{"taxonomy":"product_brand","embeddable":true,"href":"https:\/\/shop.rettum.ee\/en\/wp-json\/wp\/v2\/product_brand?post=121133"},{"taxonomy":"product_cat","embeddable":true,"href":"https:\/\/shop.rettum.ee\/en\/wp-json\/wp\/v2\/product_cat?post=121133"},{"taxonomy":"product_tag","embeddable":true,"href":"https:\/\/shop.rettum.ee\/en\/wp-json\/wp\/v2\/product_tag?post=121133"},{"taxonomy":"pa_brand_name","embeddable":true,"href":"https:\/\/shop.rettum.ee\/en\/wp-json\/wp\/v2\/pa_brand_name?post=121133"}],"curies":[{"name":"wp","href":"https:\/\/api.w.org\/{rel}","templated":true}]}}