{"id":121134,"date":"2025-03-31T03:10:39","date_gmt":"2025-03-31T00:10:39","guid":{"rendered":"https:\/\/shop.rettum.ee\/toode\/265-35r18-continental-sportcontact-7-97y-xl-fr-cab72\/"},"modified":"2026-03-24T02:47:35","modified_gmt":"2026-03-24T00:47:35","slug":"265-35r18-continental-sportcontact-7-97y-xl-fr-cab72","status":"publish","type":"product","link":"https:\/\/shop.rettum.ee\/en\/product\/265-35r18-continental-sportcontact-7-97y-xl-fr-cab72\/","title":{"rendered":"265\/35R18 CONTINENTAL SPORTCONTACT 7 97Y XL FR CAB72"},"content":{"rendered":"<p>265\/35R18 CONTINENTAL SPORTCONTACT 7 on k\u00f5rgetasemeline rehv, mis on loodud pakkuma erakordset s\u00f5idum\u00f5nu ja turvalisust ka k\u00f5ige n\u00f5udlikumal teel. Selle sportlik disain ja kaasaegsed tehnoloogiad tagavad t\u00e4pse juhitavuse ning kindla haarduvuse nii kuivatel kui ka m\u00e4rgadel teedel. Rehvi m\u00f5\u00f5t 265\/35R18 v\u00f5imaldab suurep\u00e4rast \u00fchendust teepinnaga, mis soodustab sportlikku ja stabiilset s\u00f5idustiili \u2013 ideaalne valik kiirete ja d\u00fcnaamiliste s\u00f5idude jaoks.<\/p>\n<p>Sertifitseeritud koormusindeks 97Y annab kindlustunde ka suuremadest koormustest ja suurematest s\u00f5iduki j\u00f5udlustest, samas XL-versioon lisab t\u00e4iendavat koormusv\u00f5imet ning tugevust. FR ja CAB72 m\u00e4rgistused annavad t\u00e4iendavaid viiteid rehvi funktsionaalsusele ning kaasaegsetele tehnilistele lahendustele, mis tagavad maksimaalse turvalisuse ja t\u00f6\u00f6kindluse.<\/p>\n<p>Continental SportContact 7 on loodud s\u00f5iduarmastajatele ja neile, kes hindavad kvaliteeti ja tipptaset. See rehv pakub usaldusv\u00e4\u00e4rset kontakti teega ning tagab suurep\u00e4rase reageerimisv\u00f5ime igas s\u00f5idutingimuses, muutes selle ideaalseks valikuks sportlikule ja sportlikult m\u00f5eldud s\u00f5idule.<\/p>","protected":false},"excerpt":{"rendered":"<p>265\/35R18 CONTINENTAL SPORTCONTACT 7 on k\u00f5rgetasemeline rehv, mis on loodud pakkuma erakordset s\u00f5idum\u00f5nu ja turvalisust ka k\u00f5ige n\u00f5udlikumal teel. Selle sportlik disain ja kaasaegsed tehnoloogiad tagavad t\u00e4pse juhitavuse ning kindla haarduvuse nii kuivatel kui ka m\u00e4rgadel teedel. Rehvi m\u00f5\u00f5t 265\/35R18 v\u00f5imaldab suurep\u00e4rast \u00fchendust teepinnaga, mis soodustab sportlikku ja stabiilset s\u00f5idustiili \u2013 ideaalne valik kiirete ja [&hellip;]<\/p>\n","protected":false},"featured_media":124863,"template":"","meta":{"site-sidebar-layout":"default","site-content-layout":"","ast-site-content-layout":"","site-content-style":"default","site-sidebar-style":"default","ast-global-header-display":"","ast-banner-title-visibility":"","ast-main-header-display":"","ast-hfb-above-header-display":"","ast-hfb-below-header-display":"","ast-hfb-mobile-header-display":"","site-post-title":"","ast-breadcrumbs-content":"","ast-featured-img":"","footer-sml-layout":"","theme-transparent-header-meta":"","adv-header-id-meta":"","stick-header-meta":"","header-above-stick-meta":"","header-main-stick-meta":"","header-below-stick-meta":"","astra-migrate-meta-layouts":"default","ast-page-background-enabled":"default","ast-page-background-meta":{"desktop":{"background-color":"","background-image":"","background-repeat":"repeat","background-position":"center center","background-size":"auto","background-attachment":"scroll","background-type":"","background-media":"","overlay-type":"","overlay-color":"","overlay-opacity":"","overlay-gradient":""},"tablet":{"background-color":"","background-image":"","background-repeat":"repeat","background-position":"center center","background-size":"auto","background-attachment":"scroll","background-type":"","background-media":"","overlay-type":"","overlay-color":"","overlay-opacity":"","overlay-gradient":""},"mobile":{"background-color":"","background-image":"","background-repeat":"repeat","background-position":"center center","background-size":"auto","background-attachment":"scroll","background-type":"","background-media":"","overlay-type":"","overlay-color":"","overlay-opacity":"","overlay-gradient":""}},"ast-content-background-meta":{"desktop":{"background-color":"var(--ast-global-color-5)","background-image":"","background-repeat":"repeat","background-position":"center center","background-size":"auto","background-attachment":"scroll","background-type":"","background-media":"","overlay-type":"","overlay-color":"","overlay-opacity":"","overlay-gradient":""},"tablet":{"background-color":"var(--ast-global-color-5)","background-image":"","background-repeat":"repeat","background-position":"center center","background-size":"auto","background-attachment":"scroll","background-type":"","background-media":"","overlay-type":"","overlay-color":"","overlay-opacity":"","overlay-gradient":""},"mobile":{"background-color":"var(--ast-global-color-5)","background-image":"","background-repeat":"repeat","background-position":"center center","background-size":"auto","background-attachment":"scroll","background-type":"","background-media":"","overlay-type":"","overlay-color":"","overlay-opacity":"","overlay-gradient":""}}},"product_brand":[],"product_cat":[34225],"product_tag":[],"pa_brand_name":[25035],"class_list":{"0":"post-121134","1":"product","2":"type-product","3":"status-publish","4":"has-post-thumbnail","6":"product_cat-summer-tires-pv","7":"pa_brand_name-continental","8":"desktop-align-left","9":"tablet-align-left","10":"mobile-align-left","12":"first","13":"outofstock","14":"taxable","15":"shipping-taxable","16":"purchasable","17":"product-type-simple"},"_links":{"self":[{"href":"https:\/\/shop.rettum.ee\/en\/wp-json\/wp\/v2\/product\/121134","targetHints":{"allow":["GET"]}}],"collection":[{"href":"https:\/\/shop.rettum.ee\/en\/wp-json\/wp\/v2\/product"}],"about":[{"href":"https:\/\/shop.rettum.ee\/en\/wp-json\/wp\/v2\/types\/product"}],"version-history":[{"count":1,"href":"https:\/\/shop.rettum.ee\/en\/wp-json\/wp\/v2\/product\/121134\/revisions"}],"predecessor-version":[{"id":125461,"href":"https:\/\/shop.rettum.ee\/en\/wp-json\/wp\/v2\/product\/121134\/revisions\/125461"}],"wp:featuredmedia":[{"embeddable":true,"href":"https:\/\/shop.rettum.ee\/en\/wp-json\/wp\/v2\/media\/124863"}],"wp:attachment":[{"href":"https:\/\/shop.rettum.ee\/en\/wp-json\/wp\/v2\/media?parent=121134"}],"wp:term":[{"taxonomy":"product_brand","embeddable":true,"href":"https:\/\/shop.rettum.ee\/en\/wp-json\/wp\/v2\/product_brand?post=121134"},{"taxonomy":"product_cat","embeddable":true,"href":"https:\/\/shop.rettum.ee\/en\/wp-json\/wp\/v2\/product_cat?post=121134"},{"taxonomy":"product_tag","embeddable":true,"href":"https:\/\/shop.rettum.ee\/en\/wp-json\/wp\/v2\/product_tag?post=121134"},{"taxonomy":"pa_brand_name","embeddable":true,"href":"https:\/\/shop.rettum.ee\/en\/wp-json\/wp\/v2\/pa_brand_name?post=121134"}],"curies":[{"name":"wp","href":"https:\/\/api.w.org\/{rel}","templated":true}]}}