{"id":121135,"date":"2025-03-31T03:10:40","date_gmt":"2025-03-31T00:10:40","guid":{"rendered":"https:\/\/shop.rettum.ee\/toode\/225-40r19-continental-sportcontact-7-93y-xl-fr-cab72\/"},"modified":"2026-03-28T02:50:58","modified_gmt":"2026-03-28T00:50:58","slug":"225-40r19-continental-sportcontact-7-93y-xl-fr-cab72","status":"publish","type":"product","link":"https:\/\/shop.rettum.ee\/en\/product\/225-40r19-continental-sportcontact-7-93y-xl-fr-cab72\/","title":{"rendered":"225\/40R19 CONTINENTAL SPORTCONTACT 7 93Y XL FR CAB72"},"content":{"rendered":"<p>Avasta uue taseme s\u00f5idukogemus Continental SportContact 7 rehvidega, mis on loodud n\u00f5udlikuks sportlikuks s\u00f5iduks. 225\/40R19 m\u00f5\u00f5tmetega rehvid tagavad suurep\u00e4rase haarduvuse nii kuivadel kui m\u00e4rgal teel, pakkudes kindlat kontakti teepinnaga ja kiiret reageerimist igas olukorras. Rehvi 93Y kiirusindeks v\u00f5imaldab ohutut s\u00f5itu kuni \u00fcle 300 km\/h ning XL ehitus tagab t\u00e4iendava koormustaluvuse, sobitudes ideaalselt ka suure j\u00f5udlusega s\u00f5idukitega.<\/p>\n<p>Continental SportContact 7 disain on optimeeritud maksimaalseks veoj\u00f5uks ja stabiilsuseks, v\u00f5imaldades kindlat kurvides s\u00f5itmist ja paranenud kurvides reageerimist. Innovatiivne mustritehnika ja tipptasemel kummisegu loovad optimaalse haarduvuse igal teekattel, s\u00e4ilitades samal ajal rehvi pika eluea. FR ja CAB72 koodid kinnitavad rehvi k\u00f5rgeid standardeid ja vastupidavust, mis on loodud vastama t\u00e4nap\u00e4eva n\u00f5udlike autohuviliste ootustele.<\/p>\n<p>V\u00e4rskenda oma s\u00f5idukit Continental SportContact 7 rehvidega ning naudi sportlikku, ohutut ja inspireerivat s\u00f5iduomadust igal kilomeetril.<\/p>","protected":false},"excerpt":{"rendered":"<p>Avasta uue taseme s\u00f5idukogemus Continental SportContact 7 rehvidega, mis on loodud n\u00f5udlikuks sportlikuks s\u00f5iduks. 225\/40R19 m\u00f5\u00f5tmetega rehvid tagavad suurep\u00e4rase haarduvuse nii kuivadel kui m\u00e4rgal teel, pakkudes kindlat kontakti teepinnaga ja kiiret reageerimist igas olukorras. Rehvi 93Y kiirusindeks v\u00f5imaldab ohutut s\u00f5itu kuni \u00fcle 300 km\/h ning XL ehitus tagab t\u00e4iendava koormustaluvuse, sobitudes ideaalselt ka suure j\u00f5udlusega [&hellip;]<\/p>\n","protected":false},"featured_media":124863,"template":"","meta":{"site-sidebar-layout":"default","site-content-layout":"","ast-site-content-layout":"","site-content-style":"default","site-sidebar-style":"default","ast-global-header-display":"","ast-banner-title-visibility":"","ast-main-header-display":"","ast-hfb-above-header-display":"","ast-hfb-below-header-display":"","ast-hfb-mobile-header-display":"","site-post-title":"","ast-breadcrumbs-content":"","ast-featured-img":"","footer-sml-layout":"","theme-transparent-header-meta":"","adv-header-id-meta":"","stick-header-meta":"","header-above-stick-meta":"","header-main-stick-meta":"","header-below-stick-meta":"","astra-migrate-meta-layouts":"default","ast-page-background-enabled":"default","ast-page-background-meta":{"desktop":{"background-color":"","background-image":"","background-repeat":"repeat","background-position":"center center","background-size":"auto","background-attachment":"scroll","background-type":"","background-media":"","overlay-type":"","overlay-color":"","overlay-opacity":"","overlay-gradient":""},"tablet":{"background-color":"","background-image":"","background-repeat":"repeat","background-position":"center center","background-size":"auto","background-attachment":"scroll","background-type":"","background-media":"","overlay-type":"","overlay-color":"","overlay-opacity":"","overlay-gradient":""},"mobile":{"background-color":"","background-image":"","background-repeat":"repeat","background-position":"center center","background-size":"auto","background-attachment":"scroll","background-type":"","background-media":"","overlay-type":"","overlay-color":"","overlay-opacity":"","overlay-gradient":""}},"ast-content-background-meta":{"desktop":{"background-color":"var(--ast-global-color-5)","background-image":"","background-repeat":"repeat","background-position":"center center","background-size":"auto","background-attachment":"scroll","background-type":"","background-media":"","overlay-type":"","overlay-color":"","overlay-opacity":"","overlay-gradient":""},"tablet":{"background-color":"var(--ast-global-color-5)","background-image":"","background-repeat":"repeat","background-position":"center center","background-size":"auto","background-attachment":"scroll","background-type":"","background-media":"","overlay-type":"","overlay-color":"","overlay-opacity":"","overlay-gradient":""},"mobile":{"background-color":"var(--ast-global-color-5)","background-image":"","background-repeat":"repeat","background-position":"center center","background-size":"auto","background-attachment":"scroll","background-type":"","background-media":"","overlay-type":"","overlay-color":"","overlay-opacity":"","overlay-gradient":""}}},"product_brand":[],"product_cat":[34225],"product_tag":[],"pa_brand_name":[25035],"class_list":{"0":"post-121135","1":"product","2":"type-product","3":"status-publish","4":"has-post-thumbnail","6":"product_cat-summer-tires-pv","7":"pa_brand_name-continental","8":"desktop-align-left","9":"tablet-align-left","10":"mobile-align-left","12":"first","13":"instock","14":"taxable","15":"shipping-taxable","16":"purchasable","17":"product-type-simple"},"_links":{"self":[{"href":"https:\/\/shop.rettum.ee\/en\/wp-json\/wp\/v2\/product\/121135","targetHints":{"allow":["GET"]}}],"collection":[{"href":"https:\/\/shop.rettum.ee\/en\/wp-json\/wp\/v2\/product"}],"about":[{"href":"https:\/\/shop.rettum.ee\/en\/wp-json\/wp\/v2\/types\/product"}],"version-history":[{"count":1,"href":"https:\/\/shop.rettum.ee\/en\/wp-json\/wp\/v2\/product\/121135\/revisions"}],"predecessor-version":[{"id":125459,"href":"https:\/\/shop.rettum.ee\/en\/wp-json\/wp\/v2\/product\/121135\/revisions\/125459"}],"wp:featuredmedia":[{"embeddable":true,"href":"https:\/\/shop.rettum.ee\/en\/wp-json\/wp\/v2\/media\/124863"}],"wp:attachment":[{"href":"https:\/\/shop.rettum.ee\/en\/wp-json\/wp\/v2\/media?parent=121135"}],"wp:term":[{"taxonomy":"product_brand","embeddable":true,"href":"https:\/\/shop.rettum.ee\/en\/wp-json\/wp\/v2\/product_brand?post=121135"},{"taxonomy":"product_cat","embeddable":true,"href":"https:\/\/shop.rettum.ee\/en\/wp-json\/wp\/v2\/product_cat?post=121135"},{"taxonomy":"product_tag","embeddable":true,"href":"https:\/\/shop.rettum.ee\/en\/wp-json\/wp\/v2\/product_tag?post=121135"},{"taxonomy":"pa_brand_name","embeddable":true,"href":"https:\/\/shop.rettum.ee\/en\/wp-json\/wp\/v2\/pa_brand_name?post=121135"}],"curies":[{"name":"wp","href":"https:\/\/api.w.org\/{rel}","templated":true}]}}