{"id":121136,"date":"2025-03-31T03:10:41","date_gmt":"2025-03-31T00:10:41","guid":{"rendered":"https:\/\/shop.rettum.ee\/toode\/235-35r19-continental-sportcontact-7-91y-xl-fr-dab72\/"},"modified":"2026-03-22T03:07:22","modified_gmt":"2026-03-22T01:07:22","slug":"235-35r19-continental-sportcontact-7-91y-xl-fr-dab72","status":"publish","type":"product","link":"https:\/\/shop.rettum.ee\/en\/product\/235-35r19-continental-sportcontact-7-91y-xl-fr-dab72\/","title":{"rendered":"235\/35R19 CONTINENTAL SPORTCONTACT 7 91Y XL FR DAB72"},"content":{"rendered":"<p>Continental SportContact 7 235\/35R19 on k\u00f5rgetasemeline suverehv, mis on loodud pakkuma \u00fclimat juhitavust ja ohutust nii kuival kui m\u00e4rgal teel. Selle innovatiivne mustrikavaste ja optimeeritud l\u00f6\u00f6gaskeem tagavad suurep\u00e4rase haarduvuse ning l\u00fchikesed pidurdusajad ka ekstreemsetes s\u00f5iduoludes. XL-versioon v\u00f5imaldab suuremat koormust, muutes rehv sobivaks ka n\u00f5udlikele sportautodele ja v\u00f5imsatele s\u00f5idukitele.<\/p>\n<p>Rehvi k\u00f5rgendatud kiirusindeks (91Y) annab kindlustunnet kiirete tempodega s\u00f5itmisel, s\u00e4ilitades samas suurep\u00e4rase man\u00f6\u00f6verdusv\u00f5ime. DAB72 kood ja hoolikalt kavandatud mustrikujundus t\u00f5stavad esile rehv spordilikku ja d\u00fcnaamilist iseloomu, pakkudes kindlat tunda igas s\u00f5idutingimuses.<\/p>\n<p>Valides Continental SportContact 7, saad usaldusv\u00e4\u00e4rse ja tehnoloogiliselt tipptasemel rehvilahenduse, mis vastab kaasaegse auto n\u00f5udmistele ning tagab maksimaalse s\u00f5idunautingu ja ohutuse igal teekonnal.<\/p>","protected":false},"excerpt":{"rendered":"<p>Continental SportContact 7 235\/35R19 on k\u00f5rgetasemeline suverehv, mis on loodud pakkuma \u00fclimat juhitavust ja ohutust nii kuival kui m\u00e4rgal teel. Selle innovatiivne mustrikavaste ja optimeeritud l\u00f6\u00f6gaskeem tagavad suurep\u00e4rase haarduvuse ning l\u00fchikesed pidurdusajad ka ekstreemsetes s\u00f5iduoludes. XL-versioon v\u00f5imaldab suuremat koormust, muutes rehv sobivaks ka n\u00f5udlikele sportautodele ja v\u00f5imsatele s\u00f5idukitele. Rehvi k\u00f5rgendatud kiirusindeks (91Y) annab kindlustunnet kiirete [&hellip;]<\/p>\n","protected":false},"featured_media":124863,"template":"","meta":{"site-sidebar-layout":"default","site-content-layout":"","ast-site-content-layout":"","site-content-style":"default","site-sidebar-style":"default","ast-global-header-display":"","ast-banner-title-visibility":"","ast-main-header-display":"","ast-hfb-above-header-display":"","ast-hfb-below-header-display":"","ast-hfb-mobile-header-display":"","site-post-title":"","ast-breadcrumbs-content":"","ast-featured-img":"","footer-sml-layout":"","theme-transparent-header-meta":"","adv-header-id-meta":"","stick-header-meta":"","header-above-stick-meta":"","header-main-stick-meta":"","header-below-stick-meta":"","astra-migrate-meta-layouts":"default","ast-page-background-enabled":"default","ast-page-background-meta":{"desktop":{"background-color":"","background-image":"","background-repeat":"repeat","background-position":"center center","background-size":"auto","background-attachment":"scroll","background-type":"","background-media":"","overlay-type":"","overlay-color":"","overlay-opacity":"","overlay-gradient":""},"tablet":{"background-color":"","background-image":"","background-repeat":"repeat","background-position":"center center","background-size":"auto","background-attachment":"scroll","background-type":"","background-media":"","overlay-type":"","overlay-color":"","overlay-opacity":"","overlay-gradient":""},"mobile":{"background-color":"","background-image":"","background-repeat":"repeat","background-position":"center center","background-size":"auto","background-attachment":"scroll","background-type":"","background-media":"","overlay-type":"","overlay-color":"","overlay-opacity":"","overlay-gradient":""}},"ast-content-background-meta":{"desktop":{"background-color":"var(--ast-global-color-5)","background-image":"","background-repeat":"repeat","background-position":"center center","background-size":"auto","background-attachment":"scroll","background-type":"","background-media":"","overlay-type":"","overlay-color":"","overlay-opacity":"","overlay-gradient":""},"tablet":{"background-color":"var(--ast-global-color-5)","background-image":"","background-repeat":"repeat","background-position":"center center","background-size":"auto","background-attachment":"scroll","background-type":"","background-media":"","overlay-type":"","overlay-color":"","overlay-opacity":"","overlay-gradient":""},"mobile":{"background-color":"var(--ast-global-color-5)","background-image":"","background-repeat":"repeat","background-position":"center center","background-size":"auto","background-attachment":"scroll","background-type":"","background-media":"","overlay-type":"","overlay-color":"","overlay-opacity":"","overlay-gradient":""}}},"product_brand":[],"product_cat":[34225],"product_tag":[],"pa_brand_name":[25035],"class_list":{"0":"post-121136","1":"product","2":"type-product","3":"status-publish","4":"has-post-thumbnail","6":"product_cat-summer-tires-pv","7":"pa_brand_name-continental","8":"desktop-align-left","9":"tablet-align-left","10":"mobile-align-left","12":"first","13":"outofstock","14":"taxable","15":"shipping-taxable","16":"purchasable","17":"product-type-simple"},"_links":{"self":[{"href":"https:\/\/shop.rettum.ee\/en\/wp-json\/wp\/v2\/product\/121136","targetHints":{"allow":["GET"]}}],"collection":[{"href":"https:\/\/shop.rettum.ee\/en\/wp-json\/wp\/v2\/product"}],"about":[{"href":"https:\/\/shop.rettum.ee\/en\/wp-json\/wp\/v2\/types\/product"}],"version-history":[{"count":1,"href":"https:\/\/shop.rettum.ee\/en\/wp-json\/wp\/v2\/product\/121136\/revisions"}],"predecessor-version":[{"id":125458,"href":"https:\/\/shop.rettum.ee\/en\/wp-json\/wp\/v2\/product\/121136\/revisions\/125458"}],"wp:featuredmedia":[{"embeddable":true,"href":"https:\/\/shop.rettum.ee\/en\/wp-json\/wp\/v2\/media\/124863"}],"wp:attachment":[{"href":"https:\/\/shop.rettum.ee\/en\/wp-json\/wp\/v2\/media?parent=121136"}],"wp:term":[{"taxonomy":"product_brand","embeddable":true,"href":"https:\/\/shop.rettum.ee\/en\/wp-json\/wp\/v2\/product_brand?post=121136"},{"taxonomy":"product_cat","embeddable":true,"href":"https:\/\/shop.rettum.ee\/en\/wp-json\/wp\/v2\/product_cat?post=121136"},{"taxonomy":"product_tag","embeddable":true,"href":"https:\/\/shop.rettum.ee\/en\/wp-json\/wp\/v2\/product_tag?post=121136"},{"taxonomy":"pa_brand_name","embeddable":true,"href":"https:\/\/shop.rettum.ee\/en\/wp-json\/wp\/v2\/pa_brand_name?post=121136"}],"curies":[{"name":"wp","href":"https:\/\/api.w.org\/{rel}","templated":true}]}}