{"id":121137,"date":"2025-03-31T03:10:42","date_gmt":"2025-03-31T00:10:42","guid":{"rendered":"https:\/\/shop.rettum.ee\/toode\/245-40r19-continental-sportcontact-7-98y-xl-fr-cab72\/"},"modified":"2026-03-28T02:50:58","modified_gmt":"2026-03-28T00:50:58","slug":"245-40r19-continental-sportcontact-7-98y-xl-fr-cab72","status":"publish","type":"product","link":"https:\/\/shop.rettum.ee\/en\/product\/245-40r19-continental-sportcontact-7-98y-xl-fr-cab72\/","title":{"rendered":"245\/40R19 CONTINENTAL SPORTCONTACT 7 98Y XL FR CAB72"},"content":{"rendered":"<p>Continental SportContact 7 rehvi m\u00f5\u00f5tmed 245\/40R19 on loodud sportlikele autojuhtidele, kes v\u00e4\u00e4rtustavad maksimaalset haardumist ja t\u00e4pset juhitavust nii kuivadel kui m\u00e4rgadel teedel. Selle tipptasemel disain ja uusimad tehnoloogiad tagavad stabiilsuse ja kindluse igas s\u00f5idutingimuses. XL versioon pakub lisatugevust ning tagab suurep\u00e4rase vastupidavuse ka n\u00f5udlikumates s\u00f5iduoludes, v\u00f5imaldades ohutut s\u00f5itu ka koormatud tingimustes.<\/p>\n<p>Rehvi kiirusklass 98Y n\u00e4itab, et see suudab toime tulla k\u00f5rgete kiirustega, s\u00e4ilitades samal ajal kontrolli ja turvalisuse kiirete man\u00f6\u00f6vrite ajal. Fab72 tehnoloogia tagab optimaalse veejalaj\u00e4lgimise ja minimaliseerib akvaplaning&#8217;i riski intensiivsel vihmasajul. Continental SportContact 7 on t\u00e4iuslik kaaslane neile, kes otsivad kombineeritud sportlikkust, ohutust ja mugavust igal teel\u00f5igul. Valides selle rehu, investeerid nii s\u00f5idu nautimisesse kui ka s\u00f5idukite j\u00f5udluse ja t\u00f6\u00f6kindluse tagamisse.<\/p>","protected":false},"excerpt":{"rendered":"<p>Continental SportContact 7 rehvi m\u00f5\u00f5tmed 245\/40R19 on loodud sportlikele autojuhtidele, kes v\u00e4\u00e4rtustavad maksimaalset haardumist ja t\u00e4pset juhitavust nii kuivadel kui m\u00e4rgadel teedel. Selle tipptasemel disain ja uusimad tehnoloogiad tagavad stabiilsuse ja kindluse igas s\u00f5idutingimuses. XL versioon pakub lisatugevust ning tagab suurep\u00e4rase vastupidavuse ka n\u00f5udlikumates s\u00f5iduoludes, v\u00f5imaldades ohutut s\u00f5itu ka koormatud tingimustes. Rehvi kiirusklass 98Y n\u00e4itab, [&hellip;]<\/p>\n","protected":false},"featured_media":124863,"template":"","meta":{"site-sidebar-layout":"default","site-content-layout":"","ast-site-content-layout":"","site-content-style":"default","site-sidebar-style":"default","ast-global-header-display":"","ast-banner-title-visibility":"","ast-main-header-display":"","ast-hfb-above-header-display":"","ast-hfb-below-header-display":"","ast-hfb-mobile-header-display":"","site-post-title":"","ast-breadcrumbs-content":"","ast-featured-img":"","footer-sml-layout":"","theme-transparent-header-meta":"","adv-header-id-meta":"","stick-header-meta":"","header-above-stick-meta":"","header-main-stick-meta":"","header-below-stick-meta":"","astra-migrate-meta-layouts":"default","ast-page-background-enabled":"default","ast-page-background-meta":{"desktop":{"background-color":"","background-image":"","background-repeat":"repeat","background-position":"center center","background-size":"auto","background-attachment":"scroll","background-type":"","background-media":"","overlay-type":"","overlay-color":"","overlay-opacity":"","overlay-gradient":""},"tablet":{"background-color":"","background-image":"","background-repeat":"repeat","background-position":"center center","background-size":"auto","background-attachment":"scroll","background-type":"","background-media":"","overlay-type":"","overlay-color":"","overlay-opacity":"","overlay-gradient":""},"mobile":{"background-color":"","background-image":"","background-repeat":"repeat","background-position":"center center","background-size":"auto","background-attachment":"scroll","background-type":"","background-media":"","overlay-type":"","overlay-color":"","overlay-opacity":"","overlay-gradient":""}},"ast-content-background-meta":{"desktop":{"background-color":"var(--ast-global-color-5)","background-image":"","background-repeat":"repeat","background-position":"center center","background-size":"auto","background-attachment":"scroll","background-type":"","background-media":"","overlay-type":"","overlay-color":"","overlay-opacity":"","overlay-gradient":""},"tablet":{"background-color":"var(--ast-global-color-5)","background-image":"","background-repeat":"repeat","background-position":"center center","background-size":"auto","background-attachment":"scroll","background-type":"","background-media":"","overlay-type":"","overlay-color":"","overlay-opacity":"","overlay-gradient":""},"mobile":{"background-color":"var(--ast-global-color-5)","background-image":"","background-repeat":"repeat","background-position":"center center","background-size":"auto","background-attachment":"scroll","background-type":"","background-media":"","overlay-type":"","overlay-color":"","overlay-opacity":"","overlay-gradient":""}}},"product_brand":[],"product_cat":[34225],"product_tag":[],"pa_brand_name":[25035],"class_list":{"0":"post-121137","1":"product","2":"type-product","3":"status-publish","4":"has-post-thumbnail","6":"product_cat-summer-tires-pv","7":"pa_brand_name-continental","8":"desktop-align-left","9":"tablet-align-left","10":"mobile-align-left","12":"first","13":"instock","14":"taxable","15":"shipping-taxable","16":"purchasable","17":"product-type-simple"},"_links":{"self":[{"href":"https:\/\/shop.rettum.ee\/en\/wp-json\/wp\/v2\/product\/121137","targetHints":{"allow":["GET"]}}],"collection":[{"href":"https:\/\/shop.rettum.ee\/en\/wp-json\/wp\/v2\/product"}],"about":[{"href":"https:\/\/shop.rettum.ee\/en\/wp-json\/wp\/v2\/types\/product"}],"version-history":[{"count":1,"href":"https:\/\/shop.rettum.ee\/en\/wp-json\/wp\/v2\/product\/121137\/revisions"}],"predecessor-version":[{"id":125456,"href":"https:\/\/shop.rettum.ee\/en\/wp-json\/wp\/v2\/product\/121137\/revisions\/125456"}],"wp:featuredmedia":[{"embeddable":true,"href":"https:\/\/shop.rettum.ee\/en\/wp-json\/wp\/v2\/media\/124863"}],"wp:attachment":[{"href":"https:\/\/shop.rettum.ee\/en\/wp-json\/wp\/v2\/media?parent=121137"}],"wp:term":[{"taxonomy":"product_brand","embeddable":true,"href":"https:\/\/shop.rettum.ee\/en\/wp-json\/wp\/v2\/product_brand?post=121137"},{"taxonomy":"product_cat","embeddable":true,"href":"https:\/\/shop.rettum.ee\/en\/wp-json\/wp\/v2\/product_cat?post=121137"},{"taxonomy":"product_tag","embeddable":true,"href":"https:\/\/shop.rettum.ee\/en\/wp-json\/wp\/v2\/product_tag?post=121137"},{"taxonomy":"pa_brand_name","embeddable":true,"href":"https:\/\/shop.rettum.ee\/en\/wp-json\/wp\/v2\/pa_brand_name?post=121137"}],"curies":[{"name":"wp","href":"https:\/\/api.w.org\/{rel}","templated":true}]}}