{"id":121139,"date":"2025-03-31T03:10:43","date_gmt":"2025-03-31T00:10:43","guid":{"rendered":"https:\/\/shop.rettum.ee\/toode\/265-35r19-continental-sportcontact-7-98y-xl-fr-cab73\/"},"modified":"2026-03-22T03:07:23","modified_gmt":"2026-03-22T01:07:23","slug":"265-35r19-continental-sportcontact-7-98y-xl-fr-cab73","status":"publish","type":"product","link":"https:\/\/shop.rettum.ee\/en\/product\/265-35r19-continental-sportcontact-7-98y-xl-fr-cab73\/","title":{"rendered":"265\/35R19 CONTINENTAL SPORTCONTACT 7 98Y XL FR CAB73"},"content":{"rendered":"<p>265\/35R19 CONTINENTAL SPORTCONTACT 7 on k\u00f5rgtehnoloogiline k\u00f5rgkvaliteediline suvine rehv, mis on loodud spordiautode ja j\u00f5udlusrikaste s\u00f5idukite n\u00f5udlikeks vajadusteks. See rehv tagab erakordselt kindla haarde nii kuival kui m\u00e4rjal teel, pakkudes \u00fcletamatut stabiilsust ja reageerimisv\u00f5imet. M\u00e4rkimisv\u00e4\u00e4rne 98Y koormusindeks ja kiirusklassi m\u00e4rge v\u00f5imaldavad ohutut ja j\u00f5ulist s\u00f5itu kuni 300 km\/h, samas s\u00e4ilitades k\u00f5rge j\u00f5udluse ka intensiivses s\u00f5idusituatsioonis.<\/p>\n<p>XL ja FR m\u00e4rgised n\u00e4itavad rehvile lisatud tugevust ning v\u00f5imalust s\u00e4ilitada s\u00f5iduk kontroll eriti keerulistes tingimustes samuti rehv on varustatud uuendusliku mustri disainiga, mis aitab efektiivselt vett v\u00e4lja t\u00f5rjuda. See v\u00e4hendab aquaplaningut ja tagab kiire reageerimise muutuvatele teeoludele. CAB73 tootmiskood kinnitab rehvile iseloomuliku kvaliteedirendi ja t\u00e4psuse, mida Continental on tuntud oma innovaatiliste lahenduste poolest.<\/p>\n<p>Ideaalne kombinatsioon sportlikust disainist ja praktilisest t\u00f6\u00f6kindlusest \u2013 265\/35R19 CONTINENTAL SPORTCONTACT 7 on erakordne valik neile, kes hindavad k\u00f5rgjoonelist ohutust ning maksimaalset s\u00f5idunaudingut igal teel.<\/p>","protected":false},"excerpt":{"rendered":"<p>265\/35R19 CONTINENTAL SPORTCONTACT 7 on k\u00f5rgtehnoloogiline k\u00f5rgkvaliteediline suvine rehv, mis on loodud spordiautode ja j\u00f5udlusrikaste s\u00f5idukite n\u00f5udlikeks vajadusteks. See rehv tagab erakordselt kindla haarde nii kuival kui m\u00e4rjal teel, pakkudes \u00fcletamatut stabiilsust ja reageerimisv\u00f5imet. M\u00e4rkimisv\u00e4\u00e4rne 98Y koormusindeks ja kiirusklassi m\u00e4rge v\u00f5imaldavad ohutut ja j\u00f5ulist s\u00f5itu kuni 300 km\/h, samas s\u00e4ilitades k\u00f5rge j\u00f5udluse ka intensiivses s\u00f5idusituatsioonis. [&hellip;]<\/p>\n","protected":false},"featured_media":124863,"template":"","meta":{"site-sidebar-layout":"default","site-content-layout":"","ast-site-content-layout":"","site-content-style":"default","site-sidebar-style":"default","ast-global-header-display":"","ast-banner-title-visibility":"","ast-main-header-display":"","ast-hfb-above-header-display":"","ast-hfb-below-header-display":"","ast-hfb-mobile-header-display":"","site-post-title":"","ast-breadcrumbs-content":"","ast-featured-img":"","footer-sml-layout":"","theme-transparent-header-meta":"","adv-header-id-meta":"","stick-header-meta":"","header-above-stick-meta":"","header-main-stick-meta":"","header-below-stick-meta":"","astra-migrate-meta-layouts":"default","ast-page-background-enabled":"default","ast-page-background-meta":{"desktop":{"background-color":"","background-image":"","background-repeat":"repeat","background-position":"center center","background-size":"auto","background-attachment":"scroll","background-type":"","background-media":"","overlay-type":"","overlay-color":"","overlay-opacity":"","overlay-gradient":""},"tablet":{"background-color":"","background-image":"","background-repeat":"repeat","background-position":"center center","background-size":"auto","background-attachment":"scroll","background-type":"","background-media":"","overlay-type":"","overlay-color":"","overlay-opacity":"","overlay-gradient":""},"mobile":{"background-color":"","background-image":"","background-repeat":"repeat","background-position":"center center","background-size":"auto","background-attachment":"scroll","background-type":"","background-media":"","overlay-type":"","overlay-color":"","overlay-opacity":"","overlay-gradient":""}},"ast-content-background-meta":{"desktop":{"background-color":"var(--ast-global-color-5)","background-image":"","background-repeat":"repeat","background-position":"center center","background-size":"auto","background-attachment":"scroll","background-type":"","background-media":"","overlay-type":"","overlay-color":"","overlay-opacity":"","overlay-gradient":""},"tablet":{"background-color":"var(--ast-global-color-5)","background-image":"","background-repeat":"repeat","background-position":"center center","background-size":"auto","background-attachment":"scroll","background-type":"","background-media":"","overlay-type":"","overlay-color":"","overlay-opacity":"","overlay-gradient":""},"mobile":{"background-color":"var(--ast-global-color-5)","background-image":"","background-repeat":"repeat","background-position":"center center","background-size":"auto","background-attachment":"scroll","background-type":"","background-media":"","overlay-type":"","overlay-color":"","overlay-opacity":"","overlay-gradient":""}}},"product_brand":[],"product_cat":[34225],"product_tag":[],"pa_brand_name":[25035],"class_list":{"0":"post-121139","1":"product","2":"type-product","3":"status-publish","4":"has-post-thumbnail","6":"product_cat-summer-tires-pv","7":"pa_brand_name-continental","8":"desktop-align-left","9":"tablet-align-left","10":"mobile-align-left","12":"first","13":"outofstock","14":"taxable","15":"shipping-taxable","16":"purchasable","17":"product-type-simple"},"_links":{"self":[{"href":"https:\/\/shop.rettum.ee\/en\/wp-json\/wp\/v2\/product\/121139","targetHints":{"allow":["GET"]}}],"collection":[{"href":"https:\/\/shop.rettum.ee\/en\/wp-json\/wp\/v2\/product"}],"about":[{"href":"https:\/\/shop.rettum.ee\/en\/wp-json\/wp\/v2\/types\/product"}],"version-history":[{"count":1,"href":"https:\/\/shop.rettum.ee\/en\/wp-json\/wp\/v2\/product\/121139\/revisions"}],"predecessor-version":[{"id":125454,"href":"https:\/\/shop.rettum.ee\/en\/wp-json\/wp\/v2\/product\/121139\/revisions\/125454"}],"wp:featuredmedia":[{"embeddable":true,"href":"https:\/\/shop.rettum.ee\/en\/wp-json\/wp\/v2\/media\/124863"}],"wp:attachment":[{"href":"https:\/\/shop.rettum.ee\/en\/wp-json\/wp\/v2\/media?parent=121139"}],"wp:term":[{"taxonomy":"product_brand","embeddable":true,"href":"https:\/\/shop.rettum.ee\/en\/wp-json\/wp\/v2\/product_brand?post=121139"},{"taxonomy":"product_cat","embeddable":true,"href":"https:\/\/shop.rettum.ee\/en\/wp-json\/wp\/v2\/product_cat?post=121139"},{"taxonomy":"product_tag","embeddable":true,"href":"https:\/\/shop.rettum.ee\/en\/wp-json\/wp\/v2\/product_tag?post=121139"},{"taxonomy":"pa_brand_name","embeddable":true,"href":"https:\/\/shop.rettum.ee\/en\/wp-json\/wp\/v2\/pa_brand_name?post=121139"}],"curies":[{"name":"wp","href":"https:\/\/api.w.org\/{rel}","templated":true}]}}