{"id":121140,"date":"2025-03-31T03:10:43","date_gmt":"2025-03-31T00:10:43","guid":{"rendered":"https:\/\/shop.rettum.ee\/toode\/275-30r19-continental-sportcontact-7-96y-xl-fr-dab73\/"},"modified":"2026-03-22T03:07:23","modified_gmt":"2026-03-22T01:07:23","slug":"275-30r19-continental-sportcontact-7-96y-xl-fr-dab73","status":"publish","type":"product","link":"https:\/\/shop.rettum.ee\/en\/product\/275-30r19-continental-sportcontact-7-96y-xl-fr-dab73\/","title":{"rendered":"275\/30R19 CONTINENTAL SPORTCONTACT 7 96Y XL FR DAB73"},"content":{"rendered":"<p>275\/30R19 CONTINENTAL SPORTCONTACT 7 96Y XL FR DAB73 rehvid pakuvad k\u00f5rget j\u00f5udlust nii kuivadel kui m\u00e4rgadel teedel. Need tippkvaliteediga sportrehvid on projekteeritud n\u00f5udlikule juhile, kes hindab t\u00e4psust, stabiilsust ja turvalisust igas s\u00f5idutingimuses. Rehvi innovatiivne mustrite disain tagab optimaalse veoj\u00f5u ja suurep\u00e4rase s\u00f5idukontrolli, v\u00f5imaldades kiiret ja reageerivat man\u00f6\u00f6verdust v\u00f5imalikult v\u00e4heste k\u00f5rvalekalletega.<\/p>\n<p>SportContact 7 rehvid on varustatud tugevdatud konstruktsiooniga, mis toetab suurimat turvalisust kiirendamisel ja pidurdamisel. XL-klassistandardid lisavad rehville t\u00e4iendavat koormust taluvust, muutes selle ideaalseks kiirete ja sportlike s\u00f5idukite jaoks. FR ja DAB73 koodid viitavad t\u00e4iendavatele j\u00f5udlusomadustele, mis tagavad, et rehvid annavad ka keerulistes tingimustes parima v\u00f5imaliku tagamise.<\/p>\n<p>Continental SportContact 7 rehvid on loodud pakkuma usaldusv\u00e4\u00e4rset j\u00f5udlust ja mugavust igas olukorras, sobides ideaalselt neile, kes ei tee kompromisse kvaliteedi ja ohutuse osas. Valides need rehvid, saad lisaks sporditunnusele ka maksimaalse turvatunde igal kilomeetril.<\/p>","protected":false},"excerpt":{"rendered":"<p>275\/30R19 CONTINENTAL SPORTCONTACT 7 96Y XL FR DAB73 rehvid pakuvad k\u00f5rget j\u00f5udlust nii kuivadel kui m\u00e4rgadel teedel. Need tippkvaliteediga sportrehvid on projekteeritud n\u00f5udlikule juhile, kes hindab t\u00e4psust, stabiilsust ja turvalisust igas s\u00f5idutingimuses. Rehvi innovatiivne mustrite disain tagab optimaalse veoj\u00f5u ja suurep\u00e4rase s\u00f5idukontrolli, v\u00f5imaldades kiiret ja reageerivat man\u00f6\u00f6verdust v\u00f5imalikult v\u00e4heste k\u00f5rvalekalletega. SportContact 7 rehvid on varustatud [&hellip;]<\/p>\n","protected":false},"featured_media":124863,"template":"","meta":{"site-sidebar-layout":"default","site-content-layout":"","ast-site-content-layout":"","site-content-style":"default","site-sidebar-style":"default","ast-global-header-display":"","ast-banner-title-visibility":"","ast-main-header-display":"","ast-hfb-above-header-display":"","ast-hfb-below-header-display":"","ast-hfb-mobile-header-display":"","site-post-title":"","ast-breadcrumbs-content":"","ast-featured-img":"","footer-sml-layout":"","theme-transparent-header-meta":"","adv-header-id-meta":"","stick-header-meta":"","header-above-stick-meta":"","header-main-stick-meta":"","header-below-stick-meta":"","astra-migrate-meta-layouts":"default","ast-page-background-enabled":"default","ast-page-background-meta":{"desktop":{"background-color":"","background-image":"","background-repeat":"repeat","background-position":"center center","background-size":"auto","background-attachment":"scroll","background-type":"","background-media":"","overlay-type":"","overlay-color":"","overlay-opacity":"","overlay-gradient":""},"tablet":{"background-color":"","background-image":"","background-repeat":"repeat","background-position":"center center","background-size":"auto","background-attachment":"scroll","background-type":"","background-media":"","overlay-type":"","overlay-color":"","overlay-opacity":"","overlay-gradient":""},"mobile":{"background-color":"","background-image":"","background-repeat":"repeat","background-position":"center center","background-size":"auto","background-attachment":"scroll","background-type":"","background-media":"","overlay-type":"","overlay-color":"","overlay-opacity":"","overlay-gradient":""}},"ast-content-background-meta":{"desktop":{"background-color":"var(--ast-global-color-5)","background-image":"","background-repeat":"repeat","background-position":"center center","background-size":"auto","background-attachment":"scroll","background-type":"","background-media":"","overlay-type":"","overlay-color":"","overlay-opacity":"","overlay-gradient":""},"tablet":{"background-color":"var(--ast-global-color-5)","background-image":"","background-repeat":"repeat","background-position":"center center","background-size":"auto","background-attachment":"scroll","background-type":"","background-media":"","overlay-type":"","overlay-color":"","overlay-opacity":"","overlay-gradient":""},"mobile":{"background-color":"var(--ast-global-color-5)","background-image":"","background-repeat":"repeat","background-position":"center center","background-size":"auto","background-attachment":"scroll","background-type":"","background-media":"","overlay-type":"","overlay-color":"","overlay-opacity":"","overlay-gradient":""}}},"product_brand":[],"product_cat":[34225],"product_tag":[],"pa_brand_name":[25035],"class_list":{"0":"post-121140","1":"product","2":"type-product","3":"status-publish","4":"has-post-thumbnail","6":"product_cat-summer-tires-pv","7":"pa_brand_name-continental","8":"desktop-align-left","9":"tablet-align-left","10":"mobile-align-left","12":"first","13":"outofstock","14":"taxable","15":"shipping-taxable","16":"purchasable","17":"product-type-simple"},"_links":{"self":[{"href":"https:\/\/shop.rettum.ee\/en\/wp-json\/wp\/v2\/product\/121140","targetHints":{"allow":["GET"]}}],"collection":[{"href":"https:\/\/shop.rettum.ee\/en\/wp-json\/wp\/v2\/product"}],"about":[{"href":"https:\/\/shop.rettum.ee\/en\/wp-json\/wp\/v2\/types\/product"}],"version-history":[{"count":1,"href":"https:\/\/shop.rettum.ee\/en\/wp-json\/wp\/v2\/product\/121140\/revisions"}],"predecessor-version":[{"id":125455,"href":"https:\/\/shop.rettum.ee\/en\/wp-json\/wp\/v2\/product\/121140\/revisions\/125455"}],"wp:featuredmedia":[{"embeddable":true,"href":"https:\/\/shop.rettum.ee\/en\/wp-json\/wp\/v2\/media\/124863"}],"wp:attachment":[{"href":"https:\/\/shop.rettum.ee\/en\/wp-json\/wp\/v2\/media?parent=121140"}],"wp:term":[{"taxonomy":"product_brand","embeddable":true,"href":"https:\/\/shop.rettum.ee\/en\/wp-json\/wp\/v2\/product_brand?post=121140"},{"taxonomy":"product_cat","embeddable":true,"href":"https:\/\/shop.rettum.ee\/en\/wp-json\/wp\/v2\/product_cat?post=121140"},{"taxonomy":"product_tag","embeddable":true,"href":"https:\/\/shop.rettum.ee\/en\/wp-json\/wp\/v2\/product_tag?post=121140"},{"taxonomy":"pa_brand_name","embeddable":true,"href":"https:\/\/shop.rettum.ee\/en\/wp-json\/wp\/v2\/pa_brand_name?post=121140"}],"curies":[{"name":"wp","href":"https:\/\/api.w.org\/{rel}","templated":true}]}}