{"id":121141,"date":"2025-03-31T03:10:44","date_gmt":"2025-03-31T00:10:44","guid":{"rendered":"https:\/\/shop.rettum.ee\/toode\/275-35r19-continental-sportcontact-7-100y-xl-fr-dab73\/"},"modified":"2026-03-26T02:48:05","modified_gmt":"2026-03-26T00:48:05","slug":"275-35r19-continental-sportcontact-7-100y-xl-fr-dab73","status":"publish","type":"product","link":"https:\/\/shop.rettum.ee\/en\/product\/275-35r19-continental-sportcontact-7-100y-xl-fr-dab73\/","title":{"rendered":"275\/35R19 CONTINENTAL SPORTCONTACT 7 100Y XL FR DAB73"},"content":{"rendered":"<p>Continental SportContact 7 275\/35R19 on tipptasemel sportrehv, mis pakub erakordset s\u00f5idukogemust nii kuival kui m\u00e4rjal asfaltil. Sellel mudelil, mille koormusindeks on 100 ja kiirusklass Y, on kindel v\u00f5ime tagada ohutu ja distsiplineeritud s\u00f5it isegi \u00e4\u00e4rmuslikes tingimustes, v\u00f5imaldades s\u00f5itu kuni 300 km\/h. XL-versioon suurendab rehvi koormustaluvust, mist\u00f5ttu sobib see eriti h\u00e4sti k\u00f5rgs\u00f5idu autodele ning sportautodele, kus j\u00f5ud ja stabiilsus on \u00fclimalt olulised.<\/p>\n<p>SportContact 7 disain keskendub maksimaalse haarduvuse ja stabiilsuse saavutamisele. Integreeritud mustriga platvorm ja optimeeritud kummisegu tagavad suurep\u00e4rase juhitavuse ning l\u00fchema pidurdusteekonna, pakkudes kindlat kontakti ka niisketel teedel. Rohkem kui lihtsalt rehvid, on need Continental SportContact 7 tipptasemel insenerit\u00f6\u00f6 tulemus, mis \u00fchendab kaasaegse disaini ja praktilise rakendatavuse.<\/p>\n<p>S\u00f5iduohutust ja sportlikku tunnetust hinnanguliselt t\u00f5hus, sobides suurep\u00e4raselt neile, kes otsivad maksimaalseid j\u00f5udluse n\u00e4itajaid ja professionaalset s\u00f5idukogemust igas olukorras.<\/p>","protected":false},"excerpt":{"rendered":"<p>Continental SportContact 7 275\/35R19 on tipptasemel sportrehv, mis pakub erakordset s\u00f5idukogemust nii kuival kui m\u00e4rjal asfaltil. Sellel mudelil, mille koormusindeks on 100 ja kiirusklass Y, on kindel v\u00f5ime tagada ohutu ja distsiplineeritud s\u00f5it isegi \u00e4\u00e4rmuslikes tingimustes, v\u00f5imaldades s\u00f5itu kuni 300 km\/h. XL-versioon suurendab rehvi koormustaluvust, mist\u00f5ttu sobib see eriti h\u00e4sti k\u00f5rgs\u00f5idu autodele ning sportautodele, kus [&hellip;]<\/p>\n","protected":false},"featured_media":124863,"template":"","meta":{"site-sidebar-layout":"default","site-content-layout":"","ast-site-content-layout":"","site-content-style":"default","site-sidebar-style":"default","ast-global-header-display":"","ast-banner-title-visibility":"","ast-main-header-display":"","ast-hfb-above-header-display":"","ast-hfb-below-header-display":"","ast-hfb-mobile-header-display":"","site-post-title":"","ast-breadcrumbs-content":"","ast-featured-img":"","footer-sml-layout":"","theme-transparent-header-meta":"","adv-header-id-meta":"","stick-header-meta":"","header-above-stick-meta":"","header-main-stick-meta":"","header-below-stick-meta":"","astra-migrate-meta-layouts":"default","ast-page-background-enabled":"default","ast-page-background-meta":{"desktop":{"background-color":"","background-image":"","background-repeat":"repeat","background-position":"center center","background-size":"auto","background-attachment":"scroll","background-type":"","background-media":"","overlay-type":"","overlay-color":"","overlay-opacity":"","overlay-gradient":""},"tablet":{"background-color":"","background-image":"","background-repeat":"repeat","background-position":"center center","background-size":"auto","background-attachment":"scroll","background-type":"","background-media":"","overlay-type":"","overlay-color":"","overlay-opacity":"","overlay-gradient":""},"mobile":{"background-color":"","background-image":"","background-repeat":"repeat","background-position":"center center","background-size":"auto","background-attachment":"scroll","background-type":"","background-media":"","overlay-type":"","overlay-color":"","overlay-opacity":"","overlay-gradient":""}},"ast-content-background-meta":{"desktop":{"background-color":"var(--ast-global-color-5)","background-image":"","background-repeat":"repeat","background-position":"center center","background-size":"auto","background-attachment":"scroll","background-type":"","background-media":"","overlay-type":"","overlay-color":"","overlay-opacity":"","overlay-gradient":""},"tablet":{"background-color":"var(--ast-global-color-5)","background-image":"","background-repeat":"repeat","background-position":"center center","background-size":"auto","background-attachment":"scroll","background-type":"","background-media":"","overlay-type":"","overlay-color":"","overlay-opacity":"","overlay-gradient":""},"mobile":{"background-color":"var(--ast-global-color-5)","background-image":"","background-repeat":"repeat","background-position":"center center","background-size":"auto","background-attachment":"scroll","background-type":"","background-media":"","overlay-type":"","overlay-color":"","overlay-opacity":"","overlay-gradient":""}}},"product_brand":[],"product_cat":[34225],"product_tag":[],"pa_brand_name":[25035],"class_list":{"0":"post-121141","1":"product","2":"type-product","3":"status-publish","4":"has-post-thumbnail","6":"product_cat-summer-tires-pv","7":"pa_brand_name-continental","8":"desktop-align-left","9":"tablet-align-left","10":"mobile-align-left","12":"first","13":"instock","14":"taxable","15":"shipping-taxable","16":"purchasable","17":"product-type-simple"},"_links":{"self":[{"href":"https:\/\/shop.rettum.ee\/en\/wp-json\/wp\/v2\/product\/121141","targetHints":{"allow":["GET"]}}],"collection":[{"href":"https:\/\/shop.rettum.ee\/en\/wp-json\/wp\/v2\/product"}],"about":[{"href":"https:\/\/shop.rettum.ee\/en\/wp-json\/wp\/v2\/types\/product"}],"version-history":[{"count":1,"href":"https:\/\/shop.rettum.ee\/en\/wp-json\/wp\/v2\/product\/121141\/revisions"}],"predecessor-version":[{"id":125453,"href":"https:\/\/shop.rettum.ee\/en\/wp-json\/wp\/v2\/product\/121141\/revisions\/125453"}],"wp:featuredmedia":[{"embeddable":true,"href":"https:\/\/shop.rettum.ee\/en\/wp-json\/wp\/v2\/media\/124863"}],"wp:attachment":[{"href":"https:\/\/shop.rettum.ee\/en\/wp-json\/wp\/v2\/media?parent=121141"}],"wp:term":[{"taxonomy":"product_brand","embeddable":true,"href":"https:\/\/shop.rettum.ee\/en\/wp-json\/wp\/v2\/product_brand?post=121141"},{"taxonomy":"product_cat","embeddable":true,"href":"https:\/\/shop.rettum.ee\/en\/wp-json\/wp\/v2\/product_cat?post=121141"},{"taxonomy":"product_tag","embeddable":true,"href":"https:\/\/shop.rettum.ee\/en\/wp-json\/wp\/v2\/product_tag?post=121141"},{"taxonomy":"pa_brand_name","embeddable":true,"href":"https:\/\/shop.rettum.ee\/en\/wp-json\/wp\/v2\/pa_brand_name?post=121141"}],"curies":[{"name":"wp","href":"https:\/\/api.w.org\/{rel}","templated":true}]}}