{"id":121142,"date":"2025-03-31T03:10:45","date_gmt":"2025-03-31T00:10:45","guid":{"rendered":"https:\/\/shop.rettum.ee\/toode\/245-35r20-continental-sportcontact-7-95y-xl-fr-cab72\/"},"modified":"2026-03-28T02:50:58","modified_gmt":"2026-03-28T00:50:58","slug":"245-35r20-continental-sportcontact-7-95y-xl-fr-cab72","status":"publish","type":"product","link":"https:\/\/shop.rettum.ee\/en\/product\/245-35r20-continental-sportcontact-7-95y-xl-fr-cab72\/","title":{"rendered":"245\/35R20 CONTINENTAL SPORTCONTACT 7 95Y XL FR CAB72"},"content":{"rendered":"<p>Avasta uus Continental SportContact 7 rehvikomplekt, mis pakub erakordset s\u00f5idukogemust igas olukorras. Rehvi m\u00f5\u00f5tmed 245\/35R20 tagavad suurep\u00e4rase haardumise ning stabiilsuse nii m\u00e4rgadel kui ka kuivadel teedel, toetades kiiret ja t\u00e4pset juhitavust. 95 koormusindeks ja Y kiirusklass v\u00f5imaldavad sellel rehvil pakkuda usaldusv\u00e4\u00e4rset j\u00f5udlust ka n\u00f5udlikes olukordades, s\u00e4ilitades samal ajal ohutuse ja sportliku d\u00fcnaamika.<\/p>\n<p>XL konstruktsioon lisab rehvi tugevust ja vastupidavust, v\u00f5imaldades seda kasutada ka suuremate koormuste ja intensiivse s\u00f5idu puhul. Erilise CAB72 tehnoloogia integreerimine tagab optimaalse veoj\u00f5u ning parima reaktsiooniv\u00f5ime eri ilmastikutingimustes, pakkudes juhile kindlat kontrolli igal kurvil ja sirgel teel.<\/p>\n<p>Continental SportContact 7 on loodud neile, kes hindavad sportlikku s\u00f5idukogemust koos praktilisuse ja t\u00f6\u00f6kindlusega. See rehvikombinatsioon on ideaalne valik tipptasemel j\u00f5udluse ja turvalisuse saavutamiseks nii argisel teel kui ka adrenaliinirikkatel s\u00f5itudeel.<\/p>","protected":false},"excerpt":{"rendered":"<p>Avasta uus Continental SportContact 7 rehvikomplekt, mis pakub erakordset s\u00f5idukogemust igas olukorras. Rehvi m\u00f5\u00f5tmed 245\/35R20 tagavad suurep\u00e4rase haardumise ning stabiilsuse nii m\u00e4rgadel kui ka kuivadel teedel, toetades kiiret ja t\u00e4pset juhitavust. 95 koormusindeks ja Y kiirusklass v\u00f5imaldavad sellel rehvil pakkuda usaldusv\u00e4\u00e4rset j\u00f5udlust ka n\u00f5udlikes olukordades, s\u00e4ilitades samal ajal ohutuse ja sportliku d\u00fcnaamika. XL konstruktsioon lisab [&hellip;]<\/p>\n","protected":false},"featured_media":124863,"template":"","meta":{"site-sidebar-layout":"default","site-content-layout":"","ast-site-content-layout":"","site-content-style":"default","site-sidebar-style":"default","ast-global-header-display":"","ast-banner-title-visibility":"","ast-main-header-display":"","ast-hfb-above-header-display":"","ast-hfb-below-header-display":"","ast-hfb-mobile-header-display":"","site-post-title":"","ast-breadcrumbs-content":"","ast-featured-img":"","footer-sml-layout":"","theme-transparent-header-meta":"","adv-header-id-meta":"","stick-header-meta":"","header-above-stick-meta":"","header-main-stick-meta":"","header-below-stick-meta":"","astra-migrate-meta-layouts":"default","ast-page-background-enabled":"default","ast-page-background-meta":{"desktop":{"background-color":"","background-image":"","background-repeat":"repeat","background-position":"center center","background-size":"auto","background-attachment":"scroll","background-type":"","background-media":"","overlay-type":"","overlay-color":"","overlay-opacity":"","overlay-gradient":""},"tablet":{"background-color":"","background-image":"","background-repeat":"repeat","background-position":"center center","background-size":"auto","background-attachment":"scroll","background-type":"","background-media":"","overlay-type":"","overlay-color":"","overlay-opacity":"","overlay-gradient":""},"mobile":{"background-color":"","background-image":"","background-repeat":"repeat","background-position":"center center","background-size":"auto","background-attachment":"scroll","background-type":"","background-media":"","overlay-type":"","overlay-color":"","overlay-opacity":"","overlay-gradient":""}},"ast-content-background-meta":{"desktop":{"background-color":"var(--ast-global-color-5)","background-image":"","background-repeat":"repeat","background-position":"center center","background-size":"auto","background-attachment":"scroll","background-type":"","background-media":"","overlay-type":"","overlay-color":"","overlay-opacity":"","overlay-gradient":""},"tablet":{"background-color":"var(--ast-global-color-5)","background-image":"","background-repeat":"repeat","background-position":"center center","background-size":"auto","background-attachment":"scroll","background-type":"","background-media":"","overlay-type":"","overlay-color":"","overlay-opacity":"","overlay-gradient":""},"mobile":{"background-color":"var(--ast-global-color-5)","background-image":"","background-repeat":"repeat","background-position":"center center","background-size":"auto","background-attachment":"scroll","background-type":"","background-media":"","overlay-type":"","overlay-color":"","overlay-opacity":"","overlay-gradient":""}}},"product_brand":[],"product_cat":[34225],"product_tag":[],"pa_brand_name":[25035],"class_list":{"0":"post-121142","1":"product","2":"type-product","3":"status-publish","4":"has-post-thumbnail","6":"product_cat-summer-tires-pv","7":"pa_brand_name-continental","8":"desktop-align-left","9":"tablet-align-left","10":"mobile-align-left","12":"first","13":"instock","14":"taxable","15":"shipping-taxable","16":"purchasable","17":"product-type-simple"},"_links":{"self":[{"href":"https:\/\/shop.rettum.ee\/en\/wp-json\/wp\/v2\/product\/121142","targetHints":{"allow":["GET"]}}],"collection":[{"href":"https:\/\/shop.rettum.ee\/en\/wp-json\/wp\/v2\/product"}],"about":[{"href":"https:\/\/shop.rettum.ee\/en\/wp-json\/wp\/v2\/types\/product"}],"version-history":[{"count":1,"href":"https:\/\/shop.rettum.ee\/en\/wp-json\/wp\/v2\/product\/121142\/revisions"}],"predecessor-version":[{"id":125452,"href":"https:\/\/shop.rettum.ee\/en\/wp-json\/wp\/v2\/product\/121142\/revisions\/125452"}],"wp:featuredmedia":[{"embeddable":true,"href":"https:\/\/shop.rettum.ee\/en\/wp-json\/wp\/v2\/media\/124863"}],"wp:attachment":[{"href":"https:\/\/shop.rettum.ee\/en\/wp-json\/wp\/v2\/media?parent=121142"}],"wp:term":[{"taxonomy":"product_brand","embeddable":true,"href":"https:\/\/shop.rettum.ee\/en\/wp-json\/wp\/v2\/product_brand?post=121142"},{"taxonomy":"product_cat","embeddable":true,"href":"https:\/\/shop.rettum.ee\/en\/wp-json\/wp\/v2\/product_cat?post=121142"},{"taxonomy":"product_tag","embeddable":true,"href":"https:\/\/shop.rettum.ee\/en\/wp-json\/wp\/v2\/product_tag?post=121142"},{"taxonomy":"pa_brand_name","embeddable":true,"href":"https:\/\/shop.rettum.ee\/en\/wp-json\/wp\/v2\/pa_brand_name?post=121142"}],"curies":[{"name":"wp","href":"https:\/\/api.w.org\/{rel}","templated":true}]}}