{"id":121143,"date":"2025-03-31T03:10:46","date_gmt":"2025-03-31T00:10:46","guid":{"rendered":"https:\/\/shop.rettum.ee\/toode\/245-45r20-continental-sportcontact-7-103y-xl-r0-fr-aab72\/"},"modified":"2026-03-22T03:07:23","modified_gmt":"2026-03-22T01:07:23","slug":"245-45r20-continental-sportcontact-7-103y-xl-r0-fr-aab72","status":"publish","type":"product","link":"https:\/\/shop.rettum.ee\/en\/product\/245-45r20-continental-sportcontact-7-103y-xl-r0-fr-aab72\/","title":{"rendered":"245\/45R20 CONTINENTAL SPORTCONTACT 7 103Y XL R0 FR AAB72"},"content":{"rendered":"<p>Continental SportContact 7 103Y XL rehvid 245\/45R20 m\u00f5\u00f5tmetega on loodud neile, kes n\u00f5uavad oma s\u00f5idukilt maksimaalset j\u00f5udlust ja turvalisust. Need suverehvid tagavad erakordse haarduvuse nii kuival kui m\u00e4rjal teel, pakkudes kiireid ja kindlaid pidurdustasusid ning optimeeritud man\u00f6\u00f6verdusv\u00f5imet. XL-versioon v\u00f5imaldab suuremat koormust ja stabiilsust intensiivsemate s\u00f5idutingimuste korral, s\u00e4ilitades samal ajal k\u00f5rge j\u00f5udluse ja pikendades rehvide kasutusiga.<\/p>\n<p>SportContact 7 rehviv\u00f5rk on hoolikalt disainitud kaasaegsete tehnoloogiate abil, et minimeerida veekihi moodustumist ning parandada m\u00e4rjate teeolude ohutust. Uuenduslik mustripind aitab kaasa paremale veovahedele ja tagab enamat kindlat s\u00f5idukontrolli, mis on eriti oluline sportlike s\u00f5iduautode puhul. Lisaks pakub Continental SportContact 7 rehviv\u00f5rk suurep\u00e4rast s\u00f5idumugavust ja v\u00e4hendab m\u00fcra, muutes igas\u00f5idu elamuse veelgi nauditavamaks.<\/p>\n<p>Vali Continental SportContact 7, et kogeda tipptasemel s\u00f5iduohutust ja -naudingut, mis vastab ka k\u00f5ige n\u00f5udlikumatele juhitsemise ootustele.<\/p>","protected":false},"excerpt":{"rendered":"<p>Continental SportContact 7 103Y XL rehvid 245\/45R20 m\u00f5\u00f5tmetega on loodud neile, kes n\u00f5uavad oma s\u00f5idukilt maksimaalset j\u00f5udlust ja turvalisust. Need suverehvid tagavad erakordse haarduvuse nii kuival kui m\u00e4rjal teel, pakkudes kiireid ja kindlaid pidurdustasusid ning optimeeritud man\u00f6\u00f6verdusv\u00f5imet. XL-versioon v\u00f5imaldab suuremat koormust ja stabiilsust intensiivsemate s\u00f5idutingimuste korral, s\u00e4ilitades samal ajal k\u00f5rge j\u00f5udluse ja pikendades rehvide kasutusiga. [&hellip;]<\/p>\n","protected":false},"featured_media":124863,"template":"","meta":{"site-sidebar-layout":"default","site-content-layout":"","ast-site-content-layout":"","site-content-style":"default","site-sidebar-style":"default","ast-global-header-display":"","ast-banner-title-visibility":"","ast-main-header-display":"","ast-hfb-above-header-display":"","ast-hfb-below-header-display":"","ast-hfb-mobile-header-display":"","site-post-title":"","ast-breadcrumbs-content":"","ast-featured-img":"","footer-sml-layout":"","theme-transparent-header-meta":"","adv-header-id-meta":"","stick-header-meta":"","header-above-stick-meta":"","header-main-stick-meta":"","header-below-stick-meta":"","astra-migrate-meta-layouts":"default","ast-page-background-enabled":"default","ast-page-background-meta":{"desktop":{"background-color":"","background-image":"","background-repeat":"repeat","background-position":"center center","background-size":"auto","background-attachment":"scroll","background-type":"","background-media":"","overlay-type":"","overlay-color":"","overlay-opacity":"","overlay-gradient":""},"tablet":{"background-color":"","background-image":"","background-repeat":"repeat","background-position":"center center","background-size":"auto","background-attachment":"scroll","background-type":"","background-media":"","overlay-type":"","overlay-color":"","overlay-opacity":"","overlay-gradient":""},"mobile":{"background-color":"","background-image":"","background-repeat":"repeat","background-position":"center center","background-size":"auto","background-attachment":"scroll","background-type":"","background-media":"","overlay-type":"","overlay-color":"","overlay-opacity":"","overlay-gradient":""}},"ast-content-background-meta":{"desktop":{"background-color":"var(--ast-global-color-5)","background-image":"","background-repeat":"repeat","background-position":"center center","background-size":"auto","background-attachment":"scroll","background-type":"","background-media":"","overlay-type":"","overlay-color":"","overlay-opacity":"","overlay-gradient":""},"tablet":{"background-color":"var(--ast-global-color-5)","background-image":"","background-repeat":"repeat","background-position":"center center","background-size":"auto","background-attachment":"scroll","background-type":"","background-media":"","overlay-type":"","overlay-color":"","overlay-opacity":"","overlay-gradient":""},"mobile":{"background-color":"var(--ast-global-color-5)","background-image":"","background-repeat":"repeat","background-position":"center center","background-size":"auto","background-attachment":"scroll","background-type":"","background-media":"","overlay-type":"","overlay-color":"","overlay-opacity":"","overlay-gradient":""}}},"product_brand":[],"product_cat":[34225],"product_tag":[],"pa_brand_name":[25035],"class_list":{"0":"post-121143","1":"product","2":"type-product","3":"status-publish","4":"has-post-thumbnail","6":"product_cat-summer-tires-pv","7":"pa_brand_name-continental","8":"desktop-align-left","9":"tablet-align-left","10":"mobile-align-left","12":"first","13":"outofstock","14":"taxable","15":"shipping-taxable","16":"purchasable","17":"product-type-simple"},"_links":{"self":[{"href":"https:\/\/shop.rettum.ee\/en\/wp-json\/wp\/v2\/product\/121143","targetHints":{"allow":["GET"]}}],"collection":[{"href":"https:\/\/shop.rettum.ee\/en\/wp-json\/wp\/v2\/product"}],"about":[{"href":"https:\/\/shop.rettum.ee\/en\/wp-json\/wp\/v2\/types\/product"}],"version-history":[{"count":1,"href":"https:\/\/shop.rettum.ee\/en\/wp-json\/wp\/v2\/product\/121143\/revisions"}],"predecessor-version":[{"id":125451,"href":"https:\/\/shop.rettum.ee\/en\/wp-json\/wp\/v2\/product\/121143\/revisions\/125451"}],"wp:featuredmedia":[{"embeddable":true,"href":"https:\/\/shop.rettum.ee\/en\/wp-json\/wp\/v2\/media\/124863"}],"wp:attachment":[{"href":"https:\/\/shop.rettum.ee\/en\/wp-json\/wp\/v2\/media?parent=121143"}],"wp:term":[{"taxonomy":"product_brand","embeddable":true,"href":"https:\/\/shop.rettum.ee\/en\/wp-json\/wp\/v2\/product_brand?post=121143"},{"taxonomy":"product_cat","embeddable":true,"href":"https:\/\/shop.rettum.ee\/en\/wp-json\/wp\/v2\/product_cat?post=121143"},{"taxonomy":"product_tag","embeddable":true,"href":"https:\/\/shop.rettum.ee\/en\/wp-json\/wp\/v2\/product_tag?post=121143"},{"taxonomy":"pa_brand_name","embeddable":true,"href":"https:\/\/shop.rettum.ee\/en\/wp-json\/wp\/v2\/pa_brand_name?post=121143"}],"curies":[{"name":"wp","href":"https:\/\/api.w.org\/{rel}","templated":true}]}}