{"id":121144,"date":"2025-03-31T03:10:46","date_gmt":"2025-03-31T00:10:46","guid":{"rendered":"https:\/\/shop.rettum.ee\/toode\/255-35r20-continental-sportcontact-7-97y-xl-fr-cab73\/"},"modified":"2026-03-22T03:07:23","modified_gmt":"2026-03-22T01:07:23","slug":"255-35r20-continental-sportcontact-7-97y-xl-fr-cab73","status":"publish","type":"product","link":"https:\/\/shop.rettum.ee\/en\/product\/255-35r20-continental-sportcontact-7-97y-xl-fr-cab73\/","title":{"rendered":"255\/35R20 CONTINENTAL SPORTCONTACT 7 97Y XL FR CAB73"},"content":{"rendered":"<p>Avasta Continental Sportcontact 7 rehvide maailm \u2013 255\/35R20 m\u00f5\u00f5tmetega sportrehv, mis on loodud pakkuma erakordset s\u00f5idunautset ja turvalisust isegi ekstreemsetes tingimustes. Continental Sportcontact 7 on k\u00f5rgtehnoloogiline rehv, mille unikaalne mustrikujundus tagab suurep\u00e4rase veoj\u00f5u nii kuivadel kui ka m\u00e4rgadel teedel, v\u00f5imaldades t\u00e4pse ja stabiilse juhitavuse ka k\u00f5rgetel kiirustel. <\/p>\n<p>Rehvi indikaatorid 97Y annavad kindlustunde, et see vastab n\u00f5udlikele j\u00f5udlusn\u00f5uetele: 97 \u2013 ohutuskoormus, mis tagab m\u00e4rkimisv\u00e4\u00e4rse kandev\u00f5ime ning Y \u2013 k\u00f5rge kiirustarbimise, mis sobib spordiautodele ja j\u00f5ulistele s\u00f5idukitele. XL m\u00e4rk viitab t\u00e4iendavale kandev\u00f5imele, v\u00f5imaldades rehvil taluda rohkem koormust ja pakkuda pikemaajalist vastupidavust. <\/p>\n<p>Lisaks traditsioonilistele omadustele on Continental Sportcontact 7 loodud kaasaegse tehnoloogia toel, mis parandab k\u00fctuses\u00e4\u00e4stlikkust ja s\u00f5idu stabiilsust. Usaldusv\u00e4\u00e4rne CAB73 sertifitseering kinnitab rehvi kvaliteeti ja ohutust, muutes selle ideaalseks valikuks juhile, kes hindab sportlikku s\u00f5iduomadust ja turvalisust igas olukorras.<\/p>","protected":false},"excerpt":{"rendered":"<p>Avasta Continental Sportcontact 7 rehvide maailm \u2013 255\/35R20 m\u00f5\u00f5tmetega sportrehv, mis on loodud pakkuma erakordset s\u00f5idunautset ja turvalisust isegi ekstreemsetes tingimustes. Continental Sportcontact 7 on k\u00f5rgtehnoloogiline rehv, mille unikaalne mustrikujundus tagab suurep\u00e4rase veoj\u00f5u nii kuivadel kui ka m\u00e4rgadel teedel, v\u00f5imaldades t\u00e4pse ja stabiilse juhitavuse ka k\u00f5rgetel kiirustel. Rehvi indikaatorid 97Y annavad kindlustunde, et see vastab [&hellip;]<\/p>\n","protected":false},"featured_media":124863,"template":"","meta":{"site-sidebar-layout":"default","site-content-layout":"","ast-site-content-layout":"","site-content-style":"default","site-sidebar-style":"default","ast-global-header-display":"","ast-banner-title-visibility":"","ast-main-header-display":"","ast-hfb-above-header-display":"","ast-hfb-below-header-display":"","ast-hfb-mobile-header-display":"","site-post-title":"","ast-breadcrumbs-content":"","ast-featured-img":"","footer-sml-layout":"","theme-transparent-header-meta":"","adv-header-id-meta":"","stick-header-meta":"","header-above-stick-meta":"","header-main-stick-meta":"","header-below-stick-meta":"","astra-migrate-meta-layouts":"default","ast-page-background-enabled":"default","ast-page-background-meta":{"desktop":{"background-color":"","background-image":"","background-repeat":"repeat","background-position":"center center","background-size":"auto","background-attachment":"scroll","background-type":"","background-media":"","overlay-type":"","overlay-color":"","overlay-opacity":"","overlay-gradient":""},"tablet":{"background-color":"","background-image":"","background-repeat":"repeat","background-position":"center center","background-size":"auto","background-attachment":"scroll","background-type":"","background-media":"","overlay-type":"","overlay-color":"","overlay-opacity":"","overlay-gradient":""},"mobile":{"background-color":"","background-image":"","background-repeat":"repeat","background-position":"center center","background-size":"auto","background-attachment":"scroll","background-type":"","background-media":"","overlay-type":"","overlay-color":"","overlay-opacity":"","overlay-gradient":""}},"ast-content-background-meta":{"desktop":{"background-color":"var(--ast-global-color-5)","background-image":"","background-repeat":"repeat","background-position":"center center","background-size":"auto","background-attachment":"scroll","background-type":"","background-media":"","overlay-type":"","overlay-color":"","overlay-opacity":"","overlay-gradient":""},"tablet":{"background-color":"var(--ast-global-color-5)","background-image":"","background-repeat":"repeat","background-position":"center center","background-size":"auto","background-attachment":"scroll","background-type":"","background-media":"","overlay-type":"","overlay-color":"","overlay-opacity":"","overlay-gradient":""},"mobile":{"background-color":"var(--ast-global-color-5)","background-image":"","background-repeat":"repeat","background-position":"center center","background-size":"auto","background-attachment":"scroll","background-type":"","background-media":"","overlay-type":"","overlay-color":"","overlay-opacity":"","overlay-gradient":""}}},"product_brand":[],"product_cat":[34225],"product_tag":[],"pa_brand_name":[25035],"class_list":{"0":"post-121144","1":"product","2":"type-product","3":"status-publish","4":"has-post-thumbnail","6":"product_cat-summer-tires-pv","7":"pa_brand_name-continental","8":"desktop-align-left","9":"tablet-align-left","10":"mobile-align-left","12":"first","13":"outofstock","14":"taxable","15":"shipping-taxable","16":"purchasable","17":"product-type-simple"},"_links":{"self":[{"href":"https:\/\/shop.rettum.ee\/en\/wp-json\/wp\/v2\/product\/121144","targetHints":{"allow":["GET"]}}],"collection":[{"href":"https:\/\/shop.rettum.ee\/en\/wp-json\/wp\/v2\/product"}],"about":[{"href":"https:\/\/shop.rettum.ee\/en\/wp-json\/wp\/v2\/types\/product"}],"version-history":[{"count":1,"href":"https:\/\/shop.rettum.ee\/en\/wp-json\/wp\/v2\/product\/121144\/revisions"}],"predecessor-version":[{"id":125450,"href":"https:\/\/shop.rettum.ee\/en\/wp-json\/wp\/v2\/product\/121144\/revisions\/125450"}],"wp:featuredmedia":[{"embeddable":true,"href":"https:\/\/shop.rettum.ee\/en\/wp-json\/wp\/v2\/media\/124863"}],"wp:attachment":[{"href":"https:\/\/shop.rettum.ee\/en\/wp-json\/wp\/v2\/media?parent=121144"}],"wp:term":[{"taxonomy":"product_brand","embeddable":true,"href":"https:\/\/shop.rettum.ee\/en\/wp-json\/wp\/v2\/product_brand?post=121144"},{"taxonomy":"product_cat","embeddable":true,"href":"https:\/\/shop.rettum.ee\/en\/wp-json\/wp\/v2\/product_cat?post=121144"},{"taxonomy":"product_tag","embeddable":true,"href":"https:\/\/shop.rettum.ee\/en\/wp-json\/wp\/v2\/product_tag?post=121144"},{"taxonomy":"pa_brand_name","embeddable":true,"href":"https:\/\/shop.rettum.ee\/en\/wp-json\/wp\/v2\/pa_brand_name?post=121144"}],"curies":[{"name":"wp","href":"https:\/\/api.w.org\/{rel}","templated":true}]}}