{"id":121146,"date":"2025-03-31T03:10:48","date_gmt":"2025-03-31T00:10:48","guid":{"rendered":"https:\/\/shop.rettum.ee\/toode\/265-35r20-continental-sportcontact-7-99y-xl-fr-dab73\/"},"modified":"2026-03-22T03:07:24","modified_gmt":"2026-03-22T01:07:24","slug":"265-35r20-continental-sportcontact-7-99y-xl-fr-dab73","status":"publish","type":"product","link":"https:\/\/shop.rettum.ee\/en\/product\/265-35r20-continental-sportcontact-7-99y-xl-fr-dab73\/","title":{"rendered":"265\/35R20 CONTINENTAL SPORTCONTACT 7 99Y XL FR DAB73"},"content":{"rendered":"<p>Continental SportContact 7 rehvid, suurusega 265\/35R20, on loodud pakkuma \u00fclimat j\u00f5udlust ja ohutust sportautode s\u00f5idu puhul. Need k\u00f5rgtasemel rehvid \u00fchendavad tipptasemel haarduvuse, stabiilsuse ja reageerimisv\u00f5ime ka k\u00f5ige n\u00f5udlikumates s\u00f5idutingimustes. Rehvi vastupidav disain ja XL-kategooria lisatugevus tagavad suurema koormuskande ning pikema kasutusea, v\u00f5imaldades s\u00f5ita kindlalt nii kuival kui ka niisel teel.<\/p>\n<p>S\u00f5iduohutust toetab k\u00f5rge kvaliteediga gummisegu, mis annab suurep\u00e4rase pidamise nii kuivadel kui ka m\u00e4rgadel teedel. Kiirusklass Y kinnitab, et rehvid sobivad kiireks ja sportlikuks s\u00f5iduks, olles samal ajal t\u00e4iustatud, et pakkuda optimaalset stabiilsust ja reageerimist k\u00f5rgetel kiirustel. Kontinentaalne kvaliteet ja uuenduslik disain teevad neist rehvidest ideaalse valiku neile, kes hindavad sportlikku d\u00fcnaamikat ja turvalist s\u00f5idukogemust. Valides Continental SportContact 7, tagad endale k\u00f5rgema tasemega s\u00f5idunautsi ja kindluse igas kurvis.<\/p>","protected":false},"excerpt":{"rendered":"<p>Continental SportContact 7 rehvid, suurusega 265\/35R20, on loodud pakkuma \u00fclimat j\u00f5udlust ja ohutust sportautode s\u00f5idu puhul. Need k\u00f5rgtasemel rehvid \u00fchendavad tipptasemel haarduvuse, stabiilsuse ja reageerimisv\u00f5ime ka k\u00f5ige n\u00f5udlikumates s\u00f5idutingimustes. Rehvi vastupidav disain ja XL-kategooria lisatugevus tagavad suurema koormuskande ning pikema kasutusea, v\u00f5imaldades s\u00f5ita kindlalt nii kuival kui ka niisel teel. S\u00f5iduohutust toetab k\u00f5rge kvaliteediga gummisegu, [&hellip;]<\/p>\n","protected":false},"featured_media":124863,"template":"","meta":{"site-sidebar-layout":"default","site-content-layout":"","ast-site-content-layout":"","site-content-style":"default","site-sidebar-style":"default","ast-global-header-display":"","ast-banner-title-visibility":"","ast-main-header-display":"","ast-hfb-above-header-display":"","ast-hfb-below-header-display":"","ast-hfb-mobile-header-display":"","site-post-title":"","ast-breadcrumbs-content":"","ast-featured-img":"","footer-sml-layout":"","theme-transparent-header-meta":"","adv-header-id-meta":"","stick-header-meta":"","header-above-stick-meta":"","header-main-stick-meta":"","header-below-stick-meta":"","astra-migrate-meta-layouts":"default","ast-page-background-enabled":"default","ast-page-background-meta":{"desktop":{"background-color":"","background-image":"","background-repeat":"repeat","background-position":"center center","background-size":"auto","background-attachment":"scroll","background-type":"","background-media":"","overlay-type":"","overlay-color":"","overlay-opacity":"","overlay-gradient":""},"tablet":{"background-color":"","background-image":"","background-repeat":"repeat","background-position":"center center","background-size":"auto","background-attachment":"scroll","background-type":"","background-media":"","overlay-type":"","overlay-color":"","overlay-opacity":"","overlay-gradient":""},"mobile":{"background-color":"","background-image":"","background-repeat":"repeat","background-position":"center center","background-size":"auto","background-attachment":"scroll","background-type":"","background-media":"","overlay-type":"","overlay-color":"","overlay-opacity":"","overlay-gradient":""}},"ast-content-background-meta":{"desktop":{"background-color":"var(--ast-global-color-5)","background-image":"","background-repeat":"repeat","background-position":"center center","background-size":"auto","background-attachment":"scroll","background-type":"","background-media":"","overlay-type":"","overlay-color":"","overlay-opacity":"","overlay-gradient":""},"tablet":{"background-color":"var(--ast-global-color-5)","background-image":"","background-repeat":"repeat","background-position":"center center","background-size":"auto","background-attachment":"scroll","background-type":"","background-media":"","overlay-type":"","overlay-color":"","overlay-opacity":"","overlay-gradient":""},"mobile":{"background-color":"var(--ast-global-color-5)","background-image":"","background-repeat":"repeat","background-position":"center center","background-size":"auto","background-attachment":"scroll","background-type":"","background-media":"","overlay-type":"","overlay-color":"","overlay-opacity":"","overlay-gradient":""}}},"product_brand":[],"product_cat":[34225],"product_tag":[],"pa_brand_name":[25035],"class_list":{"0":"post-121146","1":"product","2":"type-product","3":"status-publish","4":"has-post-thumbnail","6":"product_cat-summer-tires-pv","7":"pa_brand_name-continental","8":"desktop-align-left","9":"tablet-align-left","10":"mobile-align-left","12":"first","13":"outofstock","14":"taxable","15":"shipping-taxable","16":"purchasable","17":"product-type-simple"},"_links":{"self":[{"href":"https:\/\/shop.rettum.ee\/en\/wp-json\/wp\/v2\/product\/121146","targetHints":{"allow":["GET"]}}],"collection":[{"href":"https:\/\/shop.rettum.ee\/en\/wp-json\/wp\/v2\/product"}],"about":[{"href":"https:\/\/shop.rettum.ee\/en\/wp-json\/wp\/v2\/types\/product"}],"version-history":[{"count":1,"href":"https:\/\/shop.rettum.ee\/en\/wp-json\/wp\/v2\/product\/121146\/revisions"}],"predecessor-version":[{"id":125448,"href":"https:\/\/shop.rettum.ee\/en\/wp-json\/wp\/v2\/product\/121146\/revisions\/125448"}],"wp:featuredmedia":[{"embeddable":true,"href":"https:\/\/shop.rettum.ee\/en\/wp-json\/wp\/v2\/media\/124863"}],"wp:attachment":[{"href":"https:\/\/shop.rettum.ee\/en\/wp-json\/wp\/v2\/media?parent=121146"}],"wp:term":[{"taxonomy":"product_brand","embeddable":true,"href":"https:\/\/shop.rettum.ee\/en\/wp-json\/wp\/v2\/product_brand?post=121146"},{"taxonomy":"product_cat","embeddable":true,"href":"https:\/\/shop.rettum.ee\/en\/wp-json\/wp\/v2\/product_cat?post=121146"},{"taxonomy":"product_tag","embeddable":true,"href":"https:\/\/shop.rettum.ee\/en\/wp-json\/wp\/v2\/product_tag?post=121146"},{"taxonomy":"pa_brand_name","embeddable":true,"href":"https:\/\/shop.rettum.ee\/en\/wp-json\/wp\/v2\/pa_brand_name?post=121146"}],"curies":[{"name":"wp","href":"https:\/\/api.w.org\/{rel}","templated":true}]}}