{"id":121147,"date":"2025-03-31T03:10:49","date_gmt":"2025-03-31T00:10:49","guid":{"rendered":"https:\/\/shop.rettum.ee\/toode\/285-30r20-continental-sportcontact-7-99y-xl-fr-cab75\/"},"modified":"2026-03-26T02:48:06","modified_gmt":"2026-03-26T00:48:06","slug":"285-30r20-continental-sportcontact-7-99y-xl-fr-cab75","status":"publish","type":"product","link":"https:\/\/shop.rettum.ee\/en\/product\/285-30r20-continental-sportcontact-7-99y-xl-fr-cab75\/","title":{"rendered":"285\/30R20 CONTINENTAL SPORTCONTACT 7 99Y XL FR CAB75"},"content":{"rendered":"<p>Continental SportContact 7 285\/30R20 on k\u00f5rgklassi j\u00f5udlusr\u00f5ngas, mis on loodud pakkuma erakordset haarduvust ja stabiilsust nii kuival kui m\u00e4rjal teel. Selle rehviga on kindlustatud maksimaalne ohutus ja s\u00f5idumugavus, v\u00f5imaldades sportlikel ja luksuslikel s\u00f5idukitel elada oma potentsiaali. XL ja FR t\u00e4hised viitavad rehvile, mis omab suurenenud koormustalitust ning v\u00f5imalust s\u00f5ita ka haavataval pinnal, pakkudes seel\u00e4bi reaalajas turvalist t\u00fchimurdmist.  <\/p>\n<p>Innovatiivne mustri disain tagab suurep\u00e4rase veoj\u00f5u \u00fcleminekute ajal ja kiire reageerimise ootamatutele olukordadele. 99Y kiirusindeks lubab k\u00f5rget kiirust, s\u00e4ilitades samal ajal rehu struktuurse tugevuse ja paindlikkuse. CAB75 klassifitseerimine annab lisainfot rehu rakendamisv\u00f5imalustest ning tagab, et toode vastab rangetele kvaliteedistandarditele.  <\/p>\n<p>Continental SportContact 7 285\/30R20 on ideaalne valik neile, kes hindavad tipptasemel tehnoloogiat koos sportliku disaini ja ohutusega. Kindel ja stabiilne s\u00f5idud\u00fcnaamika muudab selle rehu parimaks partneriks ka n\u00f5udlikes juhtimisoludes.<\/p>","protected":false},"excerpt":{"rendered":"<p>Continental SportContact 7 285\/30R20 on k\u00f5rgklassi j\u00f5udlusr\u00f5ngas, mis on loodud pakkuma erakordset haarduvust ja stabiilsust nii kuival kui m\u00e4rjal teel. Selle rehviga on kindlustatud maksimaalne ohutus ja s\u00f5idumugavus, v\u00f5imaldades sportlikel ja luksuslikel s\u00f5idukitel elada oma potentsiaali. XL ja FR t\u00e4hised viitavad rehvile, mis omab suurenenud koormustalitust ning v\u00f5imalust s\u00f5ita ka haavataval pinnal, pakkudes seel\u00e4bi reaalajas [&hellip;]<\/p>\n","protected":false},"featured_media":124863,"template":"","meta":{"site-sidebar-layout":"default","site-content-layout":"","ast-site-content-layout":"","site-content-style":"default","site-sidebar-style":"default","ast-global-header-display":"","ast-banner-title-visibility":"","ast-main-header-display":"","ast-hfb-above-header-display":"","ast-hfb-below-header-display":"","ast-hfb-mobile-header-display":"","site-post-title":"","ast-breadcrumbs-content":"","ast-featured-img":"","footer-sml-layout":"","theme-transparent-header-meta":"","adv-header-id-meta":"","stick-header-meta":"","header-above-stick-meta":"","header-main-stick-meta":"","header-below-stick-meta":"","astra-migrate-meta-layouts":"default","ast-page-background-enabled":"default","ast-page-background-meta":{"desktop":{"background-color":"","background-image":"","background-repeat":"repeat","background-position":"center center","background-size":"auto","background-attachment":"scroll","background-type":"","background-media":"","overlay-type":"","overlay-color":"","overlay-opacity":"","overlay-gradient":""},"tablet":{"background-color":"","background-image":"","background-repeat":"repeat","background-position":"center center","background-size":"auto","background-attachment":"scroll","background-type":"","background-media":"","overlay-type":"","overlay-color":"","overlay-opacity":"","overlay-gradient":""},"mobile":{"background-color":"","background-image":"","background-repeat":"repeat","background-position":"center center","background-size":"auto","background-attachment":"scroll","background-type":"","background-media":"","overlay-type":"","overlay-color":"","overlay-opacity":"","overlay-gradient":""}},"ast-content-background-meta":{"desktop":{"background-color":"var(--ast-global-color-5)","background-image":"","background-repeat":"repeat","background-position":"center center","background-size":"auto","background-attachment":"scroll","background-type":"","background-media":"","overlay-type":"","overlay-color":"","overlay-opacity":"","overlay-gradient":""},"tablet":{"background-color":"var(--ast-global-color-5)","background-image":"","background-repeat":"repeat","background-position":"center center","background-size":"auto","background-attachment":"scroll","background-type":"","background-media":"","overlay-type":"","overlay-color":"","overlay-opacity":"","overlay-gradient":""},"mobile":{"background-color":"var(--ast-global-color-5)","background-image":"","background-repeat":"repeat","background-position":"center center","background-size":"auto","background-attachment":"scroll","background-type":"","background-media":"","overlay-type":"","overlay-color":"","overlay-opacity":"","overlay-gradient":""}}},"product_brand":[],"product_cat":[34225],"product_tag":[],"pa_brand_name":[25035],"class_list":{"0":"post-121147","1":"product","2":"type-product","3":"status-publish","4":"has-post-thumbnail","6":"product_cat-summer-tires-pv","7":"pa_brand_name-continental","8":"desktop-align-left","9":"tablet-align-left","10":"mobile-align-left","12":"first","13":"instock","14":"taxable","15":"shipping-taxable","16":"purchasable","17":"product-type-simple"},"_links":{"self":[{"href":"https:\/\/shop.rettum.ee\/en\/wp-json\/wp\/v2\/product\/121147","targetHints":{"allow":["GET"]}}],"collection":[{"href":"https:\/\/shop.rettum.ee\/en\/wp-json\/wp\/v2\/product"}],"about":[{"href":"https:\/\/shop.rettum.ee\/en\/wp-json\/wp\/v2\/types\/product"}],"version-history":[{"count":1,"href":"https:\/\/shop.rettum.ee\/en\/wp-json\/wp\/v2\/product\/121147\/revisions"}],"predecessor-version":[{"id":125447,"href":"https:\/\/shop.rettum.ee\/en\/wp-json\/wp\/v2\/product\/121147\/revisions\/125447"}],"wp:featuredmedia":[{"embeddable":true,"href":"https:\/\/shop.rettum.ee\/en\/wp-json\/wp\/v2\/media\/124863"}],"wp:attachment":[{"href":"https:\/\/shop.rettum.ee\/en\/wp-json\/wp\/v2\/media?parent=121147"}],"wp:term":[{"taxonomy":"product_brand","embeddable":true,"href":"https:\/\/shop.rettum.ee\/en\/wp-json\/wp\/v2\/product_brand?post=121147"},{"taxonomy":"product_cat","embeddable":true,"href":"https:\/\/shop.rettum.ee\/en\/wp-json\/wp\/v2\/product_cat?post=121147"},{"taxonomy":"product_tag","embeddable":true,"href":"https:\/\/shop.rettum.ee\/en\/wp-json\/wp\/v2\/product_tag?post=121147"},{"taxonomy":"pa_brand_name","embeddable":true,"href":"https:\/\/shop.rettum.ee\/en\/wp-json\/wp\/v2\/pa_brand_name?post=121147"}],"curies":[{"name":"wp","href":"https:\/\/api.w.org\/{rel}","templated":true}]}}