{"id":121148,"date":"2025-03-31T03:10:50","date_gmt":"2025-03-31T00:10:50","guid":{"rendered":"https:\/\/shop.rettum.ee\/toode\/245-35r21-continental-sportcontact-7-96y-xl-mgt-fr-cab72\/"},"modified":"2026-03-22T03:07:24","modified_gmt":"2026-03-22T01:07:24","slug":"245-35r21-continental-sportcontact-7-96y-xl-mgt-fr-cab72","status":"publish","type":"product","link":"https:\/\/shop.rettum.ee\/en\/product\/245-35r21-continental-sportcontact-7-96y-xl-mgt-fr-cab72\/","title":{"rendered":"245\/35R21 CONTINENTAL SPORTCONTACT 7 96Y XL MGT FR CAB72"},"content":{"rendered":"<p>Continental SportContact 7 (245\/35R21) on tipptasemel suvis\u00f5u, mis on loodud andma sportlikele s\u00f5idukitele maksimaalset suutlikkust nii kuivadel kui ka m\u00e4rgadel teedel. Selle edumeelne mustrite disain tagab optimaalse kontaktpinna, pakkudes suurep\u00e4rast haarduvust ja stabiilsust ka k\u00f5rgetel kiirustel. M\u00e4rgitud koormusn\u00e4itajaga 96 ja kiirusklassi Y \u00fcletab 300 km\/h, mis teeb rehvi ideaalseks sportauto entusiastidele ja neid, kes hindavad ohutut, enesekindlat s\u00f5idukogemust.<\/p>\n<p>XL-versioon ja eriline MGT FR CAB72 tehnoloogia tagavad t\u00e4iendava koormustaluvuse ning vastupidavuse, v\u00f5imaldades rehvadel toime tulla intensiivse s\u00f5idustressiga. Continental SportContact 7 on m\u00f5eldud neile, kes otsivad \u00fcliv\u00f5imelist haarduvust ja stabiilsust, samal ajal pidades silmas ohutust ja soodsat reaktsioonikiirust igas s\u00f5idutingimuses.<\/p>\n<p>Valides Continental SportContact 7, saad sa usaldusv\u00e4\u00e4rsuse ja tipptasemel soorituse, mis t\u00f5stab sinu auto s\u00f5idunaudingut ja kindlustunnet igal teekonnal.<\/p>","protected":false},"excerpt":{"rendered":"<p>Continental SportContact 7 (245\/35R21) on tipptasemel suvis\u00f5u, mis on loodud andma sportlikele s\u00f5idukitele maksimaalset suutlikkust nii kuivadel kui ka m\u00e4rgadel teedel. Selle edumeelne mustrite disain tagab optimaalse kontaktpinna, pakkudes suurep\u00e4rast haarduvust ja stabiilsust ka k\u00f5rgetel kiirustel. M\u00e4rgitud koormusn\u00e4itajaga 96 ja kiirusklassi Y \u00fcletab 300 km\/h, mis teeb rehvi ideaalseks sportauto entusiastidele ja neid, kes hindavad [&hellip;]<\/p>\n","protected":false},"featured_media":124863,"template":"","meta":{"site-sidebar-layout":"default","site-content-layout":"","ast-site-content-layout":"","site-content-style":"default","site-sidebar-style":"default","ast-global-header-display":"","ast-banner-title-visibility":"","ast-main-header-display":"","ast-hfb-above-header-display":"","ast-hfb-below-header-display":"","ast-hfb-mobile-header-display":"","site-post-title":"","ast-breadcrumbs-content":"","ast-featured-img":"","footer-sml-layout":"","theme-transparent-header-meta":"","adv-header-id-meta":"","stick-header-meta":"","header-above-stick-meta":"","header-main-stick-meta":"","header-below-stick-meta":"","astra-migrate-meta-layouts":"default","ast-page-background-enabled":"default","ast-page-background-meta":{"desktop":{"background-color":"","background-image":"","background-repeat":"repeat","background-position":"center center","background-size":"auto","background-attachment":"scroll","background-type":"","background-media":"","overlay-type":"","overlay-color":"","overlay-opacity":"","overlay-gradient":""},"tablet":{"background-color":"","background-image":"","background-repeat":"repeat","background-position":"center center","background-size":"auto","background-attachment":"scroll","background-type":"","background-media":"","overlay-type":"","overlay-color":"","overlay-opacity":"","overlay-gradient":""},"mobile":{"background-color":"","background-image":"","background-repeat":"repeat","background-position":"center center","background-size":"auto","background-attachment":"scroll","background-type":"","background-media":"","overlay-type":"","overlay-color":"","overlay-opacity":"","overlay-gradient":""}},"ast-content-background-meta":{"desktop":{"background-color":"var(--ast-global-color-5)","background-image":"","background-repeat":"repeat","background-position":"center center","background-size":"auto","background-attachment":"scroll","background-type":"","background-media":"","overlay-type":"","overlay-color":"","overlay-opacity":"","overlay-gradient":""},"tablet":{"background-color":"var(--ast-global-color-5)","background-image":"","background-repeat":"repeat","background-position":"center center","background-size":"auto","background-attachment":"scroll","background-type":"","background-media":"","overlay-type":"","overlay-color":"","overlay-opacity":"","overlay-gradient":""},"mobile":{"background-color":"var(--ast-global-color-5)","background-image":"","background-repeat":"repeat","background-position":"center center","background-size":"auto","background-attachment":"scroll","background-type":"","background-media":"","overlay-type":"","overlay-color":"","overlay-opacity":"","overlay-gradient":""}}},"product_brand":[],"product_cat":[34225],"product_tag":[],"pa_brand_name":[25035],"class_list":{"0":"post-121148","1":"product","2":"type-product","3":"status-publish","4":"has-post-thumbnail","6":"product_cat-summer-tires-pv","7":"pa_brand_name-continental","8":"desktop-align-left","9":"tablet-align-left","10":"mobile-align-left","12":"first","13":"outofstock","14":"taxable","15":"shipping-taxable","16":"purchasable","17":"product-type-simple"},"_links":{"self":[{"href":"https:\/\/shop.rettum.ee\/en\/wp-json\/wp\/v2\/product\/121148","targetHints":{"allow":["GET"]}}],"collection":[{"href":"https:\/\/shop.rettum.ee\/en\/wp-json\/wp\/v2\/product"}],"about":[{"href":"https:\/\/shop.rettum.ee\/en\/wp-json\/wp\/v2\/types\/product"}],"version-history":[{"count":1,"href":"https:\/\/shop.rettum.ee\/en\/wp-json\/wp\/v2\/product\/121148\/revisions"}],"predecessor-version":[{"id":125446,"href":"https:\/\/shop.rettum.ee\/en\/wp-json\/wp\/v2\/product\/121148\/revisions\/125446"}],"wp:featuredmedia":[{"embeddable":true,"href":"https:\/\/shop.rettum.ee\/en\/wp-json\/wp\/v2\/media\/124863"}],"wp:attachment":[{"href":"https:\/\/shop.rettum.ee\/en\/wp-json\/wp\/v2\/media?parent=121148"}],"wp:term":[{"taxonomy":"product_brand","embeddable":true,"href":"https:\/\/shop.rettum.ee\/en\/wp-json\/wp\/v2\/product_brand?post=121148"},{"taxonomy":"product_cat","embeddable":true,"href":"https:\/\/shop.rettum.ee\/en\/wp-json\/wp\/v2\/product_cat?post=121148"},{"taxonomy":"product_tag","embeddable":true,"href":"https:\/\/shop.rettum.ee\/en\/wp-json\/wp\/v2\/product_tag?post=121148"},{"taxonomy":"pa_brand_name","embeddable":true,"href":"https:\/\/shop.rettum.ee\/en\/wp-json\/wp\/v2\/pa_brand_name?post=121148"}],"curies":[{"name":"wp","href":"https:\/\/api.w.org\/{rel}","templated":true}]}}