{"id":121149,"date":"2025-03-31T03:10:51","date_gmt":"2025-03-31T00:10:51","guid":{"rendered":"https:\/\/shop.rettum.ee\/toode\/245-40r21-continental-sportcontact-7-100y-xl-nf0-fr-bab72\/"},"modified":"2026-03-22T03:07:24","modified_gmt":"2026-03-22T01:07:24","slug":"245-40r21-continental-sportcontact-7-100y-xl-nf0-fr-bab72","status":"publish","type":"product","link":"https:\/\/shop.rettum.ee\/en\/product\/245-40r21-continental-sportcontact-7-100y-xl-nf0-fr-bab72\/","title":{"rendered":"245\/40R21 CONTINENTAL SPORTCONTACT 7 100Y XL NF0 FR BAB72"},"content":{"rendered":"<p>245\/40R21 Continental SportContact 7 on tipptasemel suverehv, mis \u00fchendab spordilisuse, ohutuse ja k\u00fctuses\u00e4\u00e4stlikkuse \u00fclimalt innovatiivses disainis. Sellel rehvil on XL-m\u00e4rk, mis t\u00e4hendab lisakandev\u00f5imet ja vastupidavust ning 100Y kiirusklass tagab usaldusv\u00e4\u00e4rse ja sportliku s\u00f5idu ka k\u00f5rgteel. Continental SportContact 7 pakub suurep\u00e4rast veosyritust nii kuival kui m\u00e4rgal teel, mis t\u00e4hendab t\u00e4pseid s\u00f5iduradu ning kindlat pidamist ka n\u00f5udlikes tingimustes. Uuenduslik rehvimuster ja tehnoloogilised lahendused aitavad v\u00e4hendada veeretamise m\u00fcra, pakkudes seel\u00e4bi vaiksemat ja mugavamat s\u00f5idukogemust.<\/p>\n<p>Rehvi konstruktsioon on loodud maksimaalse stabiilsuse ja reageerimisv\u00f5ime tagamiseks, v\u00f5imaldades s\u00f5ita enesekindlalt ka d\u00fcnaamilistes man\u00f6\u00f6vrites.  NF0 ja FR BAB72 m\u00e4rkused viitavad rehvi optimeeritud nurjamisomadustele ning madalamale m\u00fcratasemele, mis omakorda suurendab s\u00f5idumugavust ja ohutust. Valides Continental SportContact 7, investeerid sa kvaliteeti ja tipptasemel tehnoloogiasse, mis vastab ka k\u00f5ige n\u00f5udlikumatele juhile.<\/p>","protected":false},"excerpt":{"rendered":"<p>245\/40R21 Continental SportContact 7 on tipptasemel suverehv, mis \u00fchendab spordilisuse, ohutuse ja k\u00fctuses\u00e4\u00e4stlikkuse \u00fclimalt innovatiivses disainis. Sellel rehvil on XL-m\u00e4rk, mis t\u00e4hendab lisakandev\u00f5imet ja vastupidavust ning 100Y kiirusklass tagab usaldusv\u00e4\u00e4rse ja sportliku s\u00f5idu ka k\u00f5rgteel. Continental SportContact 7 pakub suurep\u00e4rast veosyritust nii kuival kui m\u00e4rgal teel, mis t\u00e4hendab t\u00e4pseid s\u00f5iduradu ning kindlat pidamist ka n\u00f5udlikes [&hellip;]<\/p>\n","protected":false},"featured_media":124863,"template":"","meta":{"site-sidebar-layout":"default","site-content-layout":"","ast-site-content-layout":"","site-content-style":"default","site-sidebar-style":"default","ast-global-header-display":"","ast-banner-title-visibility":"","ast-main-header-display":"","ast-hfb-above-header-display":"","ast-hfb-below-header-display":"","ast-hfb-mobile-header-display":"","site-post-title":"","ast-breadcrumbs-content":"","ast-featured-img":"","footer-sml-layout":"","theme-transparent-header-meta":"","adv-header-id-meta":"","stick-header-meta":"","header-above-stick-meta":"","header-main-stick-meta":"","header-below-stick-meta":"","astra-migrate-meta-layouts":"default","ast-page-background-enabled":"default","ast-page-background-meta":{"desktop":{"background-color":"","background-image":"","background-repeat":"repeat","background-position":"center center","background-size":"auto","background-attachment":"scroll","background-type":"","background-media":"","overlay-type":"","overlay-color":"","overlay-opacity":"","overlay-gradient":""},"tablet":{"background-color":"","background-image":"","background-repeat":"repeat","background-position":"center center","background-size":"auto","background-attachment":"scroll","background-type":"","background-media":"","overlay-type":"","overlay-color":"","overlay-opacity":"","overlay-gradient":""},"mobile":{"background-color":"","background-image":"","background-repeat":"repeat","background-position":"center center","background-size":"auto","background-attachment":"scroll","background-type":"","background-media":"","overlay-type":"","overlay-color":"","overlay-opacity":"","overlay-gradient":""}},"ast-content-background-meta":{"desktop":{"background-color":"var(--ast-global-color-5)","background-image":"","background-repeat":"repeat","background-position":"center center","background-size":"auto","background-attachment":"scroll","background-type":"","background-media":"","overlay-type":"","overlay-color":"","overlay-opacity":"","overlay-gradient":""},"tablet":{"background-color":"var(--ast-global-color-5)","background-image":"","background-repeat":"repeat","background-position":"center center","background-size":"auto","background-attachment":"scroll","background-type":"","background-media":"","overlay-type":"","overlay-color":"","overlay-opacity":"","overlay-gradient":""},"mobile":{"background-color":"var(--ast-global-color-5)","background-image":"","background-repeat":"repeat","background-position":"center center","background-size":"auto","background-attachment":"scroll","background-type":"","background-media":"","overlay-type":"","overlay-color":"","overlay-opacity":"","overlay-gradient":""}}},"product_brand":[],"product_cat":[34225],"product_tag":[],"pa_brand_name":[25035],"class_list":{"0":"post-121149","1":"product","2":"type-product","3":"status-publish","4":"has-post-thumbnail","6":"product_cat-summer-tires-pv","7":"pa_brand_name-continental","8":"desktop-align-left","9":"tablet-align-left","10":"mobile-align-left","12":"first","13":"outofstock","14":"taxable","15":"shipping-taxable","16":"purchasable","17":"product-type-simple"},"_links":{"self":[{"href":"https:\/\/shop.rettum.ee\/en\/wp-json\/wp\/v2\/product\/121149","targetHints":{"allow":["GET"]}}],"collection":[{"href":"https:\/\/shop.rettum.ee\/en\/wp-json\/wp\/v2\/product"}],"about":[{"href":"https:\/\/shop.rettum.ee\/en\/wp-json\/wp\/v2\/types\/product"}],"version-history":[{"count":1,"href":"https:\/\/shop.rettum.ee\/en\/wp-json\/wp\/v2\/product\/121149\/revisions"}],"predecessor-version":[{"id":125445,"href":"https:\/\/shop.rettum.ee\/en\/wp-json\/wp\/v2\/product\/121149\/revisions\/125445"}],"wp:featuredmedia":[{"embeddable":true,"href":"https:\/\/shop.rettum.ee\/en\/wp-json\/wp\/v2\/media\/124863"}],"wp:attachment":[{"href":"https:\/\/shop.rettum.ee\/en\/wp-json\/wp\/v2\/media?parent=121149"}],"wp:term":[{"taxonomy":"product_brand","embeddable":true,"href":"https:\/\/shop.rettum.ee\/en\/wp-json\/wp\/v2\/product_brand?post=121149"},{"taxonomy":"product_cat","embeddable":true,"href":"https:\/\/shop.rettum.ee\/en\/wp-json\/wp\/v2\/product_cat?post=121149"},{"taxonomy":"product_tag","embeddable":true,"href":"https:\/\/shop.rettum.ee\/en\/wp-json\/wp\/v2\/product_tag?post=121149"},{"taxonomy":"pa_brand_name","embeddable":true,"href":"https:\/\/shop.rettum.ee\/en\/wp-json\/wp\/v2\/pa_brand_name?post=121149"}],"curies":[{"name":"wp","href":"https:\/\/api.w.org\/{rel}","templated":true}]}}