{"id":121150,"date":"2025-03-31T03:10:52","date_gmt":"2025-03-31T00:10:52","guid":{"rendered":"https:\/\/shop.rettum.ee\/toode\/255-35r21-continental-sportcontact-7-98y-xl-fr-cab73\/"},"modified":"2026-03-22T03:07:24","modified_gmt":"2026-03-22T01:07:24","slug":"255-35r21-continental-sportcontact-7-98y-xl-fr-cab73","status":"publish","type":"product","link":"https:\/\/shop.rettum.ee\/en\/product\/255-35r21-continental-sportcontact-7-98y-xl-fr-cab73\/","title":{"rendered":"255\/35R21 CONTINENTAL SPORTCONTACT 7 98Y XL FR CAB73"},"content":{"rendered":"<p>Continental SportContact 7 255\/35R21 on tipptasemel suumusrehv, mis on loodud pakkuma erakordset haarduvust ja t\u00e4pset reageerimist nii kuivadel kui m\u00e4rgadel teedel. Selle sportlik disain ja uuenduslik mustrivalik tagavad kindla juhitavuse ja stabiilsuse ka ekstreemsetes s\u00f5iduoludes. Rehvi m\u00f5\u00f5tmed on kohandatud suure j\u00f5udlusega s\u00f5idukitele, pakkudes optimaalseid j\u00f5udlusomadusi ning t\u00e4iendavat kandev\u00f5imet XL- ja CAB73-klassifikaatsiooniga.<\/p>\n<p>Kiirusindeks Y ja koormusindeks 98 tagavad, et rehvin\u00e4ited suudavad toime tulla ka k\u00f5rgete kiirustega, pakkudes maksimaalset turvalisust ja sportlikku s\u00f5idukogemust. Continental SportContact 7 on ideaalne valik neile, kes n\u00f5uavad oma s\u00f5idukilt t\u00e4pset k\u00e4sitsemist ja tugevust igas olukorras. Investeeri s\u00f5iduomadustesse ja naudi t\u00e4nap\u00e4evase tehnoloogia pakutavat kindlustunnet ning s\u00f5idur\u00f5\u00f5mu iga kurvi ja sirgega.<\/p>","protected":false},"excerpt":{"rendered":"<p>Continental SportContact 7 255\/35R21 on tipptasemel suumusrehv, mis on loodud pakkuma erakordset haarduvust ja t\u00e4pset reageerimist nii kuivadel kui m\u00e4rgadel teedel. Selle sportlik disain ja uuenduslik mustrivalik tagavad kindla juhitavuse ja stabiilsuse ka ekstreemsetes s\u00f5iduoludes. Rehvi m\u00f5\u00f5tmed on kohandatud suure j\u00f5udlusega s\u00f5idukitele, pakkudes optimaalseid j\u00f5udlusomadusi ning t\u00e4iendavat kandev\u00f5imet XL- ja CAB73-klassifikaatsiooniga. Kiirusindeks Y ja koormusindeks [&hellip;]<\/p>\n","protected":false},"featured_media":124863,"template":"","meta":{"site-sidebar-layout":"default","site-content-layout":"","ast-site-content-layout":"","site-content-style":"default","site-sidebar-style":"default","ast-global-header-display":"","ast-banner-title-visibility":"","ast-main-header-display":"","ast-hfb-above-header-display":"","ast-hfb-below-header-display":"","ast-hfb-mobile-header-display":"","site-post-title":"","ast-breadcrumbs-content":"","ast-featured-img":"","footer-sml-layout":"","theme-transparent-header-meta":"","adv-header-id-meta":"","stick-header-meta":"","header-above-stick-meta":"","header-main-stick-meta":"","header-below-stick-meta":"","astra-migrate-meta-layouts":"default","ast-page-background-enabled":"default","ast-page-background-meta":{"desktop":{"background-color":"","background-image":"","background-repeat":"repeat","background-position":"center center","background-size":"auto","background-attachment":"scroll","background-type":"","background-media":"","overlay-type":"","overlay-color":"","overlay-opacity":"","overlay-gradient":""},"tablet":{"background-color":"","background-image":"","background-repeat":"repeat","background-position":"center center","background-size":"auto","background-attachment":"scroll","background-type":"","background-media":"","overlay-type":"","overlay-color":"","overlay-opacity":"","overlay-gradient":""},"mobile":{"background-color":"","background-image":"","background-repeat":"repeat","background-position":"center center","background-size":"auto","background-attachment":"scroll","background-type":"","background-media":"","overlay-type":"","overlay-color":"","overlay-opacity":"","overlay-gradient":""}},"ast-content-background-meta":{"desktop":{"background-color":"var(--ast-global-color-5)","background-image":"","background-repeat":"repeat","background-position":"center center","background-size":"auto","background-attachment":"scroll","background-type":"","background-media":"","overlay-type":"","overlay-color":"","overlay-opacity":"","overlay-gradient":""},"tablet":{"background-color":"var(--ast-global-color-5)","background-image":"","background-repeat":"repeat","background-position":"center center","background-size":"auto","background-attachment":"scroll","background-type":"","background-media":"","overlay-type":"","overlay-color":"","overlay-opacity":"","overlay-gradient":""},"mobile":{"background-color":"var(--ast-global-color-5)","background-image":"","background-repeat":"repeat","background-position":"center center","background-size":"auto","background-attachment":"scroll","background-type":"","background-media":"","overlay-type":"","overlay-color":"","overlay-opacity":"","overlay-gradient":""}}},"product_brand":[],"product_cat":[34225],"product_tag":[],"pa_brand_name":[25035],"class_list":{"0":"post-121150","1":"product","2":"type-product","3":"status-publish","4":"has-post-thumbnail","6":"product_cat-summer-tires-pv","7":"pa_brand_name-continental","8":"desktop-align-left","9":"tablet-align-left","10":"mobile-align-left","12":"first","13":"outofstock","14":"taxable","15":"shipping-taxable","16":"purchasable","17":"product-type-simple"},"_links":{"self":[{"href":"https:\/\/shop.rettum.ee\/en\/wp-json\/wp\/v2\/product\/121150","targetHints":{"allow":["GET"]}}],"collection":[{"href":"https:\/\/shop.rettum.ee\/en\/wp-json\/wp\/v2\/product"}],"about":[{"href":"https:\/\/shop.rettum.ee\/en\/wp-json\/wp\/v2\/types\/product"}],"version-history":[{"count":1,"href":"https:\/\/shop.rettum.ee\/en\/wp-json\/wp\/v2\/product\/121150\/revisions"}],"predecessor-version":[{"id":125443,"href":"https:\/\/shop.rettum.ee\/en\/wp-json\/wp\/v2\/product\/121150\/revisions\/125443"}],"wp:featuredmedia":[{"embeddable":true,"href":"https:\/\/shop.rettum.ee\/en\/wp-json\/wp\/v2\/media\/124863"}],"wp:attachment":[{"href":"https:\/\/shop.rettum.ee\/en\/wp-json\/wp\/v2\/media?parent=121150"}],"wp:term":[{"taxonomy":"product_brand","embeddable":true,"href":"https:\/\/shop.rettum.ee\/en\/wp-json\/wp\/v2\/product_brand?post=121150"},{"taxonomy":"product_cat","embeddable":true,"href":"https:\/\/shop.rettum.ee\/en\/wp-json\/wp\/v2\/product_cat?post=121150"},{"taxonomy":"product_tag","embeddable":true,"href":"https:\/\/shop.rettum.ee\/en\/wp-json\/wp\/v2\/product_tag?post=121150"},{"taxonomy":"pa_brand_name","embeddable":true,"href":"https:\/\/shop.rettum.ee\/en\/wp-json\/wp\/v2\/pa_brand_name?post=121150"}],"curies":[{"name":"wp","href":"https:\/\/api.w.org\/{rel}","templated":true}]}}