{"id":121151,"date":"2025-03-31T03:10:52","date_gmt":"2025-03-31T00:10:52","guid":{"rendered":"https:\/\/shop.rettum.ee\/toode\/265-35r21-continental-sportcontact-7-101y-xl-fr-dab72\/"},"modified":"2026-03-24T02:47:35","modified_gmt":"2026-03-24T00:47:35","slug":"265-35r21-continental-sportcontact-7-101y-xl-fr-dab72","status":"publish","type":"product","link":"https:\/\/shop.rettum.ee\/en\/product\/265-35r21-continental-sportcontact-7-101y-xl-fr-dab72\/","title":{"rendered":"265\/35R21 CONTINENTAL SPORTCONTACT 7 101Y XL FR DAB72"},"content":{"rendered":"<p>Avasta Continental SportContact 7 suverehv, mis pakub erakordset j\u00f5udlust ja ohutust ka k\u00f5ige n\u00f5udlikumal s\u00f5idutingimustel. Mudel 265\/35R21 on m\u00f5eldud sportlikele s\u00f5idukitele, v\u00f5imaldades saavutada t\u00e4iusliku haarduvuse nii sirgetel maanteedel kui ka kurvides. Suurep\u00e4rane veeretegur, optimeeritud mustritus ja k\u00f5rgtehnoloogilised materjalid tagavad kiire reageerimise ning stabiilsuse ka kiiretes s\u00f5idutingimustes.<\/p>\n<p>Rehvi m\u00f5\u00f5tmed ning koormusn\u00e4itaja 101Y XL tagavad, et see on v\u00f5imeline taluma suuremat koormust ja s\u00e4ilitama oma omadusi ka \u00e4\u00e4rmuslikes olukordades. Rehvi konstrueerimisel on arvestatud ka keskkonnas\u00e4\u00e4stlikkuse ja vastupidavusega, v\u00f5imaldades pikemat teenuseiga ning madalamat k\u00fctusekulu. Eriliste tehnoloogiliste lahendustega Continental SportContact 7 on ideaalne valik neile, kes hindavad esmaklassilist s\u00f5idukogemust, turvalisust ja sportlikku disaini.<\/p>\n<p>Vali Continental SportContact 7, et tunda end kindlalt ja enesekindlalt igal teel ning nautida s\u00f5idu iga hetke!<\/p>","protected":false},"excerpt":{"rendered":"<p>Avasta Continental SportContact 7 suverehv, mis pakub erakordset j\u00f5udlust ja ohutust ka k\u00f5ige n\u00f5udlikumal s\u00f5idutingimustel. Mudel 265\/35R21 on m\u00f5eldud sportlikele s\u00f5idukitele, v\u00f5imaldades saavutada t\u00e4iusliku haarduvuse nii sirgetel maanteedel kui ka kurvides. Suurep\u00e4rane veeretegur, optimeeritud mustritus ja k\u00f5rgtehnoloogilised materjalid tagavad kiire reageerimise ning stabiilsuse ka kiiretes s\u00f5idutingimustes. Rehvi m\u00f5\u00f5tmed ning koormusn\u00e4itaja 101Y XL tagavad, et see [&hellip;]<\/p>\n","protected":false},"featured_media":124863,"template":"","meta":{"site-sidebar-layout":"default","site-content-layout":"","ast-site-content-layout":"","site-content-style":"default","site-sidebar-style":"default","ast-global-header-display":"","ast-banner-title-visibility":"","ast-main-header-display":"","ast-hfb-above-header-display":"","ast-hfb-below-header-display":"","ast-hfb-mobile-header-display":"","site-post-title":"","ast-breadcrumbs-content":"","ast-featured-img":"","footer-sml-layout":"","theme-transparent-header-meta":"","adv-header-id-meta":"","stick-header-meta":"","header-above-stick-meta":"","header-main-stick-meta":"","header-below-stick-meta":"","astra-migrate-meta-layouts":"default","ast-page-background-enabled":"default","ast-page-background-meta":{"desktop":{"background-color":"","background-image":"","background-repeat":"repeat","background-position":"center center","background-size":"auto","background-attachment":"scroll","background-type":"","background-media":"","overlay-type":"","overlay-color":"","overlay-opacity":"","overlay-gradient":""},"tablet":{"background-color":"","background-image":"","background-repeat":"repeat","background-position":"center center","background-size":"auto","background-attachment":"scroll","background-type":"","background-media":"","overlay-type":"","overlay-color":"","overlay-opacity":"","overlay-gradient":""},"mobile":{"background-color":"","background-image":"","background-repeat":"repeat","background-position":"center center","background-size":"auto","background-attachment":"scroll","background-type":"","background-media":"","overlay-type":"","overlay-color":"","overlay-opacity":"","overlay-gradient":""}},"ast-content-background-meta":{"desktop":{"background-color":"var(--ast-global-color-5)","background-image":"","background-repeat":"repeat","background-position":"center center","background-size":"auto","background-attachment":"scroll","background-type":"","background-media":"","overlay-type":"","overlay-color":"","overlay-opacity":"","overlay-gradient":""},"tablet":{"background-color":"var(--ast-global-color-5)","background-image":"","background-repeat":"repeat","background-position":"center center","background-size":"auto","background-attachment":"scroll","background-type":"","background-media":"","overlay-type":"","overlay-color":"","overlay-opacity":"","overlay-gradient":""},"mobile":{"background-color":"var(--ast-global-color-5)","background-image":"","background-repeat":"repeat","background-position":"center center","background-size":"auto","background-attachment":"scroll","background-type":"","background-media":"","overlay-type":"","overlay-color":"","overlay-opacity":"","overlay-gradient":""}}},"product_brand":[],"product_cat":[34225],"product_tag":[],"pa_brand_name":[25035],"class_list":{"0":"post-121151","1":"product","2":"type-product","3":"status-publish","4":"has-post-thumbnail","6":"product_cat-summer-tires-pv","7":"pa_brand_name-continental","8":"desktop-align-left","9":"tablet-align-left","10":"mobile-align-left","12":"first","13":"instock","14":"taxable","15":"shipping-taxable","16":"purchasable","17":"product-type-simple"},"_links":{"self":[{"href":"https:\/\/shop.rettum.ee\/en\/wp-json\/wp\/v2\/product\/121151","targetHints":{"allow":["GET"]}}],"collection":[{"href":"https:\/\/shop.rettum.ee\/en\/wp-json\/wp\/v2\/product"}],"about":[{"href":"https:\/\/shop.rettum.ee\/en\/wp-json\/wp\/v2\/types\/product"}],"version-history":[{"count":1,"href":"https:\/\/shop.rettum.ee\/en\/wp-json\/wp\/v2\/product\/121151\/revisions"}],"predecessor-version":[{"id":125444,"href":"https:\/\/shop.rettum.ee\/en\/wp-json\/wp\/v2\/product\/121151\/revisions\/125444"}],"wp:featuredmedia":[{"embeddable":true,"href":"https:\/\/shop.rettum.ee\/en\/wp-json\/wp\/v2\/media\/124863"}],"wp:attachment":[{"href":"https:\/\/shop.rettum.ee\/en\/wp-json\/wp\/v2\/media?parent=121151"}],"wp:term":[{"taxonomy":"product_brand","embeddable":true,"href":"https:\/\/shop.rettum.ee\/en\/wp-json\/wp\/v2\/product_brand?post=121151"},{"taxonomy":"product_cat","embeddable":true,"href":"https:\/\/shop.rettum.ee\/en\/wp-json\/wp\/v2\/product_cat?post=121151"},{"taxonomy":"product_tag","embeddable":true,"href":"https:\/\/shop.rettum.ee\/en\/wp-json\/wp\/v2\/product_tag?post=121151"},{"taxonomy":"pa_brand_name","embeddable":true,"href":"https:\/\/shop.rettum.ee\/en\/wp-json\/wp\/v2\/pa_brand_name?post=121151"}],"curies":[{"name":"wp","href":"https:\/\/api.w.org\/{rel}","templated":true}]}}