{"id":121152,"date":"2025-03-31T03:10:53","date_gmt":"2025-03-31T00:10:53","guid":{"rendered":"https:\/\/shop.rettum.ee\/toode\/265-40r21-continental-sportcontact-7-101y-mgt-fr-bab72\/"},"modified":"2026-03-22T03:07:24","modified_gmt":"2026-03-22T01:07:24","slug":"265-40r21-continental-sportcontact-7-101y-mgt-fr-bab72","status":"publish","type":"product","link":"https:\/\/shop.rettum.ee\/en\/product\/265-40r21-continental-sportcontact-7-101y-mgt-fr-bab72\/","title":{"rendered":"265\/40R21 CONTINENTAL SPORTCONTACT 7 101Y MGT FR BAB72"},"content":{"rendered":"<p>Continental SportContact 7 265\/40R21 on tipptasemel suvised sportrehvid, mis on loodud enamat kui lihtsalt kiireks s\u00f5idukogemuseks. Selle uuendusliku disaini ja keeruka kummisegu abil pakub rehvit erakordset haarduvust nii kuival kui vihmasel pinnal, tagades maksimaalse s\u00f5idustabiilsuse ka teravas man\u00f6\u00f6verdamises. 101 koormusindeks ja Y kiirusklass (kuni 300 km\/h) annavad m\u00e4rku, et tegemist on v\u00f5imsa ja usaldusv\u00e4\u00e4rse rehviga, mis suudab kanda sportlikke j\u00f5udlusi ning s\u00e4ilitada t\u00e4pse juhitavuse ka ekstreemsetes olukordades.<\/p>\n<p>MGT FR tehnoloogia lisab rehvile t\u00e4iendavat stabiilsust ja mugavust, v\u00f5imaldades s\u00f5idukil s\u00e4ilitada optimaalne kontakt teepinnaga isegi suurel kiirusel ja j\u00e4rskudel p\u00f6\u00f6rdel. See Continental SportContact 7 mudel pakub kindlat ja enesekindlat s\u00f5idukogemust, muutes selle ideaalseks valikuks sportlikele ja j\u00f5udlastele, kes hindavad ohutust, t\u00e4psust ja d\u00fcnaamilist s\u00f5iduk\u00e4itumist igas olukorras.<\/p>","protected":false},"excerpt":{"rendered":"<p>Continental SportContact 7 265\/40R21 on tipptasemel suvised sportrehvid, mis on loodud enamat kui lihtsalt kiireks s\u00f5idukogemuseks. Selle uuendusliku disaini ja keeruka kummisegu abil pakub rehvit erakordset haarduvust nii kuival kui vihmasel pinnal, tagades maksimaalse s\u00f5idustabiilsuse ka teravas man\u00f6\u00f6verdamises. 101 koormusindeks ja Y kiirusklass (kuni 300 km\/h) annavad m\u00e4rku, et tegemist on v\u00f5imsa ja usaldusv\u00e4\u00e4rse rehviga, [&hellip;]<\/p>\n","protected":false},"featured_media":124863,"template":"","meta":{"site-sidebar-layout":"default","site-content-layout":"","ast-site-content-layout":"","site-content-style":"default","site-sidebar-style":"default","ast-global-header-display":"","ast-banner-title-visibility":"","ast-main-header-display":"","ast-hfb-above-header-display":"","ast-hfb-below-header-display":"","ast-hfb-mobile-header-display":"","site-post-title":"","ast-breadcrumbs-content":"","ast-featured-img":"","footer-sml-layout":"","theme-transparent-header-meta":"","adv-header-id-meta":"","stick-header-meta":"","header-above-stick-meta":"","header-main-stick-meta":"","header-below-stick-meta":"","astra-migrate-meta-layouts":"default","ast-page-background-enabled":"default","ast-page-background-meta":{"desktop":{"background-color":"","background-image":"","background-repeat":"repeat","background-position":"center center","background-size":"auto","background-attachment":"scroll","background-type":"","background-media":"","overlay-type":"","overlay-color":"","overlay-opacity":"","overlay-gradient":""},"tablet":{"background-color":"","background-image":"","background-repeat":"repeat","background-position":"center center","background-size":"auto","background-attachment":"scroll","background-type":"","background-media":"","overlay-type":"","overlay-color":"","overlay-opacity":"","overlay-gradient":""},"mobile":{"background-color":"","background-image":"","background-repeat":"repeat","background-position":"center center","background-size":"auto","background-attachment":"scroll","background-type":"","background-media":"","overlay-type":"","overlay-color":"","overlay-opacity":"","overlay-gradient":""}},"ast-content-background-meta":{"desktop":{"background-color":"var(--ast-global-color-5)","background-image":"","background-repeat":"repeat","background-position":"center center","background-size":"auto","background-attachment":"scroll","background-type":"","background-media":"","overlay-type":"","overlay-color":"","overlay-opacity":"","overlay-gradient":""},"tablet":{"background-color":"var(--ast-global-color-5)","background-image":"","background-repeat":"repeat","background-position":"center center","background-size":"auto","background-attachment":"scroll","background-type":"","background-media":"","overlay-type":"","overlay-color":"","overlay-opacity":"","overlay-gradient":""},"mobile":{"background-color":"var(--ast-global-color-5)","background-image":"","background-repeat":"repeat","background-position":"center center","background-size":"auto","background-attachment":"scroll","background-type":"","background-media":"","overlay-type":"","overlay-color":"","overlay-opacity":"","overlay-gradient":""}}},"product_brand":[],"product_cat":[34225],"product_tag":[],"pa_brand_name":[25035],"class_list":{"0":"post-121152","1":"product","2":"type-product","3":"status-publish","4":"has-post-thumbnail","6":"product_cat-summer-tires-pv","7":"pa_brand_name-continental","8":"desktop-align-left","9":"tablet-align-left","10":"mobile-align-left","12":"first","13":"outofstock","14":"taxable","15":"shipping-taxable","16":"purchasable","17":"product-type-simple"},"_links":{"self":[{"href":"https:\/\/shop.rettum.ee\/en\/wp-json\/wp\/v2\/product\/121152","targetHints":{"allow":["GET"]}}],"collection":[{"href":"https:\/\/shop.rettum.ee\/en\/wp-json\/wp\/v2\/product"}],"about":[{"href":"https:\/\/shop.rettum.ee\/en\/wp-json\/wp\/v2\/types\/product"}],"version-history":[{"count":1,"href":"https:\/\/shop.rettum.ee\/en\/wp-json\/wp\/v2\/product\/121152\/revisions"}],"predecessor-version":[{"id":125442,"href":"https:\/\/shop.rettum.ee\/en\/wp-json\/wp\/v2\/product\/121152\/revisions\/125442"}],"wp:featuredmedia":[{"embeddable":true,"href":"https:\/\/shop.rettum.ee\/en\/wp-json\/wp\/v2\/media\/124863"}],"wp:attachment":[{"href":"https:\/\/shop.rettum.ee\/en\/wp-json\/wp\/v2\/media?parent=121152"}],"wp:term":[{"taxonomy":"product_brand","embeddable":true,"href":"https:\/\/shop.rettum.ee\/en\/wp-json\/wp\/v2\/product_brand?post=121152"},{"taxonomy":"product_cat","embeddable":true,"href":"https:\/\/shop.rettum.ee\/en\/wp-json\/wp\/v2\/product_cat?post=121152"},{"taxonomy":"product_tag","embeddable":true,"href":"https:\/\/shop.rettum.ee\/en\/wp-json\/wp\/v2\/product_tag?post=121152"},{"taxonomy":"pa_brand_name","embeddable":true,"href":"https:\/\/shop.rettum.ee\/en\/wp-json\/wp\/v2\/pa_brand_name?post=121152"}],"curies":[{"name":"wp","href":"https:\/\/api.w.org\/{rel}","templated":true}]}}