{"id":121153,"date":"2025-03-31T03:10:54","date_gmt":"2025-03-31T00:10:54","guid":{"rendered":"https:\/\/shop.rettum.ee\/toode\/265-40r21-continental-sportcontact-7-105y-xl-mo1-cbb73\/"},"modified":"2026-03-22T03:07:24","modified_gmt":"2026-03-22T01:07:24","slug":"265-40r21-continental-sportcontact-7-105y-xl-mo1-cbb73","status":"publish","type":"product","link":"https:\/\/shop.rettum.ee\/en\/product\/265-40r21-continental-sportcontact-7-105y-xl-mo1-cbb73\/","title":{"rendered":"265\/40R21 CONTINENTAL SPORTCONTACT 7 105Y XL MO1 CBB73"},"content":{"rendered":"<p>265\/40R21 CONTINENTAL SPORTCONTACT 7 105Y XL MO1 CBB73 on tippkvaliteediga suverehv, mis on loodud n\u00f5udlikele s\u00f5iduhuvilistele ja sportlikele s\u00f5idukitele. See rehvit\u00fc\u00fcp \u00fchendab endas k\u00f5rge j\u00f5udluse, erakordse stabiilsuse ja kindla haardumise nii kuival kui m\u00e4rjal teel, pakkudes suurep\u00e4rast juhitavust ka k\u00f5ige n\u00f5udlikumates s\u00f5idutingimustes.<\/p>\n<p>Rehvi spetsiaalne mustriku disain ja optimeeritud kummisegu tagavad l\u00fchikese pidamismaatriksi ning t\u00e4pse reageerimise, v\u00f5imaldades s\u00f5idukil saavutada maksimaalse stabiilsuse ja kiiruse. XL-klass ja 105Y koormusindeks annavad lisatugevuse ja vastupidavuse, et pakkuda optimaalseid s\u00f5iduomadusi ka suure koormuse korral. MO1 kood ja CBB73 tootmise viide kinnitavad rehvi usaldusv\u00e4\u00e4rsust ning kvaliteedit\u00f5ttu.<\/p>\n<p>CONTINENTAL SPORTCONTACT 7 on ideaalne valik neile, kes hindavad tipptasemel s\u00f5iduomadusi, turvalisust ja sportlikku esteetikat. Valides selle rehvi, tagate endale maksimumi j\u00f5udluse ning muretud s\u00f5idu igas olukorras.<\/p>","protected":false},"excerpt":{"rendered":"<p>265\/40R21 CONTINENTAL SPORTCONTACT 7 105Y XL MO1 CBB73 on tippkvaliteediga suverehv, mis on loodud n\u00f5udlikele s\u00f5iduhuvilistele ja sportlikele s\u00f5idukitele. See rehvit\u00fc\u00fcp \u00fchendab endas k\u00f5rge j\u00f5udluse, erakordse stabiilsuse ja kindla haardumise nii kuival kui m\u00e4rjal teel, pakkudes suurep\u00e4rast juhitavust ka k\u00f5ige n\u00f5udlikumates s\u00f5idutingimustes. Rehvi spetsiaalne mustriku disain ja optimeeritud kummisegu tagavad l\u00fchikese pidamismaatriksi ning t\u00e4pse reageerimise, [&hellip;]<\/p>\n","protected":false},"featured_media":124863,"template":"","meta":{"site-sidebar-layout":"default","site-content-layout":"","ast-site-content-layout":"","site-content-style":"default","site-sidebar-style":"default","ast-global-header-display":"","ast-banner-title-visibility":"","ast-main-header-display":"","ast-hfb-above-header-display":"","ast-hfb-below-header-display":"","ast-hfb-mobile-header-display":"","site-post-title":"","ast-breadcrumbs-content":"","ast-featured-img":"","footer-sml-layout":"","theme-transparent-header-meta":"","adv-header-id-meta":"","stick-header-meta":"","header-above-stick-meta":"","header-main-stick-meta":"","header-below-stick-meta":"","astra-migrate-meta-layouts":"default","ast-page-background-enabled":"default","ast-page-background-meta":{"desktop":{"background-color":"","background-image":"","background-repeat":"repeat","background-position":"center center","background-size":"auto","background-attachment":"scroll","background-type":"","background-media":"","overlay-type":"","overlay-color":"","overlay-opacity":"","overlay-gradient":""},"tablet":{"background-color":"","background-image":"","background-repeat":"repeat","background-position":"center center","background-size":"auto","background-attachment":"scroll","background-type":"","background-media":"","overlay-type":"","overlay-color":"","overlay-opacity":"","overlay-gradient":""},"mobile":{"background-color":"","background-image":"","background-repeat":"repeat","background-position":"center center","background-size":"auto","background-attachment":"scroll","background-type":"","background-media":"","overlay-type":"","overlay-color":"","overlay-opacity":"","overlay-gradient":""}},"ast-content-background-meta":{"desktop":{"background-color":"var(--ast-global-color-5)","background-image":"","background-repeat":"repeat","background-position":"center center","background-size":"auto","background-attachment":"scroll","background-type":"","background-media":"","overlay-type":"","overlay-color":"","overlay-opacity":"","overlay-gradient":""},"tablet":{"background-color":"var(--ast-global-color-5)","background-image":"","background-repeat":"repeat","background-position":"center center","background-size":"auto","background-attachment":"scroll","background-type":"","background-media":"","overlay-type":"","overlay-color":"","overlay-opacity":"","overlay-gradient":""},"mobile":{"background-color":"var(--ast-global-color-5)","background-image":"","background-repeat":"repeat","background-position":"center center","background-size":"auto","background-attachment":"scroll","background-type":"","background-media":"","overlay-type":"","overlay-color":"","overlay-opacity":"","overlay-gradient":""}}},"product_brand":[],"product_cat":[34225],"product_tag":[],"pa_brand_name":[25035],"class_list":{"0":"post-121153","1":"product","2":"type-product","3":"status-publish","4":"has-post-thumbnail","6":"product_cat-summer-tires-pv","7":"pa_brand_name-continental","8":"desktop-align-left","9":"tablet-align-left","10":"mobile-align-left","12":"first","13":"outofstock","14":"taxable","15":"shipping-taxable","16":"purchasable","17":"product-type-simple"},"_links":{"self":[{"href":"https:\/\/shop.rettum.ee\/en\/wp-json\/wp\/v2\/product\/121153","targetHints":{"allow":["GET"]}}],"collection":[{"href":"https:\/\/shop.rettum.ee\/en\/wp-json\/wp\/v2\/product"}],"about":[{"href":"https:\/\/shop.rettum.ee\/en\/wp-json\/wp\/v2\/types\/product"}],"version-history":[{"count":1,"href":"https:\/\/shop.rettum.ee\/en\/wp-json\/wp\/v2\/product\/121153\/revisions"}],"predecessor-version":[{"id":125441,"href":"https:\/\/shop.rettum.ee\/en\/wp-json\/wp\/v2\/product\/121153\/revisions\/125441"}],"wp:featuredmedia":[{"embeddable":true,"href":"https:\/\/shop.rettum.ee\/en\/wp-json\/wp\/v2\/media\/124863"}],"wp:attachment":[{"href":"https:\/\/shop.rettum.ee\/en\/wp-json\/wp\/v2\/media?parent=121153"}],"wp:term":[{"taxonomy":"product_brand","embeddable":true,"href":"https:\/\/shop.rettum.ee\/en\/wp-json\/wp\/v2\/product_brand?post=121153"},{"taxonomy":"product_cat","embeddable":true,"href":"https:\/\/shop.rettum.ee\/en\/wp-json\/wp\/v2\/product_cat?post=121153"},{"taxonomy":"product_tag","embeddable":true,"href":"https:\/\/shop.rettum.ee\/en\/wp-json\/wp\/v2\/product_tag?post=121153"},{"taxonomy":"pa_brand_name","embeddable":true,"href":"https:\/\/shop.rettum.ee\/en\/wp-json\/wp\/v2\/pa_brand_name?post=121153"}],"curies":[{"name":"wp","href":"https:\/\/api.w.org\/{rel}","templated":true}]}}