{"id":121154,"date":"2025-03-31T03:10:55","date_gmt":"2025-03-31T00:10:55","guid":{"rendered":"https:\/\/shop.rettum.ee\/toode\/275-35r21-continental-sportcontact-7-103y-xl-nd0-fr-cab73\/"},"modified":"2026-03-22T03:07:25","modified_gmt":"2026-03-22T01:07:25","slug":"275-35r21-continental-sportcontact-7-103y-xl-nd0-fr-cab73","status":"publish","type":"product","link":"https:\/\/shop.rettum.ee\/en\/product\/275-35r21-continental-sportcontact-7-103y-xl-nd0-fr-cab73\/","title":{"rendered":"275\/35R21 CONTINENTAL SPORTCONTACT 7 103Y XL ND0 FR CAB73"},"content":{"rendered":"<p>275\/35R21 CONTINENTAL SPORTCONTACT 7 on tippklassi suverehv, mis on loodud pakkuma maksimaalset s\u00f5iduohutust ja -naudingut. Selle mudeli m\u00f5\u00f5tmed tagavad ideaalse sobivuse 21-tolledele velgedele ning mitte ainult mitte loova, vaid ka realiseeritud disaini, mis toetab sportlikku ja j\u00f5ulist s\u00f5idukogemust.<\/p>\n<p>Rehvi klassifitseering 103Y osutab suurele koormusv\u00f5imele ja k\u00f5rgele kiirusklassile, v\u00f5imaldades s\u00f5iduajal nautida enesekindlust nii kuivadel kui m\u00e4rgadel teedel. XL versioon pakub t\u00e4iendavat koormustaluvust, mis muudab selle ideaalseks ka n\u00f5udlikumates s\u00f5idutingimustes, kus stabiilsus ja turvalisus on h\u00e4davajalikud. <\/p>\n<p>Continental SportContact 7 rehvid on v\u00e4lja t\u00f6\u00f6tatud kasutades kaasaegseid tehnoloogiaid, mis tagavad suurep\u00e4rase haardumise ja t\u00e4pse reageerimise igas s\u00f5idusituatsioonis. ND0 ja FR CAB73 m\u00e4rkused kinnitavad rehvi vastavust rangetele kvaliteedi- ja j\u00f5udlusstandarditele, pakkudes s\u00f5idukijuhtidele usaldusv\u00e4\u00e4rset ja energiat\u00f5husat lahendust.<\/p>\n<p>Vali Continental SportContact 7 ja p\u00f5gene teeillutavas \u00fchenduses tipptasemel ohutuse ja sportliku d\u00fcnaamika juurde, mis viivad sinu s\u00f5iduelamuse t\u00e4iesti uuele tasemele.<\/p>","protected":false},"excerpt":{"rendered":"<p>275\/35R21 CONTINENTAL SPORTCONTACT 7 on tippklassi suverehv, mis on loodud pakkuma maksimaalset s\u00f5iduohutust ja -naudingut. Selle mudeli m\u00f5\u00f5tmed tagavad ideaalse sobivuse 21-tolledele velgedele ning mitte ainult mitte loova, vaid ka realiseeritud disaini, mis toetab sportlikku ja j\u00f5ulist s\u00f5idukogemust. Rehvi klassifitseering 103Y osutab suurele koormusv\u00f5imele ja k\u00f5rgele kiirusklassile, v\u00f5imaldades s\u00f5iduajal nautida enesekindlust nii kuivadel kui m\u00e4rgadel [&hellip;]<\/p>\n","protected":false},"featured_media":124863,"template":"","meta":{"site-sidebar-layout":"default","site-content-layout":"","ast-site-content-layout":"","site-content-style":"default","site-sidebar-style":"default","ast-global-header-display":"","ast-banner-title-visibility":"","ast-main-header-display":"","ast-hfb-above-header-display":"","ast-hfb-below-header-display":"","ast-hfb-mobile-header-display":"","site-post-title":"","ast-breadcrumbs-content":"","ast-featured-img":"","footer-sml-layout":"","theme-transparent-header-meta":"","adv-header-id-meta":"","stick-header-meta":"","header-above-stick-meta":"","header-main-stick-meta":"","header-below-stick-meta":"","astra-migrate-meta-layouts":"default","ast-page-background-enabled":"default","ast-page-background-meta":{"desktop":{"background-color":"","background-image":"","background-repeat":"repeat","background-position":"center center","background-size":"auto","background-attachment":"scroll","background-type":"","background-media":"","overlay-type":"","overlay-color":"","overlay-opacity":"","overlay-gradient":""},"tablet":{"background-color":"","background-image":"","background-repeat":"repeat","background-position":"center center","background-size":"auto","background-attachment":"scroll","background-type":"","background-media":"","overlay-type":"","overlay-color":"","overlay-opacity":"","overlay-gradient":""},"mobile":{"background-color":"","background-image":"","background-repeat":"repeat","background-position":"center center","background-size":"auto","background-attachment":"scroll","background-type":"","background-media":"","overlay-type":"","overlay-color":"","overlay-opacity":"","overlay-gradient":""}},"ast-content-background-meta":{"desktop":{"background-color":"var(--ast-global-color-5)","background-image":"","background-repeat":"repeat","background-position":"center center","background-size":"auto","background-attachment":"scroll","background-type":"","background-media":"","overlay-type":"","overlay-color":"","overlay-opacity":"","overlay-gradient":""},"tablet":{"background-color":"var(--ast-global-color-5)","background-image":"","background-repeat":"repeat","background-position":"center center","background-size":"auto","background-attachment":"scroll","background-type":"","background-media":"","overlay-type":"","overlay-color":"","overlay-opacity":"","overlay-gradient":""},"mobile":{"background-color":"var(--ast-global-color-5)","background-image":"","background-repeat":"repeat","background-position":"center center","background-size":"auto","background-attachment":"scroll","background-type":"","background-media":"","overlay-type":"","overlay-color":"","overlay-opacity":"","overlay-gradient":""}}},"product_brand":[],"product_cat":[34225],"product_tag":[],"pa_brand_name":[25035],"class_list":{"0":"post-121154","1":"product","2":"type-product","3":"status-publish","4":"has-post-thumbnail","6":"product_cat-summer-tires-pv","7":"pa_brand_name-continental","8":"desktop-align-left","9":"tablet-align-left","10":"mobile-align-left","12":"first","13":"outofstock","14":"taxable","15":"shipping-taxable","16":"purchasable","17":"product-type-simple"},"_links":{"self":[{"href":"https:\/\/shop.rettum.ee\/en\/wp-json\/wp\/v2\/product\/121154","targetHints":{"allow":["GET"]}}],"collection":[{"href":"https:\/\/shop.rettum.ee\/en\/wp-json\/wp\/v2\/product"}],"about":[{"href":"https:\/\/shop.rettum.ee\/en\/wp-json\/wp\/v2\/types\/product"}],"version-history":[{"count":1,"href":"https:\/\/shop.rettum.ee\/en\/wp-json\/wp\/v2\/product\/121154\/revisions"}],"predecessor-version":[{"id":125439,"href":"https:\/\/shop.rettum.ee\/en\/wp-json\/wp\/v2\/product\/121154\/revisions\/125439"}],"wp:featuredmedia":[{"embeddable":true,"href":"https:\/\/shop.rettum.ee\/en\/wp-json\/wp\/v2\/media\/124863"}],"wp:attachment":[{"href":"https:\/\/shop.rettum.ee\/en\/wp-json\/wp\/v2\/media?parent=121154"}],"wp:term":[{"taxonomy":"product_brand","embeddable":true,"href":"https:\/\/shop.rettum.ee\/en\/wp-json\/wp\/v2\/product_brand?post=121154"},{"taxonomy":"product_cat","embeddable":true,"href":"https:\/\/shop.rettum.ee\/en\/wp-json\/wp\/v2\/product_cat?post=121154"},{"taxonomy":"product_tag","embeddable":true,"href":"https:\/\/shop.rettum.ee\/en\/wp-json\/wp\/v2\/product_tag?post=121154"},{"taxonomy":"pa_brand_name","embeddable":true,"href":"https:\/\/shop.rettum.ee\/en\/wp-json\/wp\/v2\/pa_brand_name?post=121154"}],"curies":[{"name":"wp","href":"https:\/\/api.w.org\/{rel}","templated":true}]}}