{"id":121156,"date":"2025-03-31T03:10:56","date_gmt":"2025-03-31T00:10:56","guid":{"rendered":"https:\/\/shop.rettum.ee\/toode\/285-30r22-continental-sportcontact-7-101y-xl-fr-cab73\/"},"modified":"2026-03-22T03:07:25","modified_gmt":"2026-03-22T01:07:25","slug":"285-30r22-continental-sportcontact-7-101y-xl-fr-cab73","status":"publish","type":"product","link":"https:\/\/shop.rettum.ee\/en\/product\/285-30r22-continental-sportcontact-7-101y-xl-fr-cab73\/","title":{"rendered":"285\/30R22 CONTINENTAL SPORTCONTACT 7 101Y XL FR CAB73"},"content":{"rendered":"<p>Tutvustame uut CONTINENTAL SPORTCONTACT 7 \u2013 rehvi, mis on loodud pakkuma erakordset juhitavust ja turvalisust ka k\u00f5ige n\u00f5udlikumates s\u00f5idutingimustes. Mudel 285\/30R22 sobib ideaalselt suurte j\u00f5udude ja k\u00f5rgete kiirustega s\u00f5iduks ning selle sportlikust iseloomust ei tule kunagi ohutuse v\u00f5i k\u00fctuses\u00e4\u00e4stu kompromissina.<\/p>\n<p>Rehvil on suurep\u00e4rane 101Y mootorr\u00fc\u00fctli koormusindeks ja kiirusklassi s\u00fcmboliseeriv Y, mis n\u00e4itab selle v\u00f5imet s\u00e4ilitada stabiilsus ja kindel k\u00e4itumine ka k\u00f5rgetel kiirustel. XL m\u00e4rgend lisab t\u00e4iendava extra laadiv\u00f5ime, v\u00f5imaldades rehvil taluda rangemaid koormusi pikema aja jooksul, muutes selle ideaalvalikuks nii igap\u00e4evaseks s\u00f5iduks kui ka n\u00f5udlikumateks rakendusteks.<\/p>\n<p>Erakordse disaini ja kaasaegse tehnoloogia kombinatsioon tagab moto-s\u00f5iduhooaja minimaalsete tagasil\u00f6\u00f6kidega maksimaalse haarduvuse nii kuivadel kui ka m\u00e4rgadel teedel. FR ja CAB73 tehnoloogiad annavad lisakindlust ning tagavad, et iga s\u00f5it on sujuv ja kontrollitud.<\/p>\n<p>CONTINENTAL SPORTCONTACT 7 on valik neile, kes hindavad kvaliteeti, j\u00f5udlust ja ohutust \u2013 ideaalne partner nii sportlikuks autoarmastuseks kui ka kohati n\u00f5udlikeks t\u00f6\u00f6tingimusteks.<\/p>","protected":false},"excerpt":{"rendered":"<p>Tutvustame uut CONTINENTAL SPORTCONTACT 7 \u2013 rehvi, mis on loodud pakkuma erakordset juhitavust ja turvalisust ka k\u00f5ige n\u00f5udlikumates s\u00f5idutingimustes. Mudel 285\/30R22 sobib ideaalselt suurte j\u00f5udude ja k\u00f5rgete kiirustega s\u00f5iduks ning selle sportlikust iseloomust ei tule kunagi ohutuse v\u00f5i k\u00fctuses\u00e4\u00e4stu kompromissina. Rehvil on suurep\u00e4rane 101Y mootorr\u00fc\u00fctli koormusindeks ja kiirusklassi s\u00fcmboliseeriv Y, mis n\u00e4itab selle v\u00f5imet s\u00e4ilitada [&hellip;]<\/p>\n","protected":false},"featured_media":124863,"template":"","meta":{"site-sidebar-layout":"default","site-content-layout":"","ast-site-content-layout":"","site-content-style":"default","site-sidebar-style":"default","ast-global-header-display":"","ast-banner-title-visibility":"","ast-main-header-display":"","ast-hfb-above-header-display":"","ast-hfb-below-header-display":"","ast-hfb-mobile-header-display":"","site-post-title":"","ast-breadcrumbs-content":"","ast-featured-img":"","footer-sml-layout":"","theme-transparent-header-meta":"","adv-header-id-meta":"","stick-header-meta":"","header-above-stick-meta":"","header-main-stick-meta":"","header-below-stick-meta":"","astra-migrate-meta-layouts":"default","ast-page-background-enabled":"default","ast-page-background-meta":{"desktop":{"background-color":"","background-image":"","background-repeat":"repeat","background-position":"center center","background-size":"auto","background-attachment":"scroll","background-type":"","background-media":"","overlay-type":"","overlay-color":"","overlay-opacity":"","overlay-gradient":""},"tablet":{"background-color":"","background-image":"","background-repeat":"repeat","background-position":"center center","background-size":"auto","background-attachment":"scroll","background-type":"","background-media":"","overlay-type":"","overlay-color":"","overlay-opacity":"","overlay-gradient":""},"mobile":{"background-color":"","background-image":"","background-repeat":"repeat","background-position":"center center","background-size":"auto","background-attachment":"scroll","background-type":"","background-media":"","overlay-type":"","overlay-color":"","overlay-opacity":"","overlay-gradient":""}},"ast-content-background-meta":{"desktop":{"background-color":"var(--ast-global-color-5)","background-image":"","background-repeat":"repeat","background-position":"center center","background-size":"auto","background-attachment":"scroll","background-type":"","background-media":"","overlay-type":"","overlay-color":"","overlay-opacity":"","overlay-gradient":""},"tablet":{"background-color":"var(--ast-global-color-5)","background-image":"","background-repeat":"repeat","background-position":"center center","background-size":"auto","background-attachment":"scroll","background-type":"","background-media":"","overlay-type":"","overlay-color":"","overlay-opacity":"","overlay-gradient":""},"mobile":{"background-color":"var(--ast-global-color-5)","background-image":"","background-repeat":"repeat","background-position":"center center","background-size":"auto","background-attachment":"scroll","background-type":"","background-media":"","overlay-type":"","overlay-color":"","overlay-opacity":"","overlay-gradient":""}}},"product_brand":[],"product_cat":[34225],"product_tag":[],"pa_brand_name":[25035],"class_list":{"0":"post-121156","1":"product","2":"type-product","3":"status-publish","4":"has-post-thumbnail","6":"product_cat-summer-tires-pv","7":"pa_brand_name-continental","8":"desktop-align-left","9":"tablet-align-left","10":"mobile-align-left","12":"first","13":"outofstock","14":"taxable","15":"shipping-taxable","16":"purchasable","17":"product-type-simple"},"_links":{"self":[{"href":"https:\/\/shop.rettum.ee\/en\/wp-json\/wp\/v2\/product\/121156","targetHints":{"allow":["GET"]}}],"collection":[{"href":"https:\/\/shop.rettum.ee\/en\/wp-json\/wp\/v2\/product"}],"about":[{"href":"https:\/\/shop.rettum.ee\/en\/wp-json\/wp\/v2\/types\/product"}],"version-history":[{"count":1,"href":"https:\/\/shop.rettum.ee\/en\/wp-json\/wp\/v2\/product\/121156\/revisions"}],"predecessor-version":[{"id":125438,"href":"https:\/\/shop.rettum.ee\/en\/wp-json\/wp\/v2\/product\/121156\/revisions\/125438"}],"wp:featuredmedia":[{"embeddable":true,"href":"https:\/\/shop.rettum.ee\/en\/wp-json\/wp\/v2\/media\/124863"}],"wp:attachment":[{"href":"https:\/\/shop.rettum.ee\/en\/wp-json\/wp\/v2\/media?parent=121156"}],"wp:term":[{"taxonomy":"product_brand","embeddable":true,"href":"https:\/\/shop.rettum.ee\/en\/wp-json\/wp\/v2\/product_brand?post=121156"},{"taxonomy":"product_cat","embeddable":true,"href":"https:\/\/shop.rettum.ee\/en\/wp-json\/wp\/v2\/product_cat?post=121156"},{"taxonomy":"product_tag","embeddable":true,"href":"https:\/\/shop.rettum.ee\/en\/wp-json\/wp\/v2\/product_tag?post=121156"},{"taxonomy":"pa_brand_name","embeddable":true,"href":"https:\/\/shop.rettum.ee\/en\/wp-json\/wp\/v2\/pa_brand_name?post=121156"}],"curies":[{"name":"wp","href":"https:\/\/api.w.org\/{rel}","templated":true}]}}