{"id":121157,"date":"2025-03-31T03:10:57","date_gmt":"2025-03-31T00:10:57","guid":{"rendered":"https:\/\/shop.rettum.ee\/toode\/285-40r20-continental-sportcontact-7-108y-xl-r0-fr-aab75\/"},"modified":"2026-03-22T03:07:25","modified_gmt":"2026-03-22T01:07:25","slug":"285-40r20-continental-sportcontact-7-108y-xl-r0-fr-aab75","status":"publish","type":"product","link":"https:\/\/shop.rettum.ee\/en\/product\/285-40r20-continental-sportcontact-7-108y-xl-r0-fr-aab75\/","title":{"rendered":"285\/40R20 CONTINENTAL SPORTCONTACT 7 108Y XL R0 FR AAB75"},"content":{"rendered":"<p>Continental SportContact 7 rehvid annavad sportlikule ja kindlale s\u00f5idukogemusele t\u00e4iesti uue m\u00f5\u00f5tme. Mudeli 285\/40R20 m\u00f5\u00f5tmed tagavad optimaalse kontakti rataste ja teepiiri vahel, v\u00f5imaldades s\u00f5itu nii kuival kui ka niiske pinnaga. 108Y koormusindeks ning kiirusklass annavad m\u00e4rku k\u00f5rgetasemelisest j\u00f5udlusest ja stabiilsusest isegi suurel kiirusel, pakkudes t\u00e4iendavat turvalisust sportlike man\u00f6\u00f6vrite ajal.<\/p>\n<p>XL (extra load) klassifikatsioon on garanteerimas lisat\u00e4ituvust ja vastupidavust, muutes rehvi ideaalseks ka neile s\u00f5idukitele, kus koormus v\u00f5ib olla k\u00f5rgem. T\u00e4pselt v\u00e4lja t\u00f6\u00f6tatud mustriga ja innovative koostisega rehvid tagavad l\u00fchikesed pidurdusteed ja suurep\u00e4rase haarduvuse erinevates s\u00f5idutingimustes.<\/p>\n<p>Continental SportContact 7 on loodud sportautodele ning neile, kes hindavad k\u00f5rget j\u00f5udlust ja s\u00f5iduohutust igal teekonnal. Tee kindlalt edasi, olenemata ilmast ning teeoludest.<\/p>","protected":false},"excerpt":{"rendered":"<p>Continental SportContact 7 rehvid annavad sportlikule ja kindlale s\u00f5idukogemusele t\u00e4iesti uue m\u00f5\u00f5tme. Mudeli 285\/40R20 m\u00f5\u00f5tmed tagavad optimaalse kontakti rataste ja teepiiri vahel, v\u00f5imaldades s\u00f5itu nii kuival kui ka niiske pinnaga. 108Y koormusindeks ning kiirusklass annavad m\u00e4rku k\u00f5rgetasemelisest j\u00f5udlusest ja stabiilsusest isegi suurel kiirusel, pakkudes t\u00e4iendavat turvalisust sportlike man\u00f6\u00f6vrite ajal. XL (extra load) klassifikatsioon on garanteerimas [&hellip;]<\/p>\n","protected":false},"featured_media":124863,"template":"","meta":{"site-sidebar-layout":"default","site-content-layout":"","ast-site-content-layout":"","site-content-style":"default","site-sidebar-style":"default","ast-global-header-display":"","ast-banner-title-visibility":"","ast-main-header-display":"","ast-hfb-above-header-display":"","ast-hfb-below-header-display":"","ast-hfb-mobile-header-display":"","site-post-title":"","ast-breadcrumbs-content":"","ast-featured-img":"","footer-sml-layout":"","theme-transparent-header-meta":"","adv-header-id-meta":"","stick-header-meta":"","header-above-stick-meta":"","header-main-stick-meta":"","header-below-stick-meta":"","astra-migrate-meta-layouts":"default","ast-page-background-enabled":"default","ast-page-background-meta":{"desktop":{"background-color":"","background-image":"","background-repeat":"repeat","background-position":"center center","background-size":"auto","background-attachment":"scroll","background-type":"","background-media":"","overlay-type":"","overlay-color":"","overlay-opacity":"","overlay-gradient":""},"tablet":{"background-color":"","background-image":"","background-repeat":"repeat","background-position":"center center","background-size":"auto","background-attachment":"scroll","background-type":"","background-media":"","overlay-type":"","overlay-color":"","overlay-opacity":"","overlay-gradient":""},"mobile":{"background-color":"","background-image":"","background-repeat":"repeat","background-position":"center center","background-size":"auto","background-attachment":"scroll","background-type":"","background-media":"","overlay-type":"","overlay-color":"","overlay-opacity":"","overlay-gradient":""}},"ast-content-background-meta":{"desktop":{"background-color":"var(--ast-global-color-5)","background-image":"","background-repeat":"repeat","background-position":"center center","background-size":"auto","background-attachment":"scroll","background-type":"","background-media":"","overlay-type":"","overlay-color":"","overlay-opacity":"","overlay-gradient":""},"tablet":{"background-color":"var(--ast-global-color-5)","background-image":"","background-repeat":"repeat","background-position":"center center","background-size":"auto","background-attachment":"scroll","background-type":"","background-media":"","overlay-type":"","overlay-color":"","overlay-opacity":"","overlay-gradient":""},"mobile":{"background-color":"var(--ast-global-color-5)","background-image":"","background-repeat":"repeat","background-position":"center center","background-size":"auto","background-attachment":"scroll","background-type":"","background-media":"","overlay-type":"","overlay-color":"","overlay-opacity":"","overlay-gradient":""}}},"product_brand":[],"product_cat":[34225],"product_tag":[],"pa_brand_name":[25035],"class_list":{"0":"post-121157","1":"product","2":"type-product","3":"status-publish","4":"has-post-thumbnail","6":"product_cat-summer-tires-pv","7":"pa_brand_name-continental","8":"desktop-align-left","9":"tablet-align-left","10":"mobile-align-left","12":"first","13":"outofstock","14":"taxable","15":"shipping-taxable","16":"purchasable","17":"product-type-simple"},"_links":{"self":[{"href":"https:\/\/shop.rettum.ee\/en\/wp-json\/wp\/v2\/product\/121157","targetHints":{"allow":["GET"]}}],"collection":[{"href":"https:\/\/shop.rettum.ee\/en\/wp-json\/wp\/v2\/product"}],"about":[{"href":"https:\/\/shop.rettum.ee\/en\/wp-json\/wp\/v2\/types\/product"}],"version-history":[{"count":1,"href":"https:\/\/shop.rettum.ee\/en\/wp-json\/wp\/v2\/product\/121157\/revisions"}],"predecessor-version":[{"id":125436,"href":"https:\/\/shop.rettum.ee\/en\/wp-json\/wp\/v2\/product\/121157\/revisions\/125436"}],"wp:featuredmedia":[{"embeddable":true,"href":"https:\/\/shop.rettum.ee\/en\/wp-json\/wp\/v2\/media\/124863"}],"wp:attachment":[{"href":"https:\/\/shop.rettum.ee\/en\/wp-json\/wp\/v2\/media?parent=121157"}],"wp:term":[{"taxonomy":"product_brand","embeddable":true,"href":"https:\/\/shop.rettum.ee\/en\/wp-json\/wp\/v2\/product_brand?post=121157"},{"taxonomy":"product_cat","embeddable":true,"href":"https:\/\/shop.rettum.ee\/en\/wp-json\/wp\/v2\/product_cat?post=121157"},{"taxonomy":"product_tag","embeddable":true,"href":"https:\/\/shop.rettum.ee\/en\/wp-json\/wp\/v2\/product_tag?post=121157"},{"taxonomy":"pa_brand_name","embeddable":true,"href":"https:\/\/shop.rettum.ee\/en\/wp-json\/wp\/v2\/pa_brand_name?post=121157"}],"curies":[{"name":"wp","href":"https:\/\/api.w.org\/{rel}","templated":true}]}}