{"id":121158,"date":"2025-03-31T03:10:57","date_gmt":"2025-03-31T00:10:57","guid":{"rendered":"https:\/\/shop.rettum.ee\/toode\/285-35r21-continental-sportcontact-7-105y-xl-nf0-fr-bbb73\/"},"modified":"2026-03-22T03:07:25","modified_gmt":"2026-03-22T01:07:25","slug":"285-35r21-continental-sportcontact-7-105y-xl-nf0-fr-bbb73","status":"publish","type":"product","link":"https:\/\/shop.rettum.ee\/en\/product\/285-35r21-continental-sportcontact-7-105y-xl-nf0-fr-bbb73\/","title":{"rendered":"285\/35R21 CONTINENTAL SPORTCONTACT 7 105Y XL NF0 FR BBB73"},"content":{"rendered":"<p>Avasta Continental SportContact 7 285\/35R21 \u2013 rehvi, mis toob sportliku s\u00f5idu t\u00f5elise nautuse ja tipptasemel ohutuse. See 285 mm lai ja madal profiiliga rehv, millel on 35% k\u00fclgseina proportsioon, on m\u00f5eldud n\u00f5udlikele sportautodele, pakkudes erakordset haarduvust nii kuivadel kui ka m\u00e4rgadel teedel.<\/p>\n<p>Moodul 105Y tagab k\u00f5rge laetudindeksi ja maksimaalse kiirusv\u00f5ime \u2013 ideaalne valik neile, kes soovivad parimat j\u00f5udlust ka \u00fclimalt k\u00f5rgetel kiirustel. XL-t\u00fc\u00fcpi tugevus lisab rehvile ekstra puudut, kindlustades optimaalse kandev\u00f5ime ka raskematel koormustel ja intensiivsel s\u00f5idul.<\/p>\n<p>Continental SportContact 7 on disainitud pakkuma t\u00e4pset juhitavust ja erakordset stabiilsust, muutes seda usaldusv\u00e4\u00e4rseks partneriks igas olukorras. Selle uuenduslik mustr disain ja kvaliteetsed koostisosad v\u00e4hendavad veeretakistust ning parendavad k\u00fctuses\u00e4\u00e4stlikkust. Valides selle rehvi, investeerid ohutusse, j\u00f5udlusesse ja s\u00f5idumugavusse \u2013 iga s\u00f5iduga liigud sa l\u00e4hemale kindlale ja nauditavale teele.<\/p>","protected":false},"excerpt":{"rendered":"<p>Avasta Continental SportContact 7 285\/35R21 \u2013 rehvi, mis toob sportliku s\u00f5idu t\u00f5elise nautuse ja tipptasemel ohutuse. See 285 mm lai ja madal profiiliga rehv, millel on 35% k\u00fclgseina proportsioon, on m\u00f5eldud n\u00f5udlikele sportautodele, pakkudes erakordset haarduvust nii kuivadel kui ka m\u00e4rgadel teedel. Moodul 105Y tagab k\u00f5rge laetudindeksi ja maksimaalse kiirusv\u00f5ime \u2013 ideaalne valik neile, kes [&hellip;]<\/p>\n","protected":false},"featured_media":124863,"template":"","meta":{"site-sidebar-layout":"default","site-content-layout":"","ast-site-content-layout":"","site-content-style":"default","site-sidebar-style":"default","ast-global-header-display":"","ast-banner-title-visibility":"","ast-main-header-display":"","ast-hfb-above-header-display":"","ast-hfb-below-header-display":"","ast-hfb-mobile-header-display":"","site-post-title":"","ast-breadcrumbs-content":"","ast-featured-img":"","footer-sml-layout":"","theme-transparent-header-meta":"","adv-header-id-meta":"","stick-header-meta":"","header-above-stick-meta":"","header-main-stick-meta":"","header-below-stick-meta":"","astra-migrate-meta-layouts":"default","ast-page-background-enabled":"default","ast-page-background-meta":{"desktop":{"background-color":"","background-image":"","background-repeat":"repeat","background-position":"center center","background-size":"auto","background-attachment":"scroll","background-type":"","background-media":"","overlay-type":"","overlay-color":"","overlay-opacity":"","overlay-gradient":""},"tablet":{"background-color":"","background-image":"","background-repeat":"repeat","background-position":"center center","background-size":"auto","background-attachment":"scroll","background-type":"","background-media":"","overlay-type":"","overlay-color":"","overlay-opacity":"","overlay-gradient":""},"mobile":{"background-color":"","background-image":"","background-repeat":"repeat","background-position":"center center","background-size":"auto","background-attachment":"scroll","background-type":"","background-media":"","overlay-type":"","overlay-color":"","overlay-opacity":"","overlay-gradient":""}},"ast-content-background-meta":{"desktop":{"background-color":"var(--ast-global-color-5)","background-image":"","background-repeat":"repeat","background-position":"center center","background-size":"auto","background-attachment":"scroll","background-type":"","background-media":"","overlay-type":"","overlay-color":"","overlay-opacity":"","overlay-gradient":""},"tablet":{"background-color":"var(--ast-global-color-5)","background-image":"","background-repeat":"repeat","background-position":"center center","background-size":"auto","background-attachment":"scroll","background-type":"","background-media":"","overlay-type":"","overlay-color":"","overlay-opacity":"","overlay-gradient":""},"mobile":{"background-color":"var(--ast-global-color-5)","background-image":"","background-repeat":"repeat","background-position":"center center","background-size":"auto","background-attachment":"scroll","background-type":"","background-media":"","overlay-type":"","overlay-color":"","overlay-opacity":"","overlay-gradient":""}}},"product_brand":[],"product_cat":[34225],"product_tag":[],"pa_brand_name":[25035],"class_list":{"0":"post-121158","1":"product","2":"type-product","3":"status-publish","4":"has-post-thumbnail","6":"product_cat-summer-tires-pv","7":"pa_brand_name-continental","8":"desktop-align-left","9":"tablet-align-left","10":"mobile-align-left","12":"first","13":"outofstock","14":"taxable","15":"shipping-taxable","16":"purchasable","17":"product-type-simple"},"_links":{"self":[{"href":"https:\/\/shop.rettum.ee\/en\/wp-json\/wp\/v2\/product\/121158","targetHints":{"allow":["GET"]}}],"collection":[{"href":"https:\/\/shop.rettum.ee\/en\/wp-json\/wp\/v2\/product"}],"about":[{"href":"https:\/\/shop.rettum.ee\/en\/wp-json\/wp\/v2\/types\/product"}],"version-history":[{"count":1,"href":"https:\/\/shop.rettum.ee\/en\/wp-json\/wp\/v2\/product\/121158\/revisions"}],"predecessor-version":[{"id":125437,"href":"https:\/\/shop.rettum.ee\/en\/wp-json\/wp\/v2\/product\/121158\/revisions\/125437"}],"wp:featuredmedia":[{"embeddable":true,"href":"https:\/\/shop.rettum.ee\/en\/wp-json\/wp\/v2\/media\/124863"}],"wp:attachment":[{"href":"https:\/\/shop.rettum.ee\/en\/wp-json\/wp\/v2\/media?parent=121158"}],"wp:term":[{"taxonomy":"product_brand","embeddable":true,"href":"https:\/\/shop.rettum.ee\/en\/wp-json\/wp\/v2\/product_brand?post=121158"},{"taxonomy":"product_cat","embeddable":true,"href":"https:\/\/shop.rettum.ee\/en\/wp-json\/wp\/v2\/product_cat?post=121158"},{"taxonomy":"product_tag","embeddable":true,"href":"https:\/\/shop.rettum.ee\/en\/wp-json\/wp\/v2\/product_tag?post=121158"},{"taxonomy":"pa_brand_name","embeddable":true,"href":"https:\/\/shop.rettum.ee\/en\/wp-json\/wp\/v2\/pa_brand_name?post=121158"}],"curies":[{"name":"wp","href":"https:\/\/api.w.org\/{rel}","templated":true}]}}