{"id":121160,"date":"2025-03-31T03:10:59","date_gmt":"2025-03-31T00:10:59","guid":{"rendered":"https:\/\/shop.rettum.ee\/toode\/325-30r21-continental-sportcontact-7-108y-xl-nd0-fr-cab75\/"},"modified":"2026-03-22T03:07:26","modified_gmt":"2026-03-22T01:07:26","slug":"325-30r21-continental-sportcontact-7-108y-xl-nd0-fr-cab75","status":"publish","type":"product","link":"https:\/\/shop.rettum.ee\/en\/product\/325-30r21-continental-sportcontact-7-108y-xl-nd0-fr-cab75\/","title":{"rendered":"325\/30R21 CONTINENTAL SPORTCONTACT 7 108Y XL ND0 FR CAB75"},"content":{"rendered":"<p>Tutvu Continental SportContact 7 rehvidega, mis loovad parima \u00fchenduse sportliku s\u00f5idu ja turvalisuse vahel. Mudel 325\/30R21 on loodud need, kes hindavad maksimaalset haarduvust ja stabiilsust ka k\u00f5rgetel kiirustel. Rehvile on omaseks muljetavaldav 108Y kiirusindeks ja XL extra koormusv\u00f5ime, mis tagavad usaldusv\u00e4\u00e4rse ja kindla s\u00f5idu intensiivsetes s\u00f5idutingimustes. <\/p>\n<p>Continental SportContact 7 on konstrueeritud pakkuma erakordset reageerimiskiirust ja t\u00e4pset juhitavust, v\u00e4hendades veeret\u00f5mmet ning kindlustades suurep\u00e4rase pidamise ka niisketel teedel. ND0- ja FR-tehnoloogiad t\u00f6\u00f6tavad s\u00fcnergias, et pakkuda madalamat m\u00fcra ja optimeeritud j\u00f5udlust, mis sobib h\u00e4sti ka sportlike s\u00f5iduautode ja kabinette loetelu CAB75 puhul.<\/p>\n<p>Need premium-kategooria rehvid on ideaalne valik neile, kes otsivad tipptasemel kvaliteeti ja ohutust. Valides Continental SportContact 7, teed sammu edasi tipptasemel s\u00f5idud\u00fcnaamika maailma, kus iga kurv, kiirendus ja pidurdus on nauditav kogemus.<\/p>","protected":false},"excerpt":{"rendered":"<p>Tutvu Continental SportContact 7 rehvidega, mis loovad parima \u00fchenduse sportliku s\u00f5idu ja turvalisuse vahel. Mudel 325\/30R21 on loodud need, kes hindavad maksimaalset haarduvust ja stabiilsust ka k\u00f5rgetel kiirustel. Rehvile on omaseks muljetavaldav 108Y kiirusindeks ja XL extra koormusv\u00f5ime, mis tagavad usaldusv\u00e4\u00e4rse ja kindla s\u00f5idu intensiivsetes s\u00f5idutingimustes. Continental SportContact 7 on konstrueeritud pakkuma erakordset reageerimiskiirust ja [&hellip;]<\/p>\n","protected":false},"featured_media":124863,"template":"","meta":{"site-sidebar-layout":"default","site-content-layout":"","ast-site-content-layout":"","site-content-style":"default","site-sidebar-style":"default","ast-global-header-display":"","ast-banner-title-visibility":"","ast-main-header-display":"","ast-hfb-above-header-display":"","ast-hfb-below-header-display":"","ast-hfb-mobile-header-display":"","site-post-title":"","ast-breadcrumbs-content":"","ast-featured-img":"","footer-sml-layout":"","theme-transparent-header-meta":"","adv-header-id-meta":"","stick-header-meta":"","header-above-stick-meta":"","header-main-stick-meta":"","header-below-stick-meta":"","astra-migrate-meta-layouts":"default","ast-page-background-enabled":"default","ast-page-background-meta":{"desktop":{"background-color":"","background-image":"","background-repeat":"repeat","background-position":"center center","background-size":"auto","background-attachment":"scroll","background-type":"","background-media":"","overlay-type":"","overlay-color":"","overlay-opacity":"","overlay-gradient":""},"tablet":{"background-color":"","background-image":"","background-repeat":"repeat","background-position":"center center","background-size":"auto","background-attachment":"scroll","background-type":"","background-media":"","overlay-type":"","overlay-color":"","overlay-opacity":"","overlay-gradient":""},"mobile":{"background-color":"","background-image":"","background-repeat":"repeat","background-position":"center center","background-size":"auto","background-attachment":"scroll","background-type":"","background-media":"","overlay-type":"","overlay-color":"","overlay-opacity":"","overlay-gradient":""}},"ast-content-background-meta":{"desktop":{"background-color":"var(--ast-global-color-5)","background-image":"","background-repeat":"repeat","background-position":"center center","background-size":"auto","background-attachment":"scroll","background-type":"","background-media":"","overlay-type":"","overlay-color":"","overlay-opacity":"","overlay-gradient":""},"tablet":{"background-color":"var(--ast-global-color-5)","background-image":"","background-repeat":"repeat","background-position":"center center","background-size":"auto","background-attachment":"scroll","background-type":"","background-media":"","overlay-type":"","overlay-color":"","overlay-opacity":"","overlay-gradient":""},"mobile":{"background-color":"var(--ast-global-color-5)","background-image":"","background-repeat":"repeat","background-position":"center center","background-size":"auto","background-attachment":"scroll","background-type":"","background-media":"","overlay-type":"","overlay-color":"","overlay-opacity":"","overlay-gradient":""}}},"product_brand":[],"product_cat":[34225],"product_tag":[],"pa_brand_name":[25035],"class_list":{"0":"post-121160","1":"product","2":"type-product","3":"status-publish","4":"has-post-thumbnail","6":"product_cat-summer-tires-pv","7":"pa_brand_name-continental","8":"desktop-align-left","9":"tablet-align-left","10":"mobile-align-left","12":"first","13":"outofstock","14":"taxable","15":"shipping-taxable","16":"purchasable","17":"product-type-simple"},"_links":{"self":[{"href":"https:\/\/shop.rettum.ee\/en\/wp-json\/wp\/v2\/product\/121160","targetHints":{"allow":["GET"]}}],"collection":[{"href":"https:\/\/shop.rettum.ee\/en\/wp-json\/wp\/v2\/product"}],"about":[{"href":"https:\/\/shop.rettum.ee\/en\/wp-json\/wp\/v2\/types\/product"}],"version-history":[{"count":1,"href":"https:\/\/shop.rettum.ee\/en\/wp-json\/wp\/v2\/product\/121160\/revisions"}],"predecessor-version":[{"id":125435,"href":"https:\/\/shop.rettum.ee\/en\/wp-json\/wp\/v2\/product\/121160\/revisions\/125435"}],"wp:featuredmedia":[{"embeddable":true,"href":"https:\/\/shop.rettum.ee\/en\/wp-json\/wp\/v2\/media\/124863"}],"wp:attachment":[{"href":"https:\/\/shop.rettum.ee\/en\/wp-json\/wp\/v2\/media?parent=121160"}],"wp:term":[{"taxonomy":"product_brand","embeddable":true,"href":"https:\/\/shop.rettum.ee\/en\/wp-json\/wp\/v2\/product_brand?post=121160"},{"taxonomy":"product_cat","embeddable":true,"href":"https:\/\/shop.rettum.ee\/en\/wp-json\/wp\/v2\/product_cat?post=121160"},{"taxonomy":"product_tag","embeddable":true,"href":"https:\/\/shop.rettum.ee\/en\/wp-json\/wp\/v2\/product_tag?post=121160"},{"taxonomy":"pa_brand_name","embeddable":true,"href":"https:\/\/shop.rettum.ee\/en\/wp-json\/wp\/v2\/pa_brand_name?post=121160"}],"curies":[{"name":"wp","href":"https:\/\/api.w.org\/{rel}","templated":true}]}}