{"id":121161,"date":"2025-03-31T03:10:59","date_gmt":"2025-03-31T00:10:59","guid":{"rendered":"https:\/\/shop.rettum.ee\/toode\/275-35r22-continental-sportcontact-7-104y-xl-fr-cab73\/"},"modified":"2026-03-22T03:07:26","modified_gmt":"2026-03-22T01:07:26","slug":"275-35r22-continental-sportcontact-7-104y-xl-fr-cab73","status":"publish","type":"product","link":"https:\/\/shop.rettum.ee\/en\/product\/275-35r22-continental-sportcontact-7-104y-xl-fr-cab73\/","title":{"rendered":"275\/35R22 CONTINENTAL SPORTCONTACT 7 104Y XL FR CAB73"},"content":{"rendered":"<p>275\/35R22 CONTINENTAL SPORTCONTACT 7 on k\u00f5rgtehnoloogiline suvest rehv, mis tagab silmapaistva j\u00f5udluse ja s\u00f5iduohutuse. Selle XL-konstruktsioon ja 104Y koormusindeks v\u00f5imaldavad suuremat koormust ning k\u00f5rgeimad s\u00f5idukiirused, muutes rehviku ideaalseks sportlikele ja j\u00f5udlust armastavatele s\u00f5idukitele.  <\/p>\n<p>Rehvi t\u00e4pne ja innovaatiline mustritehnoloogia tagab suurep\u00e4rase veoj\u00f5u nii kuivadel kui ka m\u00e4rgadel teedel, pakkudes optimaalseid pidurdus- ja juhitavustunnuseid. CONTINENTAL SPORTCONTACT 7 on loodud vastama rangetele ohutus- ja kvaliteedistandarditele, tagades \u00fchtlase kulumise ja pikaajalise t\u00f6\u00f6kindluse isegi n\u00f5udlikes s\u00f5idutingimustes.  <\/p>\n<p>Valides selle premium-tasemel rehvi, eelistad sa turvalisust ja sportlikku s\u00f5idunautlust. CONTINENTAL SPORTCONTACT 7 on usaldusv\u00e4\u00e4rne partner igap\u00e4evastele s\u00f5itudele ning adrenaliinirikastele seiklustele, pakkudes maksimaalset kindlustunnet ja tipptehnoloogiat.<\/p>","protected":false},"excerpt":{"rendered":"<p>275\/35R22 CONTINENTAL SPORTCONTACT 7 on k\u00f5rgtehnoloogiline suvest rehv, mis tagab silmapaistva j\u00f5udluse ja s\u00f5iduohutuse. Selle XL-konstruktsioon ja 104Y koormusindeks v\u00f5imaldavad suuremat koormust ning k\u00f5rgeimad s\u00f5idukiirused, muutes rehviku ideaalseks sportlikele ja j\u00f5udlust armastavatele s\u00f5idukitele. Rehvi t\u00e4pne ja innovaatiline mustritehnoloogia tagab suurep\u00e4rase veoj\u00f5u nii kuivadel kui ka m\u00e4rgadel teedel, pakkudes optimaalseid pidurdus- ja juhitavustunnuseid. CONTINENTAL SPORTCONTACT 7 [&hellip;]<\/p>\n","protected":false},"featured_media":124863,"template":"","meta":{"site-sidebar-layout":"default","site-content-layout":"","ast-site-content-layout":"","site-content-style":"default","site-sidebar-style":"default","ast-global-header-display":"","ast-banner-title-visibility":"","ast-main-header-display":"","ast-hfb-above-header-display":"","ast-hfb-below-header-display":"","ast-hfb-mobile-header-display":"","site-post-title":"","ast-breadcrumbs-content":"","ast-featured-img":"","footer-sml-layout":"","theme-transparent-header-meta":"","adv-header-id-meta":"","stick-header-meta":"","header-above-stick-meta":"","header-main-stick-meta":"","header-below-stick-meta":"","astra-migrate-meta-layouts":"default","ast-page-background-enabled":"default","ast-page-background-meta":{"desktop":{"background-color":"","background-image":"","background-repeat":"repeat","background-position":"center center","background-size":"auto","background-attachment":"scroll","background-type":"","background-media":"","overlay-type":"","overlay-color":"","overlay-opacity":"","overlay-gradient":""},"tablet":{"background-color":"","background-image":"","background-repeat":"repeat","background-position":"center center","background-size":"auto","background-attachment":"scroll","background-type":"","background-media":"","overlay-type":"","overlay-color":"","overlay-opacity":"","overlay-gradient":""},"mobile":{"background-color":"","background-image":"","background-repeat":"repeat","background-position":"center center","background-size":"auto","background-attachment":"scroll","background-type":"","background-media":"","overlay-type":"","overlay-color":"","overlay-opacity":"","overlay-gradient":""}},"ast-content-background-meta":{"desktop":{"background-color":"var(--ast-global-color-5)","background-image":"","background-repeat":"repeat","background-position":"center center","background-size":"auto","background-attachment":"scroll","background-type":"","background-media":"","overlay-type":"","overlay-color":"","overlay-opacity":"","overlay-gradient":""},"tablet":{"background-color":"var(--ast-global-color-5)","background-image":"","background-repeat":"repeat","background-position":"center center","background-size":"auto","background-attachment":"scroll","background-type":"","background-media":"","overlay-type":"","overlay-color":"","overlay-opacity":"","overlay-gradient":""},"mobile":{"background-color":"var(--ast-global-color-5)","background-image":"","background-repeat":"repeat","background-position":"center center","background-size":"auto","background-attachment":"scroll","background-type":"","background-media":"","overlay-type":"","overlay-color":"","overlay-opacity":"","overlay-gradient":""}}},"product_brand":[],"product_cat":[34225],"product_tag":[],"pa_brand_name":[25035],"class_list":{"0":"post-121161","1":"product","2":"type-product","3":"status-publish","4":"has-post-thumbnail","6":"product_cat-summer-tires-pv","7":"pa_brand_name-continental","8":"desktop-align-left","9":"tablet-align-left","10":"mobile-align-left","12":"first","13":"outofstock","14":"taxable","15":"shipping-taxable","16":"purchasable","17":"product-type-simple"},"_links":{"self":[{"href":"https:\/\/shop.rettum.ee\/en\/wp-json\/wp\/v2\/product\/121161","targetHints":{"allow":["GET"]}}],"collection":[{"href":"https:\/\/shop.rettum.ee\/en\/wp-json\/wp\/v2\/product"}],"about":[{"href":"https:\/\/shop.rettum.ee\/en\/wp-json\/wp\/v2\/types\/product"}],"version-history":[{"count":1,"href":"https:\/\/shop.rettum.ee\/en\/wp-json\/wp\/v2\/product\/121161\/revisions"}],"predecessor-version":[{"id":125434,"href":"https:\/\/shop.rettum.ee\/en\/wp-json\/wp\/v2\/product\/121161\/revisions\/125434"}],"wp:featuredmedia":[{"embeddable":true,"href":"https:\/\/shop.rettum.ee\/en\/wp-json\/wp\/v2\/media\/124863"}],"wp:attachment":[{"href":"https:\/\/shop.rettum.ee\/en\/wp-json\/wp\/v2\/media?parent=121161"}],"wp:term":[{"taxonomy":"product_brand","embeddable":true,"href":"https:\/\/shop.rettum.ee\/en\/wp-json\/wp\/v2\/product_brand?post=121161"},{"taxonomy":"product_cat","embeddable":true,"href":"https:\/\/shop.rettum.ee\/en\/wp-json\/wp\/v2\/product_cat?post=121161"},{"taxonomy":"product_tag","embeddable":true,"href":"https:\/\/shop.rettum.ee\/en\/wp-json\/wp\/v2\/product_tag?post=121161"},{"taxonomy":"pa_brand_name","embeddable":true,"href":"https:\/\/shop.rettum.ee\/en\/wp-json\/wp\/v2\/pa_brand_name?post=121161"}],"curies":[{"name":"wp","href":"https:\/\/api.w.org\/{rel}","templated":true}]}}