{"id":121162,"date":"2025-03-31T03:11:00","date_gmt":"2025-03-31T00:11:00","guid":{"rendered":"https:\/\/shop.rettum.ee\/toode\/275-40r22-continental-sportcontact-7-107y-xl-fr-cab73\/"},"modified":"2026-03-22T03:07:26","modified_gmt":"2026-03-22T01:07:26","slug":"275-40r22-continental-sportcontact-7-107y-xl-fr-cab73","status":"publish","type":"product","link":"https:\/\/shop.rettum.ee\/en\/product\/275-40r22-continental-sportcontact-7-107y-xl-fr-cab73\/","title":{"rendered":"275\/40R22 CONTINENTAL SPORTCONTACT 7 107Y XL FR CAB73"},"content":{"rendered":"<p>275\/40R22 CONTINENTAL SPORTCONTACT 7 on tipptasemel sportrehv, mis on loodud n\u00f5udlikele s\u00f5idutingimustele. Selle dimensioonid tagavad suurep\u00e4rase stabiilsuse ja t\u00e4pse juhitavuse ka k\u00f5rgetel kiirustel ning n\u00f5udlikes kurvides. SportContact 7 rekonstrueeritud kavand ja innovaatilised mustrid v\u00f5imaldavad maksimaalset veoj\u00f5udu ning l\u00fchendavad pidurdusteekonda nii kuivadel kui niisketel radadel.<\/p>\n<p>Rehvi kood &#8220;107Y&#8221; garanteerib k\u00f5rge koormuskandmisv\u00f5ime ja saavutusi \u00fclim kiiruskategoorias, muutes selle ideaalseks valikuks sportautodele ja j\u00f5udlust silmas pidades disainitud s\u00f5idukitele. XL-t\u00e4his viitab t\u00e4iendavale vastupidavusele ning kindlale t\u00f6\u00f6kindlusele ka r\u00f5\u00f5msate s\u00f5idutingimuste korral. <\/p>\n<p>Continental SPORTCONTACT 7 on testitud ja heaks kiidetud ka k\u00f5ige n\u00f5udlikumates tingimustes, pakkudes s\u00f5idukile suurep\u00e4rast haarduvust ja stabiilsust. Kindel valik s\u00f5itudeks, kus ennek\u00f5ike loeb ohutus ja sportlik j\u00f5udlus.<\/p>","protected":false},"excerpt":{"rendered":"<p>275\/40R22 CONTINENTAL SPORTCONTACT 7 on tipptasemel sportrehv, mis on loodud n\u00f5udlikele s\u00f5idutingimustele. Selle dimensioonid tagavad suurep\u00e4rase stabiilsuse ja t\u00e4pse juhitavuse ka k\u00f5rgetel kiirustel ning n\u00f5udlikes kurvides. SportContact 7 rekonstrueeritud kavand ja innovaatilised mustrid v\u00f5imaldavad maksimaalset veoj\u00f5udu ning l\u00fchendavad pidurdusteekonda nii kuivadel kui niisketel radadel. Rehvi kood &#8220;107Y&#8221; garanteerib k\u00f5rge koormuskandmisv\u00f5ime ja saavutusi \u00fclim kiiruskategoorias, muutes [&hellip;]<\/p>\n","protected":false},"featured_media":124863,"template":"","meta":{"site-sidebar-layout":"default","site-content-layout":"","ast-site-content-layout":"","site-content-style":"default","site-sidebar-style":"default","ast-global-header-display":"","ast-banner-title-visibility":"","ast-main-header-display":"","ast-hfb-above-header-display":"","ast-hfb-below-header-display":"","ast-hfb-mobile-header-display":"","site-post-title":"","ast-breadcrumbs-content":"","ast-featured-img":"","footer-sml-layout":"","theme-transparent-header-meta":"","adv-header-id-meta":"","stick-header-meta":"","header-above-stick-meta":"","header-main-stick-meta":"","header-below-stick-meta":"","astra-migrate-meta-layouts":"default","ast-page-background-enabled":"default","ast-page-background-meta":{"desktop":{"background-color":"","background-image":"","background-repeat":"repeat","background-position":"center center","background-size":"auto","background-attachment":"scroll","background-type":"","background-media":"","overlay-type":"","overlay-color":"","overlay-opacity":"","overlay-gradient":""},"tablet":{"background-color":"","background-image":"","background-repeat":"repeat","background-position":"center center","background-size":"auto","background-attachment":"scroll","background-type":"","background-media":"","overlay-type":"","overlay-color":"","overlay-opacity":"","overlay-gradient":""},"mobile":{"background-color":"","background-image":"","background-repeat":"repeat","background-position":"center center","background-size":"auto","background-attachment":"scroll","background-type":"","background-media":"","overlay-type":"","overlay-color":"","overlay-opacity":"","overlay-gradient":""}},"ast-content-background-meta":{"desktop":{"background-color":"var(--ast-global-color-5)","background-image":"","background-repeat":"repeat","background-position":"center center","background-size":"auto","background-attachment":"scroll","background-type":"","background-media":"","overlay-type":"","overlay-color":"","overlay-opacity":"","overlay-gradient":""},"tablet":{"background-color":"var(--ast-global-color-5)","background-image":"","background-repeat":"repeat","background-position":"center center","background-size":"auto","background-attachment":"scroll","background-type":"","background-media":"","overlay-type":"","overlay-color":"","overlay-opacity":"","overlay-gradient":""},"mobile":{"background-color":"var(--ast-global-color-5)","background-image":"","background-repeat":"repeat","background-position":"center center","background-size":"auto","background-attachment":"scroll","background-type":"","background-media":"","overlay-type":"","overlay-color":"","overlay-opacity":"","overlay-gradient":""}}},"product_brand":[],"product_cat":[34225],"product_tag":[],"pa_brand_name":[25035],"class_list":{"0":"post-121162","1":"product","2":"type-product","3":"status-publish","4":"has-post-thumbnail","6":"product_cat-summer-tires-pv","7":"pa_brand_name-continental","8":"desktop-align-left","9":"tablet-align-left","10":"mobile-align-left","12":"first","13":"outofstock","14":"taxable","15":"shipping-taxable","16":"purchasable","17":"product-type-simple"},"_links":{"self":[{"href":"https:\/\/shop.rettum.ee\/en\/wp-json\/wp\/v2\/product\/121162","targetHints":{"allow":["GET"]}}],"collection":[{"href":"https:\/\/shop.rettum.ee\/en\/wp-json\/wp\/v2\/product"}],"about":[{"href":"https:\/\/shop.rettum.ee\/en\/wp-json\/wp\/v2\/types\/product"}],"version-history":[{"count":1,"href":"https:\/\/shop.rettum.ee\/en\/wp-json\/wp\/v2\/product\/121162\/revisions"}],"predecessor-version":[{"id":125433,"href":"https:\/\/shop.rettum.ee\/en\/wp-json\/wp\/v2\/product\/121162\/revisions\/125433"}],"wp:featuredmedia":[{"embeddable":true,"href":"https:\/\/shop.rettum.ee\/en\/wp-json\/wp\/v2\/media\/124863"}],"wp:attachment":[{"href":"https:\/\/shop.rettum.ee\/en\/wp-json\/wp\/v2\/media?parent=121162"}],"wp:term":[{"taxonomy":"product_brand","embeddable":true,"href":"https:\/\/shop.rettum.ee\/en\/wp-json\/wp\/v2\/product_brand?post=121162"},{"taxonomy":"product_cat","embeddable":true,"href":"https:\/\/shop.rettum.ee\/en\/wp-json\/wp\/v2\/product_cat?post=121162"},{"taxonomy":"product_tag","embeddable":true,"href":"https:\/\/shop.rettum.ee\/en\/wp-json\/wp\/v2\/product_tag?post=121162"},{"taxonomy":"pa_brand_name","embeddable":true,"href":"https:\/\/shop.rettum.ee\/en\/wp-json\/wp\/v2\/pa_brand_name?post=121162"}],"curies":[{"name":"wp","href":"https:\/\/api.w.org\/{rel}","templated":true}]}}