{"id":121163,"date":"2025-03-31T03:11:01","date_gmt":"2025-03-31T00:11:01","guid":{"rendered":"https:\/\/shop.rettum.ee\/toode\/285-40r22-continental-sportcontact-7-110y-xl-nc0-fr-bab73\/"},"modified":"2026-03-28T02:50:59","modified_gmt":"2026-03-28T00:50:59","slug":"285-40r22-continental-sportcontact-7-110y-xl-nc0-fr-bab73","status":"publish","type":"product","link":"https:\/\/shop.rettum.ee\/en\/product\/285-40r22-continental-sportcontact-7-110y-xl-nc0-fr-bab73\/","title":{"rendered":"285\/40R22 CONTINENTAL SPORTCONTACT 7 110Y XL NC0 FR BAB73"},"content":{"rendered":"<p>Avasta t\u00e4iuslik s\u00f5iduelu, valides Continental SportContact 7 suletiirvu m\u00f5\u00f5tmetega 285\/40R22. See innovatiivne rehv on loodud n\u00f5udlikele sportautojuhtidele, kes hindavad nii tipptasemel s\u00f5idukvaliteeti kui ka maksimaalset turvalisust. 110Y kiirusindeks ja XL koormusindeks tagavad erakordse j\u00f5udluse ka k\u00f5rge kiirusel, pakkudes usaldusv\u00e4\u00e4rset pidamist ja stabiilsust nii kuival kui m\u00e4rjal asfaldil.<\/p>\n<p>SportContact 7 spetsiaalne mustritega disain on optimeeritud tagamaks suurep\u00e4rast haarduvust ning v\u00e4hendab vee kihtide tekkimist s\u00f5iduteel, mis omakorda parandab pidamist ja man\u00f6\u00f6verdusv\u00f5imet kriitilistes olukordades. Rehvi tehnoloogiad, mida kinnitavad sertifikaadid NC0 ja FR BAB73, annavad lisakindlust ja kinnitavad k\u00f5rgelt hinnatud Continental kvaliteeti, pakkudes pikemat kasutusea ja efektiivset j\u00f5udlust.<\/p>\n<p>Investeeri Continental SportContact 7 suletiivasse ning naudi t\u00e4pset juhitavust, \u00fclitugevat pidamist ja tipptasemel s\u00f5idud\u00fcnaamikat \u2013 k\u00f5ik see tagab turvalise ja p\u00f5neva s\u00f5idukogemuse igal teel.<\/p>","protected":false},"excerpt":{"rendered":"<p>Avasta t\u00e4iuslik s\u00f5iduelu, valides Continental SportContact 7 suletiirvu m\u00f5\u00f5tmetega 285\/40R22. See innovatiivne rehv on loodud n\u00f5udlikele sportautojuhtidele, kes hindavad nii tipptasemel s\u00f5idukvaliteeti kui ka maksimaalset turvalisust. 110Y kiirusindeks ja XL koormusindeks tagavad erakordse j\u00f5udluse ka k\u00f5rge kiirusel, pakkudes usaldusv\u00e4\u00e4rset pidamist ja stabiilsust nii kuival kui m\u00e4rjal asfaldil. SportContact 7 spetsiaalne mustritega disain on optimeeritud tagamaks [&hellip;]<\/p>\n","protected":false},"featured_media":124863,"template":"","meta":{"site-sidebar-layout":"default","site-content-layout":"","ast-site-content-layout":"","site-content-style":"default","site-sidebar-style":"default","ast-global-header-display":"","ast-banner-title-visibility":"","ast-main-header-display":"","ast-hfb-above-header-display":"","ast-hfb-below-header-display":"","ast-hfb-mobile-header-display":"","site-post-title":"","ast-breadcrumbs-content":"","ast-featured-img":"","footer-sml-layout":"","theme-transparent-header-meta":"","adv-header-id-meta":"","stick-header-meta":"","header-above-stick-meta":"","header-main-stick-meta":"","header-below-stick-meta":"","astra-migrate-meta-layouts":"default","ast-page-background-enabled":"default","ast-page-background-meta":{"desktop":{"background-color":"","background-image":"","background-repeat":"repeat","background-position":"center center","background-size":"auto","background-attachment":"scroll","background-type":"","background-media":"","overlay-type":"","overlay-color":"","overlay-opacity":"","overlay-gradient":""},"tablet":{"background-color":"","background-image":"","background-repeat":"repeat","background-position":"center center","background-size":"auto","background-attachment":"scroll","background-type":"","background-media":"","overlay-type":"","overlay-color":"","overlay-opacity":"","overlay-gradient":""},"mobile":{"background-color":"","background-image":"","background-repeat":"repeat","background-position":"center center","background-size":"auto","background-attachment":"scroll","background-type":"","background-media":"","overlay-type":"","overlay-color":"","overlay-opacity":"","overlay-gradient":""}},"ast-content-background-meta":{"desktop":{"background-color":"var(--ast-global-color-5)","background-image":"","background-repeat":"repeat","background-position":"center center","background-size":"auto","background-attachment":"scroll","background-type":"","background-media":"","overlay-type":"","overlay-color":"","overlay-opacity":"","overlay-gradient":""},"tablet":{"background-color":"var(--ast-global-color-5)","background-image":"","background-repeat":"repeat","background-position":"center center","background-size":"auto","background-attachment":"scroll","background-type":"","background-media":"","overlay-type":"","overlay-color":"","overlay-opacity":"","overlay-gradient":""},"mobile":{"background-color":"var(--ast-global-color-5)","background-image":"","background-repeat":"repeat","background-position":"center center","background-size":"auto","background-attachment":"scroll","background-type":"","background-media":"","overlay-type":"","overlay-color":"","overlay-opacity":"","overlay-gradient":""}}},"product_brand":[],"product_cat":[34225],"product_tag":[],"pa_brand_name":[25035],"class_list":{"0":"post-121163","1":"product","2":"type-product","3":"status-publish","4":"has-post-thumbnail","6":"product_cat-summer-tires-pv","7":"pa_brand_name-continental","8":"desktop-align-left","9":"tablet-align-left","10":"mobile-align-left","12":"first","13":"instock","14":"taxable","15":"shipping-taxable","16":"purchasable","17":"product-type-simple"},"_links":{"self":[{"href":"https:\/\/shop.rettum.ee\/en\/wp-json\/wp\/v2\/product\/121163","targetHints":{"allow":["GET"]}}],"collection":[{"href":"https:\/\/shop.rettum.ee\/en\/wp-json\/wp\/v2\/product"}],"about":[{"href":"https:\/\/shop.rettum.ee\/en\/wp-json\/wp\/v2\/types\/product"}],"version-history":[{"count":1,"href":"https:\/\/shop.rettum.ee\/en\/wp-json\/wp\/v2\/product\/121163\/revisions"}],"predecessor-version":[{"id":125431,"href":"https:\/\/shop.rettum.ee\/en\/wp-json\/wp\/v2\/product\/121163\/revisions\/125431"}],"wp:featuredmedia":[{"embeddable":true,"href":"https:\/\/shop.rettum.ee\/en\/wp-json\/wp\/v2\/media\/124863"}],"wp:attachment":[{"href":"https:\/\/shop.rettum.ee\/en\/wp-json\/wp\/v2\/media?parent=121163"}],"wp:term":[{"taxonomy":"product_brand","embeddable":true,"href":"https:\/\/shop.rettum.ee\/en\/wp-json\/wp\/v2\/product_brand?post=121163"},{"taxonomy":"product_cat","embeddable":true,"href":"https:\/\/shop.rettum.ee\/en\/wp-json\/wp\/v2\/product_cat?post=121163"},{"taxonomy":"product_tag","embeddable":true,"href":"https:\/\/shop.rettum.ee\/en\/wp-json\/wp\/v2\/product_tag?post=121163"},{"taxonomy":"pa_brand_name","embeddable":true,"href":"https:\/\/shop.rettum.ee\/en\/wp-json\/wp\/v2\/pa_brand_name?post=121163"}],"curies":[{"name":"wp","href":"https:\/\/api.w.org\/{rel}","templated":true}]}}