{"id":121164,"date":"2025-03-31T03:11:01","date_gmt":"2025-03-31T00:11:01","guid":{"rendered":"https:\/\/shop.rettum.ee\/toode\/295-35r22-continental-sportcontact-7-108y-xl-fr-cab73\/"},"modified":"2026-03-22T03:07:26","modified_gmt":"2026-03-22T01:07:26","slug":"295-35r22-continental-sportcontact-7-108y-xl-fr-cab73","status":"publish","type":"product","link":"https:\/\/shop.rettum.ee\/en\/product\/295-35r22-continental-sportcontact-7-108y-xl-fr-cab73\/","title":{"rendered":"295\/35R22 CONTINENTAL SPORTCONTACT 7 108Y XL FR CAB73"},"content":{"rendered":"<p>295\/35R22 CONTINENTAL SPORTCONTACT 7 rehv \u00fchendab tipptasemel disaini ja k\u00f5rge tehnoloogilise innovatsiooni, pakkudes erakordset s\u00f5idukogemust nii sportautode entusiaste kui ka neid, kes hindavad kindlat ja ohutut s\u00f5itu. See rehv on v\u00e4lja t\u00f6\u00f6tatud Continental&#8217;i ekspertide poolt, v\u00f5ttes arvesse kaasaegseid n\u00f5udeid nii kuivale kui m\u00e4rjale asfaldis\u00f5iduks.<\/p>\n<p>Rehvi m\u00f5\u00f5tmed ja 108Y kiirusn\u00e4idik tagavad v\u00e4ljapeetud j\u00f5udluse, olles ideaalne valik ka neile, kes soovivad nautida agressiivset s\u00f5iduomadust ning kiiret reageerimist. XL-st ja FR-st viitavad omadused lisavad rehvil t\u00e4iendavat stabiilsust ja koormustaluvust, muutes selle sobivaks ka k\u00f5rgema koormusega s\u00f5idukitele. <\/p>\n<p>Continetali SPORTCONTACT 7 disain ja tipptasemel materjalid tagavad suurep\u00e4rase haarduvuse ja l\u00fchikese pidurdusmaatriksi, andes s\u00f5idule kindluse igas olukorras. CAB73 klassifitseerimine kinnitab rehvi vastavust rangedle turvastandarditele, pakkudes seel\u00e4bi t\u00e4iendavat meelerahu ka n\u00f5udlikele teedeoludele. <\/p>\n<p>Valides 295\/35R22 CONTINENTAL SPORTCONTACT 7 rehv, valite innovatsiooni, j\u00f5udluse ja ohutuse, mis muudavad iga s\u00f5idureisi nauditavaks ja usaldusv\u00e4\u00e4rseks.<\/p>","protected":false},"excerpt":{"rendered":"<p>295\/35R22 CONTINENTAL SPORTCONTACT 7 rehv \u00fchendab tipptasemel disaini ja k\u00f5rge tehnoloogilise innovatsiooni, pakkudes erakordset s\u00f5idukogemust nii sportautode entusiaste kui ka neid, kes hindavad kindlat ja ohutut s\u00f5itu. See rehv on v\u00e4lja t\u00f6\u00f6tatud Continental&#8217;i ekspertide poolt, v\u00f5ttes arvesse kaasaegseid n\u00f5udeid nii kuivale kui m\u00e4rjale asfaldis\u00f5iduks. Rehvi m\u00f5\u00f5tmed ja 108Y kiirusn\u00e4idik tagavad v\u00e4ljapeetud j\u00f5udluse, olles ideaalne valik [&hellip;]<\/p>\n","protected":false},"featured_media":124863,"template":"","meta":{"site-sidebar-layout":"default","site-content-layout":"","ast-site-content-layout":"","site-content-style":"default","site-sidebar-style":"default","ast-global-header-display":"","ast-banner-title-visibility":"","ast-main-header-display":"","ast-hfb-above-header-display":"","ast-hfb-below-header-display":"","ast-hfb-mobile-header-display":"","site-post-title":"","ast-breadcrumbs-content":"","ast-featured-img":"","footer-sml-layout":"","theme-transparent-header-meta":"","adv-header-id-meta":"","stick-header-meta":"","header-above-stick-meta":"","header-main-stick-meta":"","header-below-stick-meta":"","astra-migrate-meta-layouts":"default","ast-page-background-enabled":"default","ast-page-background-meta":{"desktop":{"background-color":"","background-image":"","background-repeat":"repeat","background-position":"center center","background-size":"auto","background-attachment":"scroll","background-type":"","background-media":"","overlay-type":"","overlay-color":"","overlay-opacity":"","overlay-gradient":""},"tablet":{"background-color":"","background-image":"","background-repeat":"repeat","background-position":"center center","background-size":"auto","background-attachment":"scroll","background-type":"","background-media":"","overlay-type":"","overlay-color":"","overlay-opacity":"","overlay-gradient":""},"mobile":{"background-color":"","background-image":"","background-repeat":"repeat","background-position":"center center","background-size":"auto","background-attachment":"scroll","background-type":"","background-media":"","overlay-type":"","overlay-color":"","overlay-opacity":"","overlay-gradient":""}},"ast-content-background-meta":{"desktop":{"background-color":"var(--ast-global-color-5)","background-image":"","background-repeat":"repeat","background-position":"center center","background-size":"auto","background-attachment":"scroll","background-type":"","background-media":"","overlay-type":"","overlay-color":"","overlay-opacity":"","overlay-gradient":""},"tablet":{"background-color":"var(--ast-global-color-5)","background-image":"","background-repeat":"repeat","background-position":"center center","background-size":"auto","background-attachment":"scroll","background-type":"","background-media":"","overlay-type":"","overlay-color":"","overlay-opacity":"","overlay-gradient":""},"mobile":{"background-color":"var(--ast-global-color-5)","background-image":"","background-repeat":"repeat","background-position":"center center","background-size":"auto","background-attachment":"scroll","background-type":"","background-media":"","overlay-type":"","overlay-color":"","overlay-opacity":"","overlay-gradient":""}}},"product_brand":[],"product_cat":[34225],"product_tag":[],"pa_brand_name":[25035],"class_list":{"0":"post-121164","1":"product","2":"type-product","3":"status-publish","4":"has-post-thumbnail","6":"product_cat-summer-tires-pv","7":"pa_brand_name-continental","8":"desktop-align-left","9":"tablet-align-left","10":"mobile-align-left","12":"first","13":"outofstock","14":"taxable","15":"shipping-taxable","16":"purchasable","17":"product-type-simple"},"_links":{"self":[{"href":"https:\/\/shop.rettum.ee\/en\/wp-json\/wp\/v2\/product\/121164","targetHints":{"allow":["GET"]}}],"collection":[{"href":"https:\/\/shop.rettum.ee\/en\/wp-json\/wp\/v2\/product"}],"about":[{"href":"https:\/\/shop.rettum.ee\/en\/wp-json\/wp\/v2\/types\/product"}],"version-history":[{"count":1,"href":"https:\/\/shop.rettum.ee\/en\/wp-json\/wp\/v2\/product\/121164\/revisions"}],"predecessor-version":[{"id":125432,"href":"https:\/\/shop.rettum.ee\/en\/wp-json\/wp\/v2\/product\/121164\/revisions\/125432"}],"wp:featuredmedia":[{"embeddable":true,"href":"https:\/\/shop.rettum.ee\/en\/wp-json\/wp\/v2\/media\/124863"}],"wp:attachment":[{"href":"https:\/\/shop.rettum.ee\/en\/wp-json\/wp\/v2\/media?parent=121164"}],"wp:term":[{"taxonomy":"product_brand","embeddable":true,"href":"https:\/\/shop.rettum.ee\/en\/wp-json\/wp\/v2\/product_brand?post=121164"},{"taxonomy":"product_cat","embeddable":true,"href":"https:\/\/shop.rettum.ee\/en\/wp-json\/wp\/v2\/product_cat?post=121164"},{"taxonomy":"product_tag","embeddable":true,"href":"https:\/\/shop.rettum.ee\/en\/wp-json\/wp\/v2\/product_tag?post=121164"},{"taxonomy":"pa_brand_name","embeddable":true,"href":"https:\/\/shop.rettum.ee\/en\/wp-json\/wp\/v2\/pa_brand_name?post=121164"}],"curies":[{"name":"wp","href":"https:\/\/api.w.org\/{rel}","templated":true}]}}