{"id":121166,"date":"2025-03-31T03:11:03","date_gmt":"2025-03-31T00:11:03","guid":{"rendered":"https:\/\/shop.rettum.ee\/toode\/285-40r23-continental-sportcontact-7-111y-xl-fr-cab75\/"},"modified":"2026-03-22T03:07:27","modified_gmt":"2026-03-22T01:07:27","slug":"285-40r23-continental-sportcontact-7-111y-xl-fr-cab75","status":"publish","type":"product","link":"https:\/\/shop.rettum.ee\/en\/product\/285-40r23-continental-sportcontact-7-111y-xl-fr-cab75\/","title":{"rendered":"285\/40R23 CONTINENTAL SPORTCONTACT 7 111Y XL FR CAB75"},"content":{"rendered":"<p>Kontinentaalne Continental SportContact 7 285\/40R23 on k\u00f5rgj\u00f5udlusega suverehvid, mis on loodud sportlikele s\u00f5idukitele ja n\u00f5udlikele juhijatele. Nende uuenduslik disain ja tipptasemel tehnoloogia tagavad erakordse haardumise nii kuival kui ka m\u00e4rjal teel, v\u00f5imaldades kiiret ja t\u00e4pset reageerimist ka ekstreemsetes s\u00f5iduoludes. XL versioon koos 111Y kiirusklassiga tagab lisakoormuse taluvuse ning kindla ja s\u00e4ilitatud stabiilsuse k\u00f5rgetel kiirustel. Ratta m\u00f5\u00f5t 285\/40R23 sobib ideaalselt suurematele, j\u00f5ulistele autodele, pakkudes maksimaalset kontaktpinda ning langetatud veeretakistust, mis omakorda aitab kaasa k\u00fctuses\u00e4\u00e4stule. FR CAB75 tehnoloogia lisab rehvile veelgi mitmek\u00fclgsust ja usaldusv\u00e4\u00e4rsust, muutes selle sobivaks nii igap\u00e4evaseks s\u00f5iduks kui ka n\u00f5udvale s\u00f5iduomadusele. Vali Continental SportContact 7, et kogeda \u00fclimat s\u00f5idunautlust ja turvalisust igas olukorras.<\/p>","protected":false},"excerpt":{"rendered":"<p>Kontinentaalne Continental SportContact 7 285\/40R23 on k\u00f5rgj\u00f5udlusega suverehvid, mis on loodud sportlikele s\u00f5idukitele ja n\u00f5udlikele juhijatele. Nende uuenduslik disain ja tipptasemel tehnoloogia tagavad erakordse haardumise nii kuival kui ka m\u00e4rjal teel, v\u00f5imaldades kiiret ja t\u00e4pset reageerimist ka ekstreemsetes s\u00f5iduoludes. XL versioon koos 111Y kiirusklassiga tagab lisakoormuse taluvuse ning kindla ja s\u00e4ilitatud stabiilsuse k\u00f5rgetel kiirustel. Ratta [&hellip;]<\/p>\n","protected":false},"featured_media":124863,"template":"","meta":{"site-sidebar-layout":"default","site-content-layout":"","ast-site-content-layout":"","site-content-style":"default","site-sidebar-style":"default","ast-global-header-display":"","ast-banner-title-visibility":"","ast-main-header-display":"","ast-hfb-above-header-display":"","ast-hfb-below-header-display":"","ast-hfb-mobile-header-display":"","site-post-title":"","ast-breadcrumbs-content":"","ast-featured-img":"","footer-sml-layout":"","theme-transparent-header-meta":"","adv-header-id-meta":"","stick-header-meta":"","header-above-stick-meta":"","header-main-stick-meta":"","header-below-stick-meta":"","astra-migrate-meta-layouts":"default","ast-page-background-enabled":"default","ast-page-background-meta":{"desktop":{"background-color":"","background-image":"","background-repeat":"repeat","background-position":"center center","background-size":"auto","background-attachment":"scroll","background-type":"","background-media":"","overlay-type":"","overlay-color":"","overlay-opacity":"","overlay-gradient":""},"tablet":{"background-color":"","background-image":"","background-repeat":"repeat","background-position":"center center","background-size":"auto","background-attachment":"scroll","background-type":"","background-media":"","overlay-type":"","overlay-color":"","overlay-opacity":"","overlay-gradient":""},"mobile":{"background-color":"","background-image":"","background-repeat":"repeat","background-position":"center center","background-size":"auto","background-attachment":"scroll","background-type":"","background-media":"","overlay-type":"","overlay-color":"","overlay-opacity":"","overlay-gradient":""}},"ast-content-background-meta":{"desktop":{"background-color":"var(--ast-global-color-5)","background-image":"","background-repeat":"repeat","background-position":"center center","background-size":"auto","background-attachment":"scroll","background-type":"","background-media":"","overlay-type":"","overlay-color":"","overlay-opacity":"","overlay-gradient":""},"tablet":{"background-color":"var(--ast-global-color-5)","background-image":"","background-repeat":"repeat","background-position":"center center","background-size":"auto","background-attachment":"scroll","background-type":"","background-media":"","overlay-type":"","overlay-color":"","overlay-opacity":"","overlay-gradient":""},"mobile":{"background-color":"var(--ast-global-color-5)","background-image":"","background-repeat":"repeat","background-position":"center center","background-size":"auto","background-attachment":"scroll","background-type":"","background-media":"","overlay-type":"","overlay-color":"","overlay-opacity":"","overlay-gradient":""}}},"product_brand":[],"product_cat":[34225],"product_tag":[],"pa_brand_name":[25035],"class_list":{"0":"post-121166","1":"product","2":"type-product","3":"status-publish","4":"has-post-thumbnail","6":"product_cat-summer-tires-pv","7":"pa_brand_name-continental","8":"desktop-align-left","9":"tablet-align-left","10":"mobile-align-left","12":"first","13":"outofstock","14":"taxable","15":"shipping-taxable","16":"purchasable","17":"product-type-simple"},"_links":{"self":[{"href":"https:\/\/shop.rettum.ee\/en\/wp-json\/wp\/v2\/product\/121166","targetHints":{"allow":["GET"]}}],"collection":[{"href":"https:\/\/shop.rettum.ee\/en\/wp-json\/wp\/v2\/product"}],"about":[{"href":"https:\/\/shop.rettum.ee\/en\/wp-json\/wp\/v2\/types\/product"}],"version-history":[{"count":1,"href":"https:\/\/shop.rettum.ee\/en\/wp-json\/wp\/v2\/product\/121166\/revisions"}],"predecessor-version":[{"id":125429,"href":"https:\/\/shop.rettum.ee\/en\/wp-json\/wp\/v2\/product\/121166\/revisions\/125429"}],"wp:featuredmedia":[{"embeddable":true,"href":"https:\/\/shop.rettum.ee\/en\/wp-json\/wp\/v2\/media\/124863"}],"wp:attachment":[{"href":"https:\/\/shop.rettum.ee\/en\/wp-json\/wp\/v2\/media?parent=121166"}],"wp:term":[{"taxonomy":"product_brand","embeddable":true,"href":"https:\/\/shop.rettum.ee\/en\/wp-json\/wp\/v2\/product_brand?post=121166"},{"taxonomy":"product_cat","embeddable":true,"href":"https:\/\/shop.rettum.ee\/en\/wp-json\/wp\/v2\/product_cat?post=121166"},{"taxonomy":"product_tag","embeddable":true,"href":"https:\/\/shop.rettum.ee\/en\/wp-json\/wp\/v2\/product_tag?post=121166"},{"taxonomy":"pa_brand_name","embeddable":true,"href":"https:\/\/shop.rettum.ee\/en\/wp-json\/wp\/v2\/pa_brand_name?post=121166"}],"curies":[{"name":"wp","href":"https:\/\/api.w.org\/{rel}","templated":true}]}}