{"id":121167,"date":"2025-03-31T03:11:04","date_gmt":"2025-03-31T00:11:04","guid":{"rendered":"https:\/\/shop.rettum.ee\/toode\/245-45r19-continental-ecocontact-6q-102v-xl-fr-abb71\/"},"modified":"2026-02-12T02:45:31","modified_gmt":"2026-02-12T00:45:31","slug":"245-45r19-continental-ecocontact-6q-102v-xl-fr-abb71","status":"publish","type":"product","link":"https:\/\/shop.rettum.ee\/en\/product\/245-45r19-continental-ecocontact-6q-102v-xl-fr-abb71\/","title":{"rendered":"245\/45R19 CONTINENTAL ECOCONTACT 6Q 102V XL FR ABB71"},"content":{"rendered":"<p>Continental ECOCONTACT 6Q 102V XL FR ABB71 on tipptasemel rehv, mis on loodud pakkuma maksimaalset j\u00f5udlust ja ohutust igas s\u00f5idutingimuses. Selle rehvi m\u00f5\u00f5tmed 245\/45R19 tagavad suurep\u00e4rase stabiilsuse ja t\u00e4pse juhitavuse nii kiiretele maanteedele kui ka linnat\u00e4navatele. XL-m\u00e4rgiga versioon t\u00e4hendab k\u00f5rgendatud koormuskindlust, v\u00f5imaldades s\u00f5ita kindlalt ka raskema koormusega s\u00f5idukitega.<\/p>\n<p>Rehvi 102 koormusarv ja V kiirusindeks kinnitavad selle suutlikkust p\u00fcsida usaldusv\u00e4\u00e4rsena ka n\u00f5udlikumates s\u00f5idutingimustes, pakkudes samal ajal optimaalseid s\u00f5iduomadusi. T\u00e4nu innovaatilisele l\u00f6\u00f6gpildi kujundusele ja madalale veeretakistusele aitab ECOCONTACT 6Q kaasa k\u00fctuses\u00e4\u00e4stlikule ja keskkonnas\u00f5bralikule s\u00f5idule, v\u00e4hendades samal ajal CO\u2082 heitkoguseid.<\/p>\n<p>Valmistatud Continental\u2019i seadmistest ja k\u00f5rgetest standarditest l\u00e4htuvalt, tagab see rehv pika eluea, suurep\u00e4rase haarduvuse nii kuival kui niiskel pinnal ja \u00fclimalt mugava s\u00f5idukogemuse. Continental ECOCONTACT 6Q 102V XL FR ABB71 on ideaalne valik neile, kes hindavad ohutust, majanduslikkust ja tipptasemel s\u00f5iduomadusi.<\/p>","protected":false},"excerpt":{"rendered":"<p>Continental ECOCONTACT 6Q 102V XL FR ABB71 on tipptasemel rehv, mis on loodud pakkuma maksimaalset j\u00f5udlust ja ohutust igas s\u00f5idutingimuses. Selle rehvi m\u00f5\u00f5tmed 245\/45R19 tagavad suurep\u00e4rase stabiilsuse ja t\u00e4pse juhitavuse nii kiiretele maanteedele kui ka linnat\u00e4navatele. XL-m\u00e4rgiga versioon t\u00e4hendab k\u00f5rgendatud koormuskindlust, v\u00f5imaldades s\u00f5ita kindlalt ka raskema koormusega s\u00f5idukitega. Rehvi 102 koormusarv ja V kiirusindeks kinnitavad [&hellip;]<\/p>\n","protected":false},"featured_media":124225,"template":"","meta":{"site-sidebar-layout":"default","site-content-layout":"","ast-site-content-layout":"","site-content-style":"default","site-sidebar-style":"default","ast-global-header-display":"","ast-banner-title-visibility":"","ast-main-header-display":"","ast-hfb-above-header-display":"","ast-hfb-below-header-display":"","ast-hfb-mobile-header-display":"","site-post-title":"","ast-breadcrumbs-content":"","ast-featured-img":"","footer-sml-layout":"","theme-transparent-header-meta":"","adv-header-id-meta":"","stick-header-meta":"","header-above-stick-meta":"","header-main-stick-meta":"","header-below-stick-meta":"","astra-migrate-meta-layouts":"default","ast-page-background-enabled":"default","ast-page-background-meta":{"desktop":{"background-color":"","background-image":"","background-repeat":"repeat","background-position":"center center","background-size":"auto","background-attachment":"scroll","background-type":"","background-media":"","overlay-type":"","overlay-color":"","overlay-opacity":"","overlay-gradient":""},"tablet":{"background-color":"","background-image":"","background-repeat":"repeat","background-position":"center center","background-size":"auto","background-attachment":"scroll","background-type":"","background-media":"","overlay-type":"","overlay-color":"","overlay-opacity":"","overlay-gradient":""},"mobile":{"background-color":"","background-image":"","background-repeat":"repeat","background-position":"center center","background-size":"auto","background-attachment":"scroll","background-type":"","background-media":"","overlay-type":"","overlay-color":"","overlay-opacity":"","overlay-gradient":""}},"ast-content-background-meta":{"desktop":{"background-color":"var(--ast-global-color-5)","background-image":"","background-repeat":"repeat","background-position":"center center","background-size":"auto","background-attachment":"scroll","background-type":"","background-media":"","overlay-type":"","overlay-color":"","overlay-opacity":"","overlay-gradient":""},"tablet":{"background-color":"var(--ast-global-color-5)","background-image":"","background-repeat":"repeat","background-position":"center center","background-size":"auto","background-attachment":"scroll","background-type":"","background-media":"","overlay-type":"","overlay-color":"","overlay-opacity":"","overlay-gradient":""},"mobile":{"background-color":"var(--ast-global-color-5)","background-image":"","background-repeat":"repeat","background-position":"center center","background-size":"auto","background-attachment":"scroll","background-type":"","background-media":"","overlay-type":"","overlay-color":"","overlay-opacity":"","overlay-gradient":""}}},"product_brand":[],"product_cat":[34225],"product_tag":[],"pa_brand_name":[25035],"class_list":{"0":"post-121167","1":"product","2":"type-product","3":"status-publish","4":"has-post-thumbnail","6":"product_cat-summer-tires-pv","7":"pa_brand_name-continental","8":"desktop-align-left","9":"tablet-align-left","10":"mobile-align-left","12":"first","13":"outofstock","14":"taxable","15":"shipping-taxable","16":"purchasable","17":"product-type-simple"},"_links":{"self":[{"href":"https:\/\/shop.rettum.ee\/en\/wp-json\/wp\/v2\/product\/121167","targetHints":{"allow":["GET"]}}],"collection":[{"href":"https:\/\/shop.rettum.ee\/en\/wp-json\/wp\/v2\/product"}],"about":[{"href":"https:\/\/shop.rettum.ee\/en\/wp-json\/wp\/v2\/types\/product"}],"version-history":[{"count":1,"href":"https:\/\/shop.rettum.ee\/en\/wp-json\/wp\/v2\/product\/121167\/revisions"}],"predecessor-version":[{"id":125426,"href":"https:\/\/shop.rettum.ee\/en\/wp-json\/wp\/v2\/product\/121167\/revisions\/125426"}],"wp:featuredmedia":[{"embeddable":true,"href":"https:\/\/shop.rettum.ee\/en\/wp-json\/wp\/v2\/media\/124225"}],"wp:attachment":[{"href":"https:\/\/shop.rettum.ee\/en\/wp-json\/wp\/v2\/media?parent=121167"}],"wp:term":[{"taxonomy":"product_brand","embeddable":true,"href":"https:\/\/shop.rettum.ee\/en\/wp-json\/wp\/v2\/product_brand?post=121167"},{"taxonomy":"product_cat","embeddable":true,"href":"https:\/\/shop.rettum.ee\/en\/wp-json\/wp\/v2\/product_cat?post=121167"},{"taxonomy":"product_tag","embeddable":true,"href":"https:\/\/shop.rettum.ee\/en\/wp-json\/wp\/v2\/product_tag?post=121167"},{"taxonomy":"pa_brand_name","embeddable":true,"href":"https:\/\/shop.rettum.ee\/en\/wp-json\/wp\/v2\/pa_brand_name?post=121167"}],"curies":[{"name":"wp","href":"https:\/\/api.w.org\/{rel}","templated":true}]}}