{"id":121169,"date":"2025-03-31T03:11:05","date_gmt":"2025-03-31T00:11:05","guid":{"rendered":"https:\/\/shop.rettum.ee\/toode\/255-45r19-continental-ecocontact-6q-100t-seal-inside-aab72\/"},"modified":"2026-03-26T02:48:33","modified_gmt":"2026-03-26T00:48:33","slug":"255-45r19-continental-ecocontact-6q-100t-seal-inside-aab72","status":"publish","type":"product","link":"https:\/\/shop.rettum.ee\/en\/product\/255-45r19-continental-ecocontact-6q-100t-seal-inside-aab72\/","title":{"rendered":"255\/45R19 CONTINENTAL ECOCONTACT 6Q 100T (+) Seal Inside AAB72"},"content":{"rendered":"<p>Continental ECOCONTACT 6Q on innovatiivne rehvimudel, mis \u00fchendab sportlikkuse, efektiivsuse ja ohutuse \u00fclimalt h\u00e4sti. Rehvi m\u00f5\u00f5tmed 255\/45R19 tagavad suurep\u00e4rase haarduvuse ka keerulistel teedel, pakkudes kindlat juhitavust nii kuival kui m\u00e4rjal pinnal. 100T kiirusindeks viitab rehvi v\u00f5imele toetada kiiremat s\u00f5itu, muutes selle ideaalseks valikuks autojuhtidele, kes soovivad d\u00fcnaamilist ja turvalist s\u00f5idukogemust.<\/p>\n<p>Eriti silmapaistev on Seal Inside tehnoloogia, mis suudab automaatselt tihendada v\u00e4iksemaid l\u00e4bistusi, v\u00e4hendades ohtu rehvi j\u00e4rsu \u00f5hukaotuse korral. See uuenduslik lahendus muudab Continental ECOCONTACT 6Q usaldusv\u00e4\u00e4rseks partneriks igap\u00e4evases s\u00f5iduolukorras, pakkudes lisakaitset ja muretut s\u00f5itu.<\/p>\n<p>ECOCONTACT 6Q rehvid on loodud minimaliseerima rullaheitlust, aidates seel\u00e4bi kaasa k\u00fctuses\u00e4\u00e4stlikkusele ja v\u00e4hendades keskkonnajalaj\u00e4lge. Valides selle Continental rehvi, investeerid kvaliteeti, vastupidavusse ja t\u00e4nap\u00e4evasesse disaini, mis on loodud pakkuma maksimaalset s\u00f5idumugavust ja turvalisust igal teel.<\/p>","protected":false},"excerpt":{"rendered":"<p>Continental ECOCONTACT 6Q on innovatiivne rehvimudel, mis \u00fchendab sportlikkuse, efektiivsuse ja ohutuse \u00fclimalt h\u00e4sti. Rehvi m\u00f5\u00f5tmed 255\/45R19 tagavad suurep\u00e4rase haarduvuse ka keerulistel teedel, pakkudes kindlat juhitavust nii kuival kui m\u00e4rjal pinnal. 100T kiirusindeks viitab rehvi v\u00f5imele toetada kiiremat s\u00f5itu, muutes selle ideaalseks valikuks autojuhtidele, kes soovivad d\u00fcnaamilist ja turvalist s\u00f5idukogemust. Eriti silmapaistev on Seal Inside [&hellip;]<\/p>\n","protected":false},"featured_media":124225,"template":"","meta":{"site-sidebar-layout":"default","site-content-layout":"","ast-site-content-layout":"","site-content-style":"default","site-sidebar-style":"default","ast-global-header-display":"","ast-banner-title-visibility":"","ast-main-header-display":"","ast-hfb-above-header-display":"","ast-hfb-below-header-display":"","ast-hfb-mobile-header-display":"","site-post-title":"","ast-breadcrumbs-content":"","ast-featured-img":"","footer-sml-layout":"","theme-transparent-header-meta":"","adv-header-id-meta":"","stick-header-meta":"","header-above-stick-meta":"","header-main-stick-meta":"","header-below-stick-meta":"","astra-migrate-meta-layouts":"default","ast-page-background-enabled":"default","ast-page-background-meta":{"desktop":{"background-color":"","background-image":"","background-repeat":"repeat","background-position":"center center","background-size":"auto","background-attachment":"scroll","background-type":"","background-media":"","overlay-type":"","overlay-color":"","overlay-opacity":"","overlay-gradient":""},"tablet":{"background-color":"","background-image":"","background-repeat":"repeat","background-position":"center center","background-size":"auto","background-attachment":"scroll","background-type":"","background-media":"","overlay-type":"","overlay-color":"","overlay-opacity":"","overlay-gradient":""},"mobile":{"background-color":"","background-image":"","background-repeat":"repeat","background-position":"center center","background-size":"auto","background-attachment":"scroll","background-type":"","background-media":"","overlay-type":"","overlay-color":"","overlay-opacity":"","overlay-gradient":""}},"ast-content-background-meta":{"desktop":{"background-color":"var(--ast-global-color-5)","background-image":"","background-repeat":"repeat","background-position":"center center","background-size":"auto","background-attachment":"scroll","background-type":"","background-media":"","overlay-type":"","overlay-color":"","overlay-opacity":"","overlay-gradient":""},"tablet":{"background-color":"var(--ast-global-color-5)","background-image":"","background-repeat":"repeat","background-position":"center center","background-size":"auto","background-attachment":"scroll","background-type":"","background-media":"","overlay-type":"","overlay-color":"","overlay-opacity":"","overlay-gradient":""},"mobile":{"background-color":"var(--ast-global-color-5)","background-image":"","background-repeat":"repeat","background-position":"center center","background-size":"auto","background-attachment":"scroll","background-type":"","background-media":"","overlay-type":"","overlay-color":"","overlay-opacity":"","overlay-gradient":""}}},"product_brand":[],"product_cat":[34225],"product_tag":[],"pa_brand_name":[25035],"class_list":{"0":"post-121169","1":"product","2":"type-product","3":"status-publish","4":"has-post-thumbnail","6":"product_cat-summer-tires-pv","7":"pa_brand_name-continental","8":"desktop-align-left","9":"tablet-align-left","10":"mobile-align-left","12":"first","13":"instock","14":"taxable","15":"shipping-taxable","16":"purchasable","17":"product-type-simple"},"_links":{"self":[{"href":"https:\/\/shop.rettum.ee\/en\/wp-json\/wp\/v2\/product\/121169","targetHints":{"allow":["GET"]}}],"collection":[{"href":"https:\/\/shop.rettum.ee\/en\/wp-json\/wp\/v2\/product"}],"about":[{"href":"https:\/\/shop.rettum.ee\/en\/wp-json\/wp\/v2\/types\/product"}],"version-history":[{"count":1,"href":"https:\/\/shop.rettum.ee\/en\/wp-json\/wp\/v2\/product\/121169\/revisions"}],"predecessor-version":[{"id":125425,"href":"https:\/\/shop.rettum.ee\/en\/wp-json\/wp\/v2\/product\/121169\/revisions\/125425"}],"wp:featuredmedia":[{"embeddable":true,"href":"https:\/\/shop.rettum.ee\/en\/wp-json\/wp\/v2\/media\/124225"}],"wp:attachment":[{"href":"https:\/\/shop.rettum.ee\/en\/wp-json\/wp\/v2\/media?parent=121169"}],"wp:term":[{"taxonomy":"product_brand","embeddable":true,"href":"https:\/\/shop.rettum.ee\/en\/wp-json\/wp\/v2\/product_brand?post=121169"},{"taxonomy":"product_cat","embeddable":true,"href":"https:\/\/shop.rettum.ee\/en\/wp-json\/wp\/v2\/product_cat?post=121169"},{"taxonomy":"product_tag","embeddable":true,"href":"https:\/\/shop.rettum.ee\/en\/wp-json\/wp\/v2\/product_tag?post=121169"},{"taxonomy":"pa_brand_name","embeddable":true,"href":"https:\/\/shop.rettum.ee\/en\/wp-json\/wp\/v2\/pa_brand_name?post=121169"}],"curies":[{"name":"wp","href":"https:\/\/api.w.org\/{rel}","templated":true}]}}