{"id":121171,"date":"2025-03-31T03:11:07","date_gmt":"2025-03-31T00:11:07","guid":{"rendered":"https:\/\/shop.rettum.ee\/toode\/245-35r20-continental-ecocontact-6q-95y-xl-mo-aba69\/"},"modified":"2026-03-22T03:07:28","modified_gmt":"2026-03-22T01:07:28","slug":"245-35r20-continental-ecocontact-6q-95y-xl-mo-aba69","status":"publish","type":"product","link":"https:\/\/shop.rettum.ee\/en\/product\/245-35r20-continental-ecocontact-6q-95y-xl-mo-aba69\/","title":{"rendered":"245\/35R20 CONTINENTAL ECOCONTACT 6Q 95Y XL MO ABA69"},"content":{"rendered":"<p>Continental ECOCONTACT 6Q rehvi m\u00f5\u00f5t on 245\/35R20, pakkudes suurep\u00e4rast kombinatsiooni sportlikust disainist ja \u00f6konoomsusest. Rehvi koormusn\u00e4itaja on 95, kiirusindeks Y tagab kindla ja stabiilse s\u00f5idu k\u00f5rgetel kiirustel. XL klassi rehvinaid on loodud intensiivsema kasutamise jaoks, pakkudes suuremat koormustaluvust ja vastupidavust.<\/p>\n<p>ECOCONTACT 6Q tehnoloogia keskendub madala veeretakistusega ja optimeeritud niiske j\u00e4tgiv\u00f5ime saavutamisele, mis tagab parima v\u00f5imaliku k\u00fctuses\u00e4\u00e4stlikkuse ja suurema s\u00f5iduturvalisuse ka n\u00f5rga ilmaga. Rehvi disain lahendab nutikalt kompromissid j\u00f5udluse, tagajuhitavuse ja \u00f6konoomia vahel, muutes selle sobivaks s\u00f5iduautodele, pakkudes kindlat haardumist nii kuivadel kui ka m\u00e4rgadel teedel.<\/p>\n<p>Kvaliteetne Continental valmistus ja uuenduslik disain annavad s\u00f5idukile lisaturvalisust ja -stabiilsust, muutes ECOCONTACT 6Q ideaalseks valikuks neile, kes hindavad nii sportlikku j\u00f5udlust kui ka muretut s\u00f5idukogemust.<\/p>","protected":false},"excerpt":{"rendered":"<p>Continental ECOCONTACT 6Q rehvi m\u00f5\u00f5t on 245\/35R20, pakkudes suurep\u00e4rast kombinatsiooni sportlikust disainist ja \u00f6konoomsusest. Rehvi koormusn\u00e4itaja on 95, kiirusindeks Y tagab kindla ja stabiilse s\u00f5idu k\u00f5rgetel kiirustel. XL klassi rehvinaid on loodud intensiivsema kasutamise jaoks, pakkudes suuremat koormustaluvust ja vastupidavust. ECOCONTACT 6Q tehnoloogia keskendub madala veeretakistusega ja optimeeritud niiske j\u00e4tgiv\u00f5ime saavutamisele, mis tagab parima v\u00f5imaliku [&hellip;]<\/p>\n","protected":false},"featured_media":124225,"template":"","meta":{"site-sidebar-layout":"default","site-content-layout":"","ast-site-content-layout":"","site-content-style":"default","site-sidebar-style":"default","ast-global-header-display":"","ast-banner-title-visibility":"","ast-main-header-display":"","ast-hfb-above-header-display":"","ast-hfb-below-header-display":"","ast-hfb-mobile-header-display":"","site-post-title":"","ast-breadcrumbs-content":"","ast-featured-img":"","footer-sml-layout":"","theme-transparent-header-meta":"","adv-header-id-meta":"","stick-header-meta":"","header-above-stick-meta":"","header-main-stick-meta":"","header-below-stick-meta":"","astra-migrate-meta-layouts":"default","ast-page-background-enabled":"default","ast-page-background-meta":{"desktop":{"background-color":"","background-image":"","background-repeat":"repeat","background-position":"center center","background-size":"auto","background-attachment":"scroll","background-type":"","background-media":"","overlay-type":"","overlay-color":"","overlay-opacity":"","overlay-gradient":""},"tablet":{"background-color":"","background-image":"","background-repeat":"repeat","background-position":"center center","background-size":"auto","background-attachment":"scroll","background-type":"","background-media":"","overlay-type":"","overlay-color":"","overlay-opacity":"","overlay-gradient":""},"mobile":{"background-color":"","background-image":"","background-repeat":"repeat","background-position":"center center","background-size":"auto","background-attachment":"scroll","background-type":"","background-media":"","overlay-type":"","overlay-color":"","overlay-opacity":"","overlay-gradient":""}},"ast-content-background-meta":{"desktop":{"background-color":"var(--ast-global-color-5)","background-image":"","background-repeat":"repeat","background-position":"center center","background-size":"auto","background-attachment":"scroll","background-type":"","background-media":"","overlay-type":"","overlay-color":"","overlay-opacity":"","overlay-gradient":""},"tablet":{"background-color":"var(--ast-global-color-5)","background-image":"","background-repeat":"repeat","background-position":"center center","background-size":"auto","background-attachment":"scroll","background-type":"","background-media":"","overlay-type":"","overlay-color":"","overlay-opacity":"","overlay-gradient":""},"mobile":{"background-color":"var(--ast-global-color-5)","background-image":"","background-repeat":"repeat","background-position":"center center","background-size":"auto","background-attachment":"scroll","background-type":"","background-media":"","overlay-type":"","overlay-color":"","overlay-opacity":"","overlay-gradient":""}}},"product_brand":[],"product_cat":[34225],"product_tag":[],"pa_brand_name":[25035],"class_list":{"0":"post-121171","1":"product","2":"type-product","3":"status-publish","4":"has-post-thumbnail","6":"product_cat-summer-tires-pv","7":"pa_brand_name-continental","8":"desktop-align-left","9":"tablet-align-left","10":"mobile-align-left","12":"first","13":"outofstock","14":"taxable","15":"shipping-taxable","16":"purchasable","17":"product-type-simple"},"_links":{"self":[{"href":"https:\/\/shop.rettum.ee\/en\/wp-json\/wp\/v2\/product\/121171","targetHints":{"allow":["GET"]}}],"collection":[{"href":"https:\/\/shop.rettum.ee\/en\/wp-json\/wp\/v2\/product"}],"about":[{"href":"https:\/\/shop.rettum.ee\/en\/wp-json\/wp\/v2\/types\/product"}],"version-history":[{"count":1,"href":"https:\/\/shop.rettum.ee\/en\/wp-json\/wp\/v2\/product\/121171\/revisions"}],"predecessor-version":[{"id":125422,"href":"https:\/\/shop.rettum.ee\/en\/wp-json\/wp\/v2\/product\/121171\/revisions\/125422"}],"wp:featuredmedia":[{"embeddable":true,"href":"https:\/\/shop.rettum.ee\/en\/wp-json\/wp\/v2\/media\/124225"}],"wp:attachment":[{"href":"https:\/\/shop.rettum.ee\/en\/wp-json\/wp\/v2\/media?parent=121171"}],"wp:term":[{"taxonomy":"product_brand","embeddable":true,"href":"https:\/\/shop.rettum.ee\/en\/wp-json\/wp\/v2\/product_brand?post=121171"},{"taxonomy":"product_cat","embeddable":true,"href":"https:\/\/shop.rettum.ee\/en\/wp-json\/wp\/v2\/product_cat?post=121171"},{"taxonomy":"product_tag","embeddable":true,"href":"https:\/\/shop.rettum.ee\/en\/wp-json\/wp\/v2\/product_tag?post=121171"},{"taxonomy":"pa_brand_name","embeddable":true,"href":"https:\/\/shop.rettum.ee\/en\/wp-json\/wp\/v2\/pa_brand_name?post=121171"}],"curies":[{"name":"wp","href":"https:\/\/api.w.org\/{rel}","templated":true}]}}