{"id":121172,"date":"2025-03-31T03:11:07","date_gmt":"2025-03-31T00:11:07","guid":{"rendered":"https:\/\/shop.rettum.ee\/toode\/245-40r20-continental-ecocontact-6q-99v-xl-fr-abb71\/"},"modified":"2026-03-22T03:07:28","modified_gmt":"2026-03-22T01:07:28","slug":"245-40r20-continental-ecocontact-6q-99v-xl-fr-abb71","status":"publish","type":"product","link":"https:\/\/shop.rettum.ee\/en\/product\/245-40r20-continental-ecocontact-6q-99v-xl-fr-abb71\/","title":{"rendered":"245\/40R20 CONTINENTAL ECOCONTACT 6Q 99V XL FR ABB71"},"content":{"rendered":"<p>Continental EcoContact 6Q rehvikombinatsioon 245\/40R20 rehv, mudel ABB71, on disainitud pakkuma k\u00f5rgtasemel j\u00f5udlust ja ohutust ka k\u00f5ige n\u00f5udlikumates s\u00f5iduoludes. Rehvi innovatiivne kliiverajatis tagab optimaalse kontaktpinna nii kuivadel kui m\u00e4rgadel teedel, v\u00e4hendades veeretamisvastupanu ning parandades k\u00fctuses\u00e4\u00e4stlikkust. 99V indikaator vastab k\u00f5rgele koormusv\u00f5imele ning kiirusklass V v\u00f5imaldab ohutut s\u00f5itu kuni 240 km\/h tempoga, samas kui XL lisaindeks kindlustab lisatugevuse ja vastupidavuse. <\/p>\n<p>EcoContact 6Q tehnoloogia keskendub keskkonnas\u00f5bralikkusele ja madalama CO2 emissiooniga s\u00f5idukogemusele, pakkudes s\u00f5idule pikemat eluea ja stabiilsust. See rehv sobib ideaalselt sportlike ja suurte j\u00f5udude n\u00f5udvaid s\u00f5idukeid, tagades maksimaalse haarduvuse ning l\u00fchema pidurdusmatka. Continental EcoContact 6Q on usaldusv\u00e4\u00e4rne valik neile, kes hindavad tipptasemel kvaliteeti, turvalisust ja energias\u00e4\u00e4stu igal teekonnal.<\/p>","protected":false},"excerpt":{"rendered":"<p>Continental EcoContact 6Q rehvikombinatsioon 245\/40R20 rehv, mudel ABB71, on disainitud pakkuma k\u00f5rgtasemel j\u00f5udlust ja ohutust ka k\u00f5ige n\u00f5udlikumates s\u00f5iduoludes. Rehvi innovatiivne kliiverajatis tagab optimaalse kontaktpinna nii kuivadel kui m\u00e4rgadel teedel, v\u00e4hendades veeretamisvastupanu ning parandades k\u00fctuses\u00e4\u00e4stlikkust. 99V indikaator vastab k\u00f5rgele koormusv\u00f5imele ning kiirusklass V v\u00f5imaldab ohutut s\u00f5itu kuni 240 km\/h tempoga, samas kui XL lisaindeks kindlustab [&hellip;]<\/p>\n","protected":false},"featured_media":124225,"template":"","meta":{"site-sidebar-layout":"default","site-content-layout":"","ast-site-content-layout":"","site-content-style":"default","site-sidebar-style":"default","ast-global-header-display":"","ast-banner-title-visibility":"","ast-main-header-display":"","ast-hfb-above-header-display":"","ast-hfb-below-header-display":"","ast-hfb-mobile-header-display":"","site-post-title":"","ast-breadcrumbs-content":"","ast-featured-img":"","footer-sml-layout":"","theme-transparent-header-meta":"","adv-header-id-meta":"","stick-header-meta":"","header-above-stick-meta":"","header-main-stick-meta":"","header-below-stick-meta":"","astra-migrate-meta-layouts":"default","ast-page-background-enabled":"default","ast-page-background-meta":{"desktop":{"background-color":"","background-image":"","background-repeat":"repeat","background-position":"center center","background-size":"auto","background-attachment":"scroll","background-type":"","background-media":"","overlay-type":"","overlay-color":"","overlay-opacity":"","overlay-gradient":""},"tablet":{"background-color":"","background-image":"","background-repeat":"repeat","background-position":"center center","background-size":"auto","background-attachment":"scroll","background-type":"","background-media":"","overlay-type":"","overlay-color":"","overlay-opacity":"","overlay-gradient":""},"mobile":{"background-color":"","background-image":"","background-repeat":"repeat","background-position":"center center","background-size":"auto","background-attachment":"scroll","background-type":"","background-media":"","overlay-type":"","overlay-color":"","overlay-opacity":"","overlay-gradient":""}},"ast-content-background-meta":{"desktop":{"background-color":"var(--ast-global-color-5)","background-image":"","background-repeat":"repeat","background-position":"center center","background-size":"auto","background-attachment":"scroll","background-type":"","background-media":"","overlay-type":"","overlay-color":"","overlay-opacity":"","overlay-gradient":""},"tablet":{"background-color":"var(--ast-global-color-5)","background-image":"","background-repeat":"repeat","background-position":"center center","background-size":"auto","background-attachment":"scroll","background-type":"","background-media":"","overlay-type":"","overlay-color":"","overlay-opacity":"","overlay-gradient":""},"mobile":{"background-color":"var(--ast-global-color-5)","background-image":"","background-repeat":"repeat","background-position":"center center","background-size":"auto","background-attachment":"scroll","background-type":"","background-media":"","overlay-type":"","overlay-color":"","overlay-opacity":"","overlay-gradient":""}}},"product_brand":[],"product_cat":[34225],"product_tag":[],"pa_brand_name":[25035],"class_list":{"0":"post-121172","1":"product","2":"type-product","3":"status-publish","4":"has-post-thumbnail","6":"product_cat-summer-tires-pv","7":"pa_brand_name-continental","8":"desktop-align-left","9":"tablet-align-left","10":"mobile-align-left","12":"first","13":"outofstock","14":"taxable","15":"shipping-taxable","16":"purchasable","17":"product-type-simple"},"_links":{"self":[{"href":"https:\/\/shop.rettum.ee\/en\/wp-json\/wp\/v2\/product\/121172","targetHints":{"allow":["GET"]}}],"collection":[{"href":"https:\/\/shop.rettum.ee\/en\/wp-json\/wp\/v2\/product"}],"about":[{"href":"https:\/\/shop.rettum.ee\/en\/wp-json\/wp\/v2\/types\/product"}],"version-history":[{"count":1,"href":"https:\/\/shop.rettum.ee\/en\/wp-json\/wp\/v2\/product\/121172\/revisions"}],"predecessor-version":[{"id":125423,"href":"https:\/\/shop.rettum.ee\/en\/wp-json\/wp\/v2\/product\/121172\/revisions\/125423"}],"wp:featuredmedia":[{"embeddable":true,"href":"https:\/\/shop.rettum.ee\/en\/wp-json\/wp\/v2\/media\/124225"}],"wp:attachment":[{"href":"https:\/\/shop.rettum.ee\/en\/wp-json\/wp\/v2\/media?parent=121172"}],"wp:term":[{"taxonomy":"product_brand","embeddable":true,"href":"https:\/\/shop.rettum.ee\/en\/wp-json\/wp\/v2\/product_brand?post=121172"},{"taxonomy":"product_cat","embeddable":true,"href":"https:\/\/shop.rettum.ee\/en\/wp-json\/wp\/v2\/product_cat?post=121172"},{"taxonomy":"product_tag","embeddable":true,"href":"https:\/\/shop.rettum.ee\/en\/wp-json\/wp\/v2\/product_tag?post=121172"},{"taxonomy":"pa_brand_name","embeddable":true,"href":"https:\/\/shop.rettum.ee\/en\/wp-json\/wp\/v2\/pa_brand_name?post=121172"}],"curies":[{"name":"wp","href":"https:\/\/api.w.org\/{rel}","templated":true}]}}