{"id":121173,"date":"2025-03-31T03:11:08","date_gmt":"2025-03-31T00:11:08","guid":{"rendered":"https:\/\/shop.rettum.ee\/toode\/245-40r20-continental-ecocontact-6q-99y-xl-mo-fr-aba69\/"},"modified":"2026-03-25T02:47:22","modified_gmt":"2026-03-25T00:47:22","slug":"245-40r20-continental-ecocontact-6q-99y-xl-mo-fr-aba69","status":"publish","type":"product","link":"https:\/\/shop.rettum.ee\/en\/product\/245-40r20-continental-ecocontact-6q-99y-xl-mo-fr-aba69\/","title":{"rendered":"245\/40R20 CONTINENTAL ECOCONTACT 6Q 99Y XL (*) MO FR ABA69"},"content":{"rendered":"<p>Kontinentaalne Continental ECOCONTACT 6Q on tipptasemel rehvi lahendus, mis \u00fchendab sportliku d\u00fcnaamika ja keskkonnas\u00f5braliku j\u00f5udluse. Rehvivormingus 245\/40R20, XL-kaubam\u00e4rgiga ja 99Y kiirusindeksiga tagab see rehvt\u00fc\u00fcp optimaalse haarduvuse k\u00f5rgetel kiirustel ning suurenenud koormustaluvuse. <\/p>\n<p>ECOCONTACT 6Q disain on loodud pakkuma madalat veeretakistust, mis aitab v\u00e4hendada k\u00fctusekulu ja toetab s\u00f5idu j\u00e4tkusuutlikkust. Inoveeriv s\u00f5namuster parandab vee \u00e4ravoolu ning v\u00e4hendab aquaplaning\u2019u riski, pakkudes kindlat haaret nii kuivadel kui ka m\u00e4rgadel teedel. <\/p>\n<p>Lisaks praktilistele omadustele on Continental ECOCONTACT 6Q tuntud oma t\u00e4psete ning usaldusv\u00e4\u00e4rsete s\u00f5idum\u00f5jude poolest, mis muudavad selle ideaalseks valikuks autospordialadele ja igap\u00e4evaseks s\u00f5iduks. Rehv vastab ka rangetele ohutus- ja keskkonnastandarditele, pakkudes seel\u00e4bi nii k\u00f5rget j\u00f5udlus- kui ohutustaset. <\/p>\n<p>Valides Continental ECOCONTACT 6Q, v\u00f5etakse kasutusele kaasaegne inseneriteadus, tagades \u00fclim s\u00f5idumugavuse ja -turvalisuse igas olukorras.<\/p>","protected":false},"excerpt":{"rendered":"<p>Kontinentaalne Continental ECOCONTACT 6Q on tipptasemel rehvi lahendus, mis \u00fchendab sportliku d\u00fcnaamika ja keskkonnas\u00f5braliku j\u00f5udluse. Rehvivormingus 245\/40R20, XL-kaubam\u00e4rgiga ja 99Y kiirusindeksiga tagab see rehvt\u00fc\u00fcp optimaalse haarduvuse k\u00f5rgetel kiirustel ning suurenenud koormustaluvuse. ECOCONTACT 6Q disain on loodud pakkuma madalat veeretakistust, mis aitab v\u00e4hendada k\u00fctusekulu ja toetab s\u00f5idu j\u00e4tkusuutlikkust. Inoveeriv s\u00f5namuster parandab vee \u00e4ravoolu ning v\u00e4hendab aquaplaning\u2019u [&hellip;]<\/p>\n","protected":false},"featured_media":124225,"template":"","meta":{"site-sidebar-layout":"default","site-content-layout":"","ast-site-content-layout":"","site-content-style":"default","site-sidebar-style":"default","ast-global-header-display":"","ast-banner-title-visibility":"","ast-main-header-display":"","ast-hfb-above-header-display":"","ast-hfb-below-header-display":"","ast-hfb-mobile-header-display":"","site-post-title":"","ast-breadcrumbs-content":"","ast-featured-img":"","footer-sml-layout":"","theme-transparent-header-meta":"","adv-header-id-meta":"","stick-header-meta":"","header-above-stick-meta":"","header-main-stick-meta":"","header-below-stick-meta":"","astra-migrate-meta-layouts":"default","ast-page-background-enabled":"default","ast-page-background-meta":{"desktop":{"background-color":"","background-image":"","background-repeat":"repeat","background-position":"center center","background-size":"auto","background-attachment":"scroll","background-type":"","background-media":"","overlay-type":"","overlay-color":"","overlay-opacity":"","overlay-gradient":""},"tablet":{"background-color":"","background-image":"","background-repeat":"repeat","background-position":"center center","background-size":"auto","background-attachment":"scroll","background-type":"","background-media":"","overlay-type":"","overlay-color":"","overlay-opacity":"","overlay-gradient":""},"mobile":{"background-color":"","background-image":"","background-repeat":"repeat","background-position":"center center","background-size":"auto","background-attachment":"scroll","background-type":"","background-media":"","overlay-type":"","overlay-color":"","overlay-opacity":"","overlay-gradient":""}},"ast-content-background-meta":{"desktop":{"background-color":"var(--ast-global-color-5)","background-image":"","background-repeat":"repeat","background-position":"center center","background-size":"auto","background-attachment":"scroll","background-type":"","background-media":"","overlay-type":"","overlay-color":"","overlay-opacity":"","overlay-gradient":""},"tablet":{"background-color":"var(--ast-global-color-5)","background-image":"","background-repeat":"repeat","background-position":"center center","background-size":"auto","background-attachment":"scroll","background-type":"","background-media":"","overlay-type":"","overlay-color":"","overlay-opacity":"","overlay-gradient":""},"mobile":{"background-color":"var(--ast-global-color-5)","background-image":"","background-repeat":"repeat","background-position":"center center","background-size":"auto","background-attachment":"scroll","background-type":"","background-media":"","overlay-type":"","overlay-color":"","overlay-opacity":"","overlay-gradient":""}}},"product_brand":[],"product_cat":[34225],"product_tag":[],"pa_brand_name":[25035],"class_list":{"0":"post-121173","1":"product","2":"type-product","3":"status-publish","4":"has-post-thumbnail","6":"product_cat-summer-tires-pv","7":"pa_brand_name-continental","8":"desktop-align-left","9":"tablet-align-left","10":"mobile-align-left","12":"first","13":"instock","14":"taxable","15":"shipping-taxable","16":"purchasable","17":"product-type-simple"},"_links":{"self":[{"href":"https:\/\/shop.rettum.ee\/en\/wp-json\/wp\/v2\/product\/121173","targetHints":{"allow":["GET"]}}],"collection":[{"href":"https:\/\/shop.rettum.ee\/en\/wp-json\/wp\/v2\/product"}],"about":[{"href":"https:\/\/shop.rettum.ee\/en\/wp-json\/wp\/v2\/types\/product"}],"version-history":[{"count":1,"href":"https:\/\/shop.rettum.ee\/en\/wp-json\/wp\/v2\/product\/121173\/revisions"}],"predecessor-version":[{"id":125421,"href":"https:\/\/shop.rettum.ee\/en\/wp-json\/wp\/v2\/product\/121173\/revisions\/125421"}],"wp:featuredmedia":[{"embeddable":true,"href":"https:\/\/shop.rettum.ee\/en\/wp-json\/wp\/v2\/media\/124225"}],"wp:attachment":[{"href":"https:\/\/shop.rettum.ee\/en\/wp-json\/wp\/v2\/media?parent=121173"}],"wp:term":[{"taxonomy":"product_brand","embeddable":true,"href":"https:\/\/shop.rettum.ee\/en\/wp-json\/wp\/v2\/product_brand?post=121173"},{"taxonomy":"product_cat","embeddable":true,"href":"https:\/\/shop.rettum.ee\/en\/wp-json\/wp\/v2\/product_cat?post=121173"},{"taxonomy":"product_tag","embeddable":true,"href":"https:\/\/shop.rettum.ee\/en\/wp-json\/wp\/v2\/product_tag?post=121173"},{"taxonomy":"pa_brand_name","embeddable":true,"href":"https:\/\/shop.rettum.ee\/en\/wp-json\/wp\/v2\/pa_brand_name?post=121173"}],"curies":[{"name":"wp","href":"https:\/\/api.w.org\/{rel}","templated":true}]}}