{"id":121174,"date":"2025-03-31T03:11:09","date_gmt":"2025-03-31T00:11:09","guid":{"rendered":"https:\/\/shop.rettum.ee\/toode\/275-30r20-continental-ecocontact-6q-97y-xl-mo-aba69\/"},"modified":"2026-03-22T03:07:28","modified_gmt":"2026-03-22T01:07:28","slug":"275-30r20-continental-ecocontact-6q-97y-xl-mo-aba69","status":"publish","type":"product","link":"https:\/\/shop.rettum.ee\/en\/product\/275-30r20-continental-ecocontact-6q-97y-xl-mo-aba69\/","title":{"rendered":"275\/30R20 CONTINENTAL ECOCONTACT 6Q 97Y XL MO ABA69"},"content":{"rendered":"<p>275\/30R20 CONTINENTAL ECOCONTACT 6Q on suvised rehvid, mis on projekteeritud pakkuma k\u00f5rget j\u00f5udlust ja turvalisust nii kuivadel kui ka m\u00e4rgadel teedel. Rehvi m\u00f5\u00f5tmed ja disain on m\u00f5eldud sportlikele s\u00f5idukitele, tagades suurep\u00e4rase haarduvuse ja stabiilsuse igas s\u00f5idutingimustes. <\/p>\n<p>ECOCONTACT 6Q seeria r\u00f5hutab k\u00fctuses\u00e4\u00e4stlikkust t\u00e4nu optimeeritud rullimismustri disainile, mis v\u00e4hendab veeretakistust ja aitab seel\u00e4bi kaasa madalamale k\u00fctusekulu ning keskkonnas\u00f5bralikule s\u00f5idule. Rehvi kood 97Y annab teada, et see suudab toetada suurt koormust ning saavutada \u00fclimad kiirused, samal ajal pakkudes tugevat ja vastupidavat konstruksiooni. XL m\u00e4rgis t\u00e4hendab t\u00e4iendavat koormuskindlust, pakkudes s\u00f5idule veelgi suuremat stabiilsust ja kindlustunnet.<\/p>\n<p>TOBA69 kood viitab kvaliteedikontrollile ja standarditele, mida sellise innovaatilise rehvi valmistamisel j\u00e4rgiti. Continental ECOCONTACT 6Q pakub ideaalset lahendust auton\u00fcanssidele, kes hindavad sooritust, ohutust ja efektiivsust igal kilomeetril.<\/p>","protected":false},"excerpt":{"rendered":"<p>275\/30R20 CONTINENTAL ECOCONTACT 6Q on suvised rehvid, mis on projekteeritud pakkuma k\u00f5rget j\u00f5udlust ja turvalisust nii kuivadel kui ka m\u00e4rgadel teedel. Rehvi m\u00f5\u00f5tmed ja disain on m\u00f5eldud sportlikele s\u00f5idukitele, tagades suurep\u00e4rase haarduvuse ja stabiilsuse igas s\u00f5idutingimustes. ECOCONTACT 6Q seeria r\u00f5hutab k\u00fctuses\u00e4\u00e4stlikkust t\u00e4nu optimeeritud rullimismustri disainile, mis v\u00e4hendab veeretakistust ja aitab seel\u00e4bi kaasa madalamale k\u00fctusekulu ning [&hellip;]<\/p>\n","protected":false},"featured_media":124225,"template":"","meta":{"site-sidebar-layout":"default","site-content-layout":"","ast-site-content-layout":"","site-content-style":"default","site-sidebar-style":"default","ast-global-header-display":"","ast-banner-title-visibility":"","ast-main-header-display":"","ast-hfb-above-header-display":"","ast-hfb-below-header-display":"","ast-hfb-mobile-header-display":"","site-post-title":"","ast-breadcrumbs-content":"","ast-featured-img":"","footer-sml-layout":"","theme-transparent-header-meta":"","adv-header-id-meta":"","stick-header-meta":"","header-above-stick-meta":"","header-main-stick-meta":"","header-below-stick-meta":"","astra-migrate-meta-layouts":"default","ast-page-background-enabled":"default","ast-page-background-meta":{"desktop":{"background-color":"","background-image":"","background-repeat":"repeat","background-position":"center center","background-size":"auto","background-attachment":"scroll","background-type":"","background-media":"","overlay-type":"","overlay-color":"","overlay-opacity":"","overlay-gradient":""},"tablet":{"background-color":"","background-image":"","background-repeat":"repeat","background-position":"center center","background-size":"auto","background-attachment":"scroll","background-type":"","background-media":"","overlay-type":"","overlay-color":"","overlay-opacity":"","overlay-gradient":""},"mobile":{"background-color":"","background-image":"","background-repeat":"repeat","background-position":"center center","background-size":"auto","background-attachment":"scroll","background-type":"","background-media":"","overlay-type":"","overlay-color":"","overlay-opacity":"","overlay-gradient":""}},"ast-content-background-meta":{"desktop":{"background-color":"var(--ast-global-color-5)","background-image":"","background-repeat":"repeat","background-position":"center center","background-size":"auto","background-attachment":"scroll","background-type":"","background-media":"","overlay-type":"","overlay-color":"","overlay-opacity":"","overlay-gradient":""},"tablet":{"background-color":"var(--ast-global-color-5)","background-image":"","background-repeat":"repeat","background-position":"center center","background-size":"auto","background-attachment":"scroll","background-type":"","background-media":"","overlay-type":"","overlay-color":"","overlay-opacity":"","overlay-gradient":""},"mobile":{"background-color":"var(--ast-global-color-5)","background-image":"","background-repeat":"repeat","background-position":"center center","background-size":"auto","background-attachment":"scroll","background-type":"","background-media":"","overlay-type":"","overlay-color":"","overlay-opacity":"","overlay-gradient":""}}},"product_brand":[],"product_cat":[34225],"product_tag":[],"pa_brand_name":[25035],"class_list":{"0":"post-121174","1":"product","2":"type-product","3":"status-publish","4":"has-post-thumbnail","6":"product_cat-summer-tires-pv","7":"pa_brand_name-continental","8":"desktop-align-left","9":"tablet-align-left","10":"mobile-align-left","12":"first","13":"outofstock","14":"taxable","15":"shipping-taxable","16":"purchasable","17":"product-type-simple"},"_links":{"self":[{"href":"https:\/\/shop.rettum.ee\/en\/wp-json\/wp\/v2\/product\/121174","targetHints":{"allow":["GET"]}}],"collection":[{"href":"https:\/\/shop.rettum.ee\/en\/wp-json\/wp\/v2\/product"}],"about":[{"href":"https:\/\/shop.rettum.ee\/en\/wp-json\/wp\/v2\/types\/product"}],"version-history":[{"count":1,"href":"https:\/\/shop.rettum.ee\/en\/wp-json\/wp\/v2\/product\/121174\/revisions"}],"predecessor-version":[{"id":125420,"href":"https:\/\/shop.rettum.ee\/en\/wp-json\/wp\/v2\/product\/121174\/revisions\/125420"}],"wp:featuredmedia":[{"embeddable":true,"href":"https:\/\/shop.rettum.ee\/en\/wp-json\/wp\/v2\/media\/124225"}],"wp:attachment":[{"href":"https:\/\/shop.rettum.ee\/en\/wp-json\/wp\/v2\/media?parent=121174"}],"wp:term":[{"taxonomy":"product_brand","embeddable":true,"href":"https:\/\/shop.rettum.ee\/en\/wp-json\/wp\/v2\/product_brand?post=121174"},{"taxonomy":"product_cat","embeddable":true,"href":"https:\/\/shop.rettum.ee\/en\/wp-json\/wp\/v2\/product_cat?post=121174"},{"taxonomy":"product_tag","embeddable":true,"href":"https:\/\/shop.rettum.ee\/en\/wp-json\/wp\/v2\/product_tag?post=121174"},{"taxonomy":"pa_brand_name","embeddable":true,"href":"https:\/\/shop.rettum.ee\/en\/wp-json\/wp\/v2\/pa_brand_name?post=121174"}],"curies":[{"name":"wp","href":"https:\/\/api.w.org\/{rel}","templated":true}]}}